{"id":33629,"date":"2025-11-06T16:39:08","date_gmt":"2025-11-06T16:39:08","guid":{"rendered":"https:\/\/siulubangos.lt\/?post_type=product&#038;p=33629"},"modified":"2026-01-12T16:31:29","modified_gmt":"2026-01-12T14:31:29","slug":"tulpju-markieri-ar-zimogu-tulpes-4-krasas","status":"publish","type":"product","link":"https:\/\/siulubangos.lt\/lv\/parduotuve\/tulip-uzsegami-zymekliai-tulpes-iv-spalvu\/","title":{"rendered":"TULPES klik\u0161\u0137in\u0101mie mar\u0137ieri TULPES (ieskaitot kr\u0101sas)"},"content":{"rendered":"<h2>TULPES klik\u0161\u0137in\u0101mie mar\u0137ieri TULPES (ieskaitot kr\u0101sas)<\/h2>\n<p data-start=\"217\" data-end=\"502\">Tulip <strong data-start=\"223\" data-end=\"254\">\u201eTulpes\u201c mar\u0137ieri ar aizdari\u201c<\/strong> - ir stil\u012bgs un funkcion\u0101ls r\u012bks ad\u012bt\u0101j\u0101m, kas \u013cauj viegli atz\u012bm\u0113t valdzi\u0146us, rakstus vai ad\u012b\u0161anas sec\u012bbas. Katram mar\u0137ierim ir tulpes formas galvi\u0146a, kas ne tikai izskat\u0101s gl\u012bti, bet ar\u012b dro\u0161i turas uz dzijas un nesl\u012bd ad\u012b\u0161anas laik\u0101.<\/p>\n<p data-start=\"504\" data-end=\"737\">Mar\u0137ieri ir <strong data-start=\"518\" data-end=\"536\">da\u017e\u0101das kr\u0101sas<\/strong>, lai da\u017e\u0101d\u0101m raksta da\u013c\u0101m vai sec\u012bb\u0101m var\u0113tu izv\u0113l\u0113ties atsevi\u0161\u0137u kursora kr\u0101su. Tie ir viegli piestiprin\u0101mi un no\u0146emami, piem\u0113roti visiem dzijas biezumiem un gan ies\u0101c\u0113j\u0101m, gan pieredz\u0113ju\u0161\u0101m ad\u012bt\u0101j\u0101m.<\/p>","protected":false},"excerpt":{"rendered":"<p>Tulpju mar\u0137ieri - mazas deta\u013cas, kas rada lielu at\u0161\u0137ir\u012bbu. Ide\u0101la izv\u0113le gan ies\u0101c\u0113jiem, gan profesion\u0101liem dizaineriem. Komplekt\u0101 ietilpst 7 gabali. Iztur\u012bgi, uzticami pal\u012bgi ad\u012b\u0161anai.<\/p>\n<div class=\"pointer-events-none h-px w-px\" aria-hidden=\"true\" data-edge=\"true\"><\/div>","protected":false},"featured_media":33630,"comment_status":"open","ping_status":"closed","template":"","meta":{"_acf_changed":false},"product_brand":[558],"product_cat":[310,529,528,532,548],"product_tag":[1229],"class_list":{"0":"post-33629","1":"product","2":"type-product","3":"status-publish","4":"has-post-thumbnail","6":"product_brand-tulip","7":"product_cat-mezgimo-priemones","8":"product_cat-gamintojas-kitos-priemones","9":"product_cat-priemones-tipas","10":"product_cat-tulip-gamintojas-kitos-priemones","11":"product_cat-zymekliai","12":"product_tag-tulip","13":"pa_spalva-balta","14":"pa_spalva-melyna","15":"pa_spalva-raudona","17":"first","18":"instock","19":"taxable","20":"shipping-taxable","21":"purchasable","22":"product-type-variable"},"acf":[],"_links":{"self":[{"href":"https:\/\/siulubangos.lt\/lv\/wp-json\/wp\/v2\/product\/33629","targetHints":{"allow":["GET"]}}],"collection":[{"href":"https:\/\/siulubangos.lt\/lv\/wp-json\/wp\/v2\/product"}],"about":[{"href":"https:\/\/siulubangos.lt\/lv\/wp-json\/wp\/v2\/types\/product"}],"replies":[{"embeddable":true,"href":"https:\/\/siulubangos.lt\/lv\/wp-json\/wp\/v2\/comments?post=33629"}],"version-history":[{"count":0,"href":"https:\/\/siulubangos.lt\/lv\/wp-json\/wp\/v2\/product\/33629\/revisions"}],"wp:featuredmedia":[{"embeddable":true,"href":"https:\/\/siulubangos.lt\/lv\/wp-json\/wp\/v2\/media\/33630"}],"wp:attachment":[{"href":"https:\/\/siulubangos.lt\/lv\/wp-json\/wp\/v2\/media?parent=33629"}],"wp:term":[{"taxonomy":"product_brand","embeddable":true,"href":"https:\/\/siulubangos.lt\/lv\/wp-json\/wp\/v2\/product_brand?post=33629"},{"taxonomy":"product_cat","embeddable":true,"href":"https:\/\/siulubangos.lt\/lv\/wp-json\/wp\/v2\/product_cat?post=33629"},{"taxonomy":"product_tag","embeddable":true,"href":"https:\/\/siulubangos.lt\/lv\/wp-json\/wp\/v2\/product_tag?post=33629"}],"curies":[{"name":"wp","href":"https:\/\/api.w.org\/{rel}","templated":true}]}}