{"id":33655,"date":"2025-11-06T19:52:46","date_gmt":"2025-11-06T17:52:46","guid":{"rendered":"https:\/\/siulubangos.lt\/?post_type=product&#038;p=33655"},"modified":"2026-04-15T17:18:09","modified_gmt":"2026-04-15T14:18:09","slug":"eucalan-mazgasanas-lidzeklis-ar-neitralu-aromatu-100-ml","status":"publish","type":"product","link":"https:\/\/siulubangos.lt\/lv\/parduotuve\/eucalan-skalbiklis-neutralaus-kvapo-100-ml\/","title":{"rendered":"EUCALAN neitr\u0101la arom\u0101ta mazg\u0101\u0161anas l\u012bdzeklis (100 ml)"},"content":{"rendered":"<h2>EUCALAN 100 ml neitr\u0101la arom\u0101ta mazg\u0101\u0161anas l\u012bdzeklis<\/h2>\n<p>Tas ir ide\u0101ls mazg\u0101\u0161anas l\u012bdzeklis ad\u012bjumiem, tambor\u0113tiem izstr\u0101d\u0101jumiem, apak\u0161biks\u0113m, b\u0113rnu ap\u0123\u0113rbam un m\u012bkstaj\u0101m rota\u013cliet\u0101m.<\/p>\n<h3>Eucalan sast\u0101vda\u013cu saraksts:<\/h3>\n<ul>\n<li>amonija laurilsulf\u0101ts (augu ziepes)<\/li>\n<li>amonija hlor\u012bds (amonija s\u0101ls, ko izmanto k\u0101 biezin\u0101t\u0101ju).<\/li>\n<li>kokam\u012bds MEA (viegla putojo\u0161a viela un augu biezin\u0101t\u0101js).<\/li>\n<li>att\u012br\u012bts \u016bdens<\/li>\n<li>Hidroksipropilmetilceluloze (augu biezin\u0101t\u0101js)<\/li>\n<li>PEG 75 lanol\u012bns (dab\u012bgi ieg\u016bts lanol\u012bns)<\/li>\n<li>Metilhlorizotiazolinons (antibakteri\u0101ls konservants)<\/li>\n<\/ul>\n<h4><strong>Lieto\u0161ana:\u00a0<\/strong><\/h4>\n<p>Roku mazg\u0101\u0161anai 4 litri \u016bdens, t\u0113jkarote mazg\u0101\u0161anas l\u012bdzek\u013ca, labi samaisiet. \u013boti viegli iem\u0113rciet l\u012bdzekli p\u0113c vajadz\u012bbas, viegli iemas\u0113jiet nepiecie\u0161am\u0101s vietas. Iem\u0113rciet un atst\u0101jiet l\u012bdz 30 min\u016bt\u0113m. P\u0113c tam l\u012bdzekli iztuk\u0161ojiet un neizskalojiet.<\/p>","protected":false},"excerpt":{"rendered":"<p>Eucalan vilnas mazg\u0101\u0161anas l\u012bdzek\u013ca sast\u0101v\u0101 ir lanol\u012bns, kas stiprina vilnas izstr\u0101d\u0101jumu \u0161\u0137iedras un uztur t\u0101s optim\u0101l\u0101 st\u0101vokl\u012b. Eucalan nav toksisks, tam nav optisko balin\u0101t\u0101ju un m\u0101ksl\u012bgo smar\u017evielu, un tas neatst\u0101j p\u0113das uz ap\u0123\u0113rba. Viena no t\u0101 iev\u0113rojam\u0101kaj\u0101m \u012bpa\u0161\u012bb\u0101m ir t\u0101, ka tas nav j\u0101skalo.<\/p>","protected":false},"featured_media":33649,"comment_status":"open","ping_status":"closed","template":"","meta":{"_acf_changed":false},"product_brand":[],"product_cat":[310,531,529,528,543],"product_tag":[1245],"class_list":{"0":"post-33655","1":"product","2":"type-product","3":"status-publish","4":"has-post-thumbnail","6":"product_cat-mezgimo-priemones","7":"product_cat-eucalan","8":"product_cat-gamintojas-kitos-priemones","9":"product_cat-priemones-tipas","10":"product_cat-skalbikliai","11":"product_tag-eucalan","13":"first","14":"instock","15":"taxable","16":"shipping-taxable","17":"purchasable","18":"product-type-simple"},"acf":[],"_links":{"self":[{"href":"https:\/\/siulubangos.lt\/lv\/wp-json\/wp\/v2\/product\/33655","targetHints":{"allow":["GET"]}}],"collection":[{"href":"https:\/\/siulubangos.lt\/lv\/wp-json\/wp\/v2\/product"}],"about":[{"href":"https:\/\/siulubangos.lt\/lv\/wp-json\/wp\/v2\/types\/product"}],"replies":[{"embeddable":true,"href":"https:\/\/siulubangos.lt\/lv\/wp-json\/wp\/v2\/comments?post=33655"}],"version-history":[{"count":0,"href":"https:\/\/siulubangos.lt\/lv\/wp-json\/wp\/v2\/product\/33655\/revisions"}],"wp:featuredmedia":[{"embeddable":true,"href":"https:\/\/siulubangos.lt\/lv\/wp-json\/wp\/v2\/media\/33649"}],"wp:attachment":[{"href":"https:\/\/siulubangos.lt\/lv\/wp-json\/wp\/v2\/media?parent=33655"}],"wp:term":[{"taxonomy":"product_brand","embeddable":true,"href":"https:\/\/siulubangos.lt\/lv\/wp-json\/wp\/v2\/product_brand?post=33655"},{"taxonomy":"product_cat","embeddable":true,"href":"https:\/\/siulubangos.lt\/lv\/wp-json\/wp\/v2\/product_cat?post=33655"},{"taxonomy":"product_tag","embeddable":true,"href":"https:\/\/siulubangos.lt\/lv\/wp-json\/wp\/v2\/product_tag?post=33655"}],"curies":[{"name":"wp","href":"https:\/\/api.w.org\/{rel}","templated":true}]}}