{"id":33657,"date":"2025-11-06T18:11:15","date_gmt":"2025-11-06T18:11:15","guid":{"rendered":"https:\/\/siulubangos.lt\/?post_type=product&#038;p=33657"},"modified":"2026-03-12T17:14:42","modified_gmt":"2026-03-12T15:14:42","slug":"eucalan-skalbikliai-su-lanolinu-po-5-ml","status":"publish","type":"product","link":"https:\/\/siulubangos.lt\/lv\/parduotuve\/eucalan-skalbikliai-su-lanolinu-po-5-ml\/","title":{"rendered":"EUCALAN skalbikliai \u012fvairi\u0173 kvap\u0173 (5 ml)"},"content":{"rendered":"<h2><strong>EUCALAN 5 ml skalbikliai \u012fvairi\u0173 kvap\u0173\u00a0<\/strong><\/h2>\n<p>Tai geriausias skalbiklis vilnai ir ne tik, kuris tinka megztiniams ir \u012fvairiems v\u0105\u0161eliu nertiems n\u0117riniams, apatin\u0117ms kelnait\u0117ms, k\u016bdiki\u0173 drabu\u017e\u0117liams ir mink\u0161tiems \u017eaislams. \u0160velni skalbimo priemon\u0117 k\u016bdiki\u0173 drabu\u017eiams.<\/p>\n<h3>Eucalan ingredient\u0173 s\u0105ra\u0161as:<\/h3>\n<ul>\n<li>amonio laurilo sulfatas (augalinis muilas)<\/li>\n<li>amonio chloridas (amonio druska, naudojama kaip tir\u0161tiklis)<\/li>\n<li>cocamide MEA (\u0161velnus putojantis agentas ir augalinis tir\u0161tiklis)<\/li>\n<li>grynintas vanduo<\/li>\n<li>hidroksipropil metilceliulioz\u0117 (augalinis tir\u0161tiklis)<\/li>\n<li>PEG 75 lanolinas (nat\u016braliai gautas lanolinas)<\/li>\n<li>metilchloroizotiazolinonas (antibakterinis konservantas)<\/li>\n<\/ul>\n<h4><strong>Naudojimas- kaip skalbti viln\u0105, merino viln\u0105, \u0161ilk\u0105?<\/strong><\/h4>\n<p>Rank\u0173 skalbimui 4 litrai vandens, arbatinis \u0161auk\u0161telis skalbiklio, gerai i\u0161mai\u0161yti. Gamin\u012f pagal poreik\u012f labai \u0161velniai pamurkdyti, \u0161velniai reikiamas vietas pamasa\u017euoti. U\u017emerkite ir maximum galima palikti iki 30 minu\u010di\u0173. Tuomet gamin\u012f nusausinti , perskalauti nereikia.<\/p>","protected":false},"excerpt":{"rendered":"<p>Eucalan vilnos skalbiklis yra su lanolinu, kuris stiprina vilnoni\u0173 gamini\u0173 pluo\u0161tus ir palaiko juos optimaliame b\u016bvyje. Eucalan yra netoksi\u0161kas, neturi optini\u0173 balikli\u0173, dirbtini\u0173 kvap\u0173 ir nepalieka p\u0117dsak\u0173 ant drabu\u017ei\u0173. Vien\u0105 puikiausi\u0173 jo savybi\u0173, tai kad jo nereikia perskalauti. 5 ml versija, kad gal\u0117tum\u0117te i\u0161bandyti ir i\u0161sirnkti savo m\u0117gstamiausi\u0105.<\/p>","protected":false},"featured_media":33658,"comment_status":"open","ping_status":"closed","template":"","meta":{"_acf_changed":false},"product_brand":[],"product_cat":[310,531,529,528,543],"product_tag":[1245],"class_list":{"0":"post-33657","1":"product","2":"type-product","3":"status-publish","4":"has-post-thumbnail","6":"product_cat-mezgimo-priemones","7":"product_cat-eucalan","8":"product_cat-gamintojas-kitos-priemones","9":"product_cat-priemones-tipas","10":"product_cat-skalbikliai","11":"product_tag-eucalan","12":"pa_kvapas-eukaliptas","13":"pa_kvapas-greipfrutas","14":"pa_kvapas-jazminas","15":"pa_kvapas-levandos","16":"pa_kvapas-bekvapis-neutralus","18":"first","19":"instock","20":"taxable","21":"shipping-taxable","22":"purchasable","23":"product-type-variable"},"acf":[],"_links":{"self":[{"href":"https:\/\/siulubangos.lt\/lv\/wp-json\/wp\/v2\/product\/33657","targetHints":{"allow":["GET"]}}],"collection":[{"href":"https:\/\/siulubangos.lt\/lv\/wp-json\/wp\/v2\/product"}],"about":[{"href":"https:\/\/siulubangos.lt\/lv\/wp-json\/wp\/v2\/types\/product"}],"replies":[{"embeddable":true,"href":"https:\/\/siulubangos.lt\/lv\/wp-json\/wp\/v2\/comments?post=33657"}],"version-history":[{"count":0,"href":"https:\/\/siulubangos.lt\/lv\/wp-json\/wp\/v2\/product\/33657\/revisions"}],"wp:featuredmedia":[{"embeddable":true,"href":"https:\/\/siulubangos.lt\/lv\/wp-json\/wp\/v2\/media\/33658"}],"wp:attachment":[{"href":"https:\/\/siulubangos.lt\/lv\/wp-json\/wp\/v2\/media?parent=33657"}],"wp:term":[{"taxonomy":"product_brand","embeddable":true,"href":"https:\/\/siulubangos.lt\/lv\/wp-json\/wp\/v2\/product_brand?post=33657"},{"taxonomy":"product_cat","embeddable":true,"href":"https:\/\/siulubangos.lt\/lv\/wp-json\/wp\/v2\/product_cat?post=33657"},{"taxonomy":"product_tag","embeddable":true,"href":"https:\/\/siulubangos.lt\/lv\/wp-json\/wp\/v2\/product_tag?post=33657"}],"curies":[{"name":"wp","href":"https:\/\/api.w.org\/{rel}","templated":true}]}}