{"id":33717,"date":"2025-11-07T13:25:05","date_gmt":"2025-11-07T13:25:05","guid":{"rendered":"https:\/\/siulubangos.lt\/?post_type=product&#038;p=33717"},"modified":"2026-01-12T13:24:17","modified_gmt":"2026-01-12T11:24:17","slug":"chiaogoo-stigu-merinstrumentu-lineals-13-20-cm","status":"publish","type":"product","link":"https:\/\/siulubangos.lt\/lv\/parduotuve\/chiaogoo-virbalu-matuoklis-liniuote-13-20-cm\/","title":{"rendered":"ChiaoGoo adatu (13\u201320 cm) izm\u0113rs-line\u0101ls"},"content":{"rendered":"<h2>ChiaoGoo adatu (13\u201320 cm) izm\u0113rs-line\u0101ls<\/h2>\n<p>M\u0113rinstrumenti ir izgatavoti no iztur\u012bgas baltas plastmasas, un tiem ir line\u0101ls:<\/p>\n<ul>\n<li>13 cm m\u0113rier\u012bce m\u0113ra no 1,5 mm l\u012bdz 10,00 mm, bet line\u0101ls m\u0113ra 120 mm.<\/li>\n<li>20 cm m\u0113rier\u012bce m\u0113ra no 1,5 mm l\u012bdz 19,00 mm, line\u0101ls - 190 mm.<\/li>\n<\/ul>\n<p>&nbsp;<\/p>\n<p>&nbsp;<\/p>","protected":false},"excerpt":{"rendered":"<p>\u0160is auklu m\u0113rier\u012bces line\u0101ls ir \u0113rts piederums, kas pal\u012bdz\u0113s jums noteikt ad\u0101madatas auklu vai spol\u012b\u0161u izm\u0113ru. Tas ir \u012bpa\u0161i noder\u012bgs, ja j\u016bsu auklas nav numur\u0113tas vai t\u0101m nav aizdares, vai ja uz vec\u0101k\u0101m aukl\u0101m numurs ir nolietojies. Tas ir ar\u012b lielisks r\u012bks, lai izm\u0113r\u012btu savu ad\u012bto paraugu.<\/p>","protected":false},"featured_media":33718,"comment_status":"open","ping_status":"closed","template":"","meta":{"_acf_changed":false},"product_brand":[560],"product_cat":[310,1258,529,544],"product_tag":[1257],"class_list":{"0":"post-33717","1":"product","2":"type-product","3":"status-publish","4":"has-post-thumbnail","6":"product_brand-chiaogoo","7":"product_cat-mezgimo-priemones","8":"product_cat-chiaogoo-kitos-priemones","9":"product_cat-gamintojas-kitos-priemones","10":"product_cat-liniuotes","11":"product_tag-chiaogoo","12":"pa_ilgis-13-cm","13":"pa_ilgis-20-cm","15":"first","16":"instock","17":"taxable","18":"shipping-taxable","19":"purchasable","20":"product-type-variable"},"acf":[],"_links":{"self":[{"href":"https:\/\/siulubangos.lt\/lv\/wp-json\/wp\/v2\/product\/33717","targetHints":{"allow":["GET"]}}],"collection":[{"href":"https:\/\/siulubangos.lt\/lv\/wp-json\/wp\/v2\/product"}],"about":[{"href":"https:\/\/siulubangos.lt\/lv\/wp-json\/wp\/v2\/types\/product"}],"replies":[{"embeddable":true,"href":"https:\/\/siulubangos.lt\/lv\/wp-json\/wp\/v2\/comments?post=33717"}],"version-history":[{"count":0,"href":"https:\/\/siulubangos.lt\/lv\/wp-json\/wp\/v2\/product\/33717\/revisions"}],"wp:featuredmedia":[{"embeddable":true,"href":"https:\/\/siulubangos.lt\/lv\/wp-json\/wp\/v2\/media\/33718"}],"wp:attachment":[{"href":"https:\/\/siulubangos.lt\/lv\/wp-json\/wp\/v2\/media?parent=33717"}],"wp:term":[{"taxonomy":"product_brand","embeddable":true,"href":"https:\/\/siulubangos.lt\/lv\/wp-json\/wp\/v2\/product_brand?post=33717"},{"taxonomy":"product_cat","embeddable":true,"href":"https:\/\/siulubangos.lt\/lv\/wp-json\/wp\/v2\/product_cat?post=33717"},{"taxonomy":"product_tag","embeddable":true,"href":"https:\/\/siulubangos.lt\/lv\/wp-json\/wp\/v2\/product_tag?post=33717"}],"curies":[{"name":"wp","href":"https:\/\/api.w.org\/{rel}","templated":true}]}}