{"id":33733,"date":"2025-11-07T14:07:10","date_gmt":"2025-11-07T14:07:10","guid":{"rendered":"https:\/\/siulubangos.lt\/?post_type=product&#038;p=33733"},"modified":"2026-01-12T13:20:29","modified_gmt":"2026-01-12T11:20:29","slug":"chiaogoo-guminiai-laikikliai-sirdeles-2-vnt","status":"publish","type":"product","link":"https:\/\/siulubangos.lt\/lv\/parduotuve\/chiaogoo-guminiai-laikikliai-sirdeles-2-vnt\/","title":{"rendered":"ChiaoGoo gumijas tur\u0113t\u0101ji Sirdis (2 gab.)"},"content":{"rendered":"<h2>ChiaoGoo gumijas tur\u0113t\u0101ji Sirdis (2 gab.)<\/h2>\n<p>Pakuot\u0117je yra 2 \u0161irdel\u0117s formos guminiai laikikliai, kuri\u0173 matmenys 5 x 3.2 cm.<\/p>","protected":false},"excerpt":{"rendered":"<p>Naudokite \u0161iuos \u0161irdel\u0117s formos guminius laikiklius prisukamiems mezgimo virbalams priver\u017eti ar atlaisvinti. Apvyniokite laikikl\u012f aplink virbal\u0105 arba ver\u017eimo raktel\u012f, kad tur\u0117tum\u0117te geresn\u012f sukibim\u0105 ir gal\u0117tum\u0117te lengvai bei be pastang\u0173 priver\u017eti ar atlaisvinti jungtis.<\/p>","protected":false},"featured_media":33734,"comment_status":"open","ping_status":"closed","template":"","meta":{"_acf_changed":false},"product_brand":[560],"product_cat":[310,1258,529,547],"product_tag":[1257],"class_list":{"0":"post-33733","1":"product","2":"type-product","3":"status-publish","4":"has-post-thumbnail","6":"product_brand-chiaogoo","7":"product_cat-mezgimo-priemones","8":"product_cat-chiaogoo-kitos-priemones","9":"product_cat-gamintojas-kitos-priemones","10":"product_cat-akiu-laikikliai","11":"product_tag-chiaogoo","12":"pa_ilgis-13-cm","13":"pa_ilgis-20-cm","15":"first","16":"instock","17":"taxable","18":"shipping-taxable","19":"purchasable","20":"product-type-simple"},"acf":[],"_links":{"self":[{"href":"https:\/\/siulubangos.lt\/lv\/wp-json\/wp\/v2\/product\/33733","targetHints":{"allow":["GET"]}}],"collection":[{"href":"https:\/\/siulubangos.lt\/lv\/wp-json\/wp\/v2\/product"}],"about":[{"href":"https:\/\/siulubangos.lt\/lv\/wp-json\/wp\/v2\/types\/product"}],"replies":[{"embeddable":true,"href":"https:\/\/siulubangos.lt\/lv\/wp-json\/wp\/v2\/comments?post=33733"}],"version-history":[{"count":0,"href":"https:\/\/siulubangos.lt\/lv\/wp-json\/wp\/v2\/product\/33733\/revisions"}],"wp:featuredmedia":[{"embeddable":true,"href":"https:\/\/siulubangos.lt\/lv\/wp-json\/wp\/v2\/media\/33734"}],"wp:attachment":[{"href":"https:\/\/siulubangos.lt\/lv\/wp-json\/wp\/v2\/media?parent=33733"}],"wp:term":[{"taxonomy":"product_brand","embeddable":true,"href":"https:\/\/siulubangos.lt\/lv\/wp-json\/wp\/v2\/product_brand?post=33733"},{"taxonomy":"product_cat","embeddable":true,"href":"https:\/\/siulubangos.lt\/lv\/wp-json\/wp\/v2\/product_cat?post=33733"},{"taxonomy":"product_tag","embeddable":true,"href":"https:\/\/siulubangos.lt\/lv\/wp-json\/wp\/v2\/product_tag?post=33733"}],"curies":[{"name":"wp","href":"https:\/\/api.w.org\/{rel}","templated":true}]}}