{"id":33740,"date":"2025-11-07T14:44:29","date_gmt":"2025-11-07T14:44:29","guid":{"rendered":"https:\/\/siulubangos.lt\/?post_type=product&#038;p=33740"},"modified":"2026-01-09T12:04:57","modified_gmt":"2026-01-09T10:04:57","slug":"chiaogoo-mini-prisukamu-virbalu-priedu-rinkinys","status":"publish","type":"product","link":"https:\/\/siulubangos.lt\/lv\/parduotuve\/chiaogoo-mini-prisukamu-virbalu-priedu-rinkinys\/","title":{"rendered":"ChiaoGoo MINI skr\u016bv\u0113jamo adatu piederumu komplekts"},"content":{"rendered":"<h2><strong data-start=\"36\" data-end=\"87\">ChiaoGoo MINI skr\u016bv\u0113jamo adatu piederumu komplekts<\/strong><\/h2>\n<p>Kompakti\u0161kas rinkinys, skirtas naudoti su ChiaoGoo TWIST prisukamais virbalais. Jame rasite visk\u0105, ko reikia trumpiems ar smulkiems mezgimo projektams \u2013 nuo kojini\u0173 iki ma\u017e\u0173 aksesuar\u0173. Auk\u0161tos kokyb\u0117s priedai u\u017etikrina patikim\u0105 val\u0173 jungim\u0105, stabil\u0173 si\u016blo slydim\u0105 ir komfort\u0105 mezgimo metu. Idealiai tinka tiek pradedantiesiems, tiek patyrusiems mezg\u0117jams, kurie vertina tvarking\u0105 ir patog\u0173 darb\u0105 su prisukamais virbalais.<\/p>\n<h3><strong>Bendra informacija, taikoma visiems ChiaoGoo prisukamiems virbalams:<\/strong><\/h3>\n<p>TWIST ir SPIN produktai turi vienodo dyd\u017eio sriegius, tod\u0117l yra tarpusavyje suderinami. Visi prisukami virbalai ir valai yra lazeriu pa\u017eym\u0117ti atitinkamu sriegio dyd\u017eiu:<\/p>\n<p>M = MINI - piem\u0113rots 1,50-2,50 mm (10 un 13 cm) un 1,50-3,25 mm (8 cm) izm\u0113ra aukl\u0101m.<\/p>\n<p>S = SMALL &#8211; tinka virbal\u0173 dyd\u017eiams 2.75-5.00 mm (10 ir 13 cm) ir 3.50-5.00 mm (8 cm)<\/p>\n<p>L = LARGE &#8211; tinka virbal\u0173 dyd\u017eiams 5.50-10.00 mm (10 ir 13 cm)<\/p>\n<p>MINI serija nesuderinama su S ir L sriegio dyd\u017eiais, tod\u0117l visiems MINI prisukamiems virbalams reikalingi MINI valai.<br \/>\nAtkreipkite d\u0117mes\u012f, kad 10 cm ir 13 cm ilgio MINI prisukami virbalai yra per ilgi, kad b\u016bt\u0173 galima naudoti su 5 cm, 13 cm ir 15 cm ilgio MINI valais. Jie gali b\u016bti lengvai sujungti naudojant MINI jungt\u012f, kad b\u016bt\u0173 pailgintas valo ilgis.<br \/>\nChiaoGoo taip pat si\u016blo adapterius, leid\u017eian\u010dius sujungti MINI, S ir L sriegio dyd\u017ei\u0173 gaminius.<\/p>\n<p>I\u0161imtis: ChiaoGoo MINI SHORTIES prisukami virbalai (1.50-3.25 mm) yra suderinami tik su MINI sriegio dyd\u017eio gaminiais.<\/p>","protected":false},"excerpt":{"rendered":"<p>ChiaoGoo MINI prisukam\u0173 virbal\u0173 pried\u0173 rinkinys apima kelis \u012frankius, skirtus naudoti su TWIST MINI prisukam\u0173 virbal\u0173 rinkiniais.<\/p>\n<p><strong>Rinkinyje yra:<\/strong><\/p>\n<ul>\n<li>1 \u0161irdel\u0117s formos guminis laikiklis papildomam sukibimui<\/li>\n<li>2 MINI galiniai u\u017etvarai<\/li>\n<li>6 kilpeli\u0173 \u017eymekliai<\/li>\n<li>2 MINI ver\u017eimo rakteliai<\/li>\n<\/ul>\n<p>Ma\u017ea d\u0117\u017eut\u0117 matmen\u0173 7 x 6,5 cm.<\/p>","protected":false},"featured_media":33745,"comment_status":"open","ping_status":"closed","template":"","meta":{"_acf_changed":false},"product_brand":[560],"product_cat":[61,466,1258,455,569,310,528],"product_tag":[1257],"class_list":{"0":"post-33740","1":"product","2":"type-product","3":"status-publish","4":"has-post-thumbnail","6":"product_brand-chiaogoo","7":"product_cat-virbalai-vaseliai","8":"product_cat-chiaogoo-virbalai-vaseliai","9":"product_cat-chiaogoo-kitos-priemones","10":"product_cat-gamintojas-virbalai-vaseliai","11":"product_cat-jungtys-antgaliai-ir-kiti-priedai","12":"product_cat-mezgimo-priemones","13":"product_cat-priemones-tipas","14":"product_tag-chiaogoo","15":"pa_ilgis-13-cm","16":"pa_ilgis-20-cm","18":"first","19":"instock","20":"taxable","21":"shipping-taxable","22":"purchasable","23":"product-type-simple"},"acf":[],"_links":{"self":[{"href":"https:\/\/siulubangos.lt\/lv\/wp-json\/wp\/v2\/product\/33740","targetHints":{"allow":["GET"]}}],"collection":[{"href":"https:\/\/siulubangos.lt\/lv\/wp-json\/wp\/v2\/product"}],"about":[{"href":"https:\/\/siulubangos.lt\/lv\/wp-json\/wp\/v2\/types\/product"}],"replies":[{"embeddable":true,"href":"https:\/\/siulubangos.lt\/lv\/wp-json\/wp\/v2\/comments?post=33740"}],"version-history":[{"count":0,"href":"https:\/\/siulubangos.lt\/lv\/wp-json\/wp\/v2\/product\/33740\/revisions"}],"wp:featuredmedia":[{"embeddable":true,"href":"https:\/\/siulubangos.lt\/lv\/wp-json\/wp\/v2\/media\/33745"}],"wp:attachment":[{"href":"https:\/\/siulubangos.lt\/lv\/wp-json\/wp\/v2\/media?parent=33740"}],"wp:term":[{"taxonomy":"product_brand","embeddable":true,"href":"https:\/\/siulubangos.lt\/lv\/wp-json\/wp\/v2\/product_brand?post=33740"},{"taxonomy":"product_cat","embeddable":true,"href":"https:\/\/siulubangos.lt\/lv\/wp-json\/wp\/v2\/product_cat?post=33740"},{"taxonomy":"product_tag","embeddable":true,"href":"https:\/\/siulubangos.lt\/lv\/wp-json\/wp\/v2\/product_tag?post=33740"}],"curies":[{"name":"wp","href":"https:\/\/api.w.org\/{rel}","templated":true}]}}