{"id":33746,"date":"2025-11-07T14:55:42","date_gmt":"2025-11-07T14:55:42","guid":{"rendered":"https:\/\/siulubangos.lt\/?post_type=product&#038;p=33746"},"modified":"2026-01-09T11:55:21","modified_gmt":"2026-01-09T09:55:21","slug":"chiaogoo-mazo-un-lielo-pieskruvejamo-virvju-piederumu-komplekts","status":"publish","type":"product","link":"https:\/\/siulubangos.lt\/lv\/parduotuve\/chiaogoo-small-ir-large-prisukamu-virbalu-priedu-rinkinys\/","title":{"rendered":"ChiaoGoo SMALL un LARGE skr\u016bv\u0113jamo adatu piederumu komplekts"},"content":{"rendered":"<h2><strong data-start=\"36\" data-end=\"97\">ChiaoGoo mazo un lielo skr\u016bv\u0113jamo virvju piederumu komplekts<\/strong><\/h2>\n<p>Visi nepiecie\u0161amie piederumi lieto\u0161anai kop\u0101 ar ChiaoGoo TWIST skr\u016bv\u0113jamo auklu. Komplekts \u013cauj \u0101tri un \u0113rti main\u012bt valdzi\u0146u garumu, savienot un piel\u0101got auklas da\u017e\u0101diem ad\u012b\u0161anas projektiem - no ze\u0137\u0113m un piedurkn\u0113m l\u012bdz liel\u0101kiem d\u017eemperiem. Augstas kvalit\u0101tes deta\u013cas nodro\u0161ina stabilu dzijas sl\u012bd\u0113\u0161anu, uzticamu savieno\u0161anu un komfortu ad\u012b\u0161anas laik\u0101. Ide\u0101la izv\u0113le gan ies\u0101c\u0113j\u0101m, gan pieredz\u0113ju\u0161\u0101m ad\u012bt\u0101j\u0101m.<\/p>\n<h3><strong>Visp\u0101r\u012bga inform\u0101cija, kas attiecas uz vis\u0101m ChiaoGoo skr\u016bv\u0113jam\u0101m aukl\u0101m:<\/strong><\/h3>\n<p>\u201eTWIST un SPIN izstr\u0101d\u0101jumiem ir vien\u0101ds v\u012btnes izm\u0113rs, t\u0101p\u0113c tie ir savstarp\u0113ji sader\u012bgi. Uz vis\u0101m uzskr\u016bv\u0113jamaj\u0101m spol\u012bt\u0113m un rull\u012b\u0161iem ir l\u0101zermar\u0137\u0113jums ar atbilsto\u0161o diegu izm\u0113ru:<\/p>\n<p>M = MINI - piem\u0113rots 1,50-2,50 mm (10 un 13 cm) un 1,50-3,25 mm (8 cm) izm\u0113ra aukl\u0101m.<\/p>\n<p>S = SMALL - piem\u0113rots auklas izm\u0113riem 2,75-5,00 mm (10 un 13 cm) un 3,50-5,00 mm (8 cm).<\/p>\n<p>L = LARGE - piem\u0113rots virvju izm\u0113riem 5,50-10,00 mm (10 un 13 cm)<\/p>\n<p>MINI s\u0113rija nav sader\u012bga ar S un L v\u012bt\u0146u izm\u0113riem, t\u0101p\u0113c vis\u0101m MINI skr\u016bv\u0113jam\u0101m virv\u0113m ir nepiecie\u0161amas MINI v\u0101rpstas.<br \/>\nL\u016bdzu, \u0146emiet v\u0113r\u0101, ka 10 cm un 13 cm MINI skr\u016bv\u0113jam\u0101 virve ir p\u0101r\u0101k gara, lai to izmantotu ar 5 cm, 13 cm un 15 cm MINI velt\u0146iem. Tos var viegli savienot, izmantojot MINI savienot\u0101ju, lai pagarin\u0101tu rull\u012b\u0161a garumu.<br \/>\nChiaoGoo pied\u0101v\u0101 ar\u012b adapterus MINI, S un L v\u012bt\u0146u izm\u0113ru savieno\u0161anai.<\/p>\n<p>Iz\u0146\u0113mums: ChiaoGoo MINI SHORTIES ieskr\u016bv\u0113jam\u0101 virve (1,50-3,25 mm) ir sader\u012bga tikai ar MINI v\u012btnes izm\u0113ra izstr\u0101d\u0101jumiem.<\/p>","protected":false},"excerpt":{"rendered":"<p><strong>ChiaoGoo mazo un lielo skr\u016bv\u0113jamo virvju piederumu komplekts<\/strong> ietver da\u017e\u0101dus r\u012bkus lieto\u0161anai ar <strong>TWIST<\/strong> Mazie un lielie pieskr\u016bv\u0113jamo virvju komplekti.<\/p>\n<p>Komplekt\u0101 ietilpst:<\/p>\n<ul>\n<li>4 savienojumi,<\/li>\n<li>4 aizmugur\u0113jie atloki,<\/li>\n<li>4 atsl\u0113gas,<\/li>\n<li>2 \u0161ujam\u0101s adatas,<\/li>\n<li>2 adapteri no L uz S,<\/li>\n<li>20 cilpu mar\u0137ieri,<\/li>\n<li>2 dro\u0161\u012bbas adatas,<\/li>\n<li>1 sirds formas gumijas tur\u0113t\u0101js.<\/li>\n<\/ul>\n<p>Komplekta izm\u0113ri ir 6 x 4 cm.<\/p>","protected":false},"featured_media":33749,"comment_status":"open","ping_status":"closed","template":"","meta":{"_acf_changed":false},"product_brand":[560],"product_cat":[61,466,1258,455,569,310,528],"product_tag":[1257],"class_list":{"0":"post-33746","1":"product","2":"type-product","3":"status-publish","4":"has-post-thumbnail","6":"product_brand-chiaogoo","7":"product_cat-virbalai-vaseliai","8":"product_cat-chiaogoo-virbalai-vaseliai","9":"product_cat-chiaogoo-kitos-priemones","10":"product_cat-gamintojas-virbalai-vaseliai","11":"product_cat-jungtys-antgaliai-ir-kiti-priedai","12":"product_cat-mezgimo-priemones","13":"product_cat-priemones-tipas","14":"product_tag-chiaogoo","16":"first","17":"instock","18":"taxable","19":"shipping-taxable","20":"purchasable","21":"product-type-simple"},"acf":[],"_links":{"self":[{"href":"https:\/\/siulubangos.lt\/lv\/wp-json\/wp\/v2\/product\/33746","targetHints":{"allow":["GET"]}}],"collection":[{"href":"https:\/\/siulubangos.lt\/lv\/wp-json\/wp\/v2\/product"}],"about":[{"href":"https:\/\/siulubangos.lt\/lv\/wp-json\/wp\/v2\/types\/product"}],"replies":[{"embeddable":true,"href":"https:\/\/siulubangos.lt\/lv\/wp-json\/wp\/v2\/comments?post=33746"}],"version-history":[{"count":0,"href":"https:\/\/siulubangos.lt\/lv\/wp-json\/wp\/v2\/product\/33746\/revisions"}],"wp:featuredmedia":[{"embeddable":true,"href":"https:\/\/siulubangos.lt\/lv\/wp-json\/wp\/v2\/media\/33749"}],"wp:attachment":[{"href":"https:\/\/siulubangos.lt\/lv\/wp-json\/wp\/v2\/media?parent=33746"}],"wp:term":[{"taxonomy":"product_brand","embeddable":true,"href":"https:\/\/siulubangos.lt\/lv\/wp-json\/wp\/v2\/product_brand?post=33746"},{"taxonomy":"product_cat","embeddable":true,"href":"https:\/\/siulubangos.lt\/lv\/wp-json\/wp\/v2\/product_cat?post=33746"},{"taxonomy":"product_tag","embeddable":true,"href":"https:\/\/siulubangos.lt\/lv\/wp-json\/wp\/v2\/product_tag?post=33746"}],"curies":[{"name":"wp","href":"https:\/\/api.w.org\/{rel}","templated":true}]}}