{"id":33759,"date":"2025-11-07T15:30:49","date_gmt":"2025-11-07T15:30:49","guid":{"rendered":"https:\/\/siulubangos.lt\/?post_type=product&#038;p=33759"},"modified":"2026-01-12T12:41:18","modified_gmt":"2026-01-12T10:41:18","slug":"chiaogoo-matavimo-juosta-150-cm","status":"publish","type":"product","link":"https:\/\/siulubangos.lt\/lv\/parduotuve\/chiaogoo-matavimo-juosta-150-cm\/","title":{"rendered":"ChiaoGoo m\u0113rlente (150 cm)"},"content":{"rendered":"<h2 data-start=\"176\" data-end=\"420\">ChiaoGoo m\u0113rlente (150 cm)<\/h2>\n<p data-start=\"176\" data-end=\"420\">\u0160i matavimo juosta &#8211; nepakei\u010diamas \u012frankis mezg\u0117joms ir siuv\u0117joms, siekian\u010dioms tikslumo savo darbuose. Juosta yra <strong data-start=\"301\" data-end=\"317\">150 cm ilgio<\/strong>, lanksti, lengvai sulankstoma ir patogi naudoti tiek namuose, tiek dirbant su didesniais projektais.<\/p>\n<p data-start=\"422\" data-end=\"698\">Ai\u0161kiai pa\u017eym\u0117tos centimetr\u0173 skal\u0117s leid\u017eia greitai ir tiksliai matuoti mezginius, si\u016bl\u0173 ilg\u012f ar kitus projekt\u0173 parametrus. Tvirtos med\u017eiagos d\u0117ka matavimo juosta ilgaam\u017e\u0117 ir patikima, o kompakti\u0161kas dydis u\u017etikrina, kad j\u0105 patogu pasiimti kartu su kitais mezgimo \u012frankiais.<\/p>","protected":false},"excerpt":{"rendered":"<p>Visus j\u016bs\u0173 projekto matavimus atlikti lengva su ChiaoGoo matavimo juosta. \u0160i lanksti matavimo juosta lengvai susisuka atgal \u012f balt\u0105 d\u0117kl\u0105, tod\u0117l ji nesusivynioja ir yra patogi ne\u0161ioti.<br \/>\nMatavimo juostos ilgis &#8211; 150 cm.<\/p>","protected":false},"featured_media":33764,"comment_status":"open","ping_status":"closed","template":"","meta":{"_acf_changed":false},"product_brand":[560],"product_cat":[310,1258,529,544,528],"product_tag":[1257],"class_list":{"0":"post-33759","1":"product","2":"type-product","3":"status-publish","4":"has-post-thumbnail","6":"product_brand-chiaogoo","7":"product_cat-mezgimo-priemones","8":"product_cat-chiaogoo-kitos-priemones","9":"product_cat-gamintojas-kitos-priemones","10":"product_cat-liniuotes","11":"product_cat-priemones-tipas","12":"product_tag-chiaogoo","14":"first","15":"instock","16":"taxable","17":"shipping-taxable","18":"purchasable","19":"product-type-simple"},"acf":[],"_links":{"self":[{"href":"https:\/\/siulubangos.lt\/lv\/wp-json\/wp\/v2\/product\/33759","targetHints":{"allow":["GET"]}}],"collection":[{"href":"https:\/\/siulubangos.lt\/lv\/wp-json\/wp\/v2\/product"}],"about":[{"href":"https:\/\/siulubangos.lt\/lv\/wp-json\/wp\/v2\/types\/product"}],"replies":[{"embeddable":true,"href":"https:\/\/siulubangos.lt\/lv\/wp-json\/wp\/v2\/comments?post=33759"}],"version-history":[{"count":0,"href":"https:\/\/siulubangos.lt\/lv\/wp-json\/wp\/v2\/product\/33759\/revisions"}],"wp:featuredmedia":[{"embeddable":true,"href":"https:\/\/siulubangos.lt\/lv\/wp-json\/wp\/v2\/media\/33764"}],"wp:attachment":[{"href":"https:\/\/siulubangos.lt\/lv\/wp-json\/wp\/v2\/media?parent=33759"}],"wp:term":[{"taxonomy":"product_brand","embeddable":true,"href":"https:\/\/siulubangos.lt\/lv\/wp-json\/wp\/v2\/product_brand?post=33759"},{"taxonomy":"product_cat","embeddable":true,"href":"https:\/\/siulubangos.lt\/lv\/wp-json\/wp\/v2\/product_cat?post=33759"},{"taxonomy":"product_tag","embeddable":true,"href":"https:\/\/siulubangos.lt\/lv\/wp-json\/wp\/v2\/product_tag?post=33759"}],"curies":[{"name":"wp","href":"https:\/\/api.w.org\/{rel}","templated":true}]}}