{"id":33766,"date":"2025-11-07T15:56:03","date_gmt":"2025-11-07T15:56:03","guid":{"rendered":"https:\/\/siulubangos.lt\/?post_type=product&#038;p=33766"},"modified":"2026-03-08T18:23:52","modified_gmt":"2026-03-08T16:23:52","slug":"chiaogoo-bambukiniai-virbalai-33-cm","status":"publish","type":"product","link":"https:\/\/siulubangos.lt\/lv\/parduotuve\/chiaogoo-bambukiniai-virbalai-33-cm\/","title":{"rendered":"ChiaoGoo bambusa gar\u0101s adatas (33 cm, 2.25\u201310 mm)"},"content":{"rendered":"<h2>ChiaoGoo bambukiniai ilgi virbalai (33 cm)<\/h2>\n<p>Virbalo dydis lazeriu pa\u017eym\u0117tas tiek ant virbalo, tiek ant dangtelio, tod\u0117l dyd\u012f lengva identifikuoti net po ilgalaikio naudojimo. Virbalai yra 33 cm ilgio, tod\u0117l puikiai tinka ma\u017eesniems mezgimo projektams, tokiems kaip \u0161alikai, kepur\u0117s ar rankov\u0117s, ir suteikia ger\u0105 kontrol\u0119 mezgant tiek plonus, tiek storesnius si\u016blus. D\u0117l nat\u016bralaus bambuko pavir\u0161iaus virbalai yra malon\u016bs liesti, ne\u0161ildo rank\u0173 per ilg\u0105 mezgim\u0105 ir pasi\u017eymi lengvumu bei tvirtumu. Jie\u00a0 idealiai tinka tiek pradedantiesiems, tiek patyrusiems mezg\u0117jams.<\/p>","protected":false},"excerpt":{"rendered":"<p>\u0160ie ties\u016bs ChiaoGoo bambukiniai ilgi virbalai pagaminti i\u0161 ekologi\u0161ko, lengvo ir tvaraus Moso bambuko, tod\u0117l jie yra ne tik patvar\u016bs, bet ir draugi\u0161ki aplinkai. Virbalai turi gera nusmailint\u0105 galiuk\u0105, kuris leid\u017eia lengvai paimti kilpas ir skland\u017eiai megzti, tod\u0117l mezgimas tampa malonus ir tikslus.<\/p>","protected":false},"featured_media":33772,"comment_status":"open","ping_status":"closed","template":"","meta":{"_acf_changed":false},"product_brand":[560],"product_cat":[61,525,466,455,504],"product_tag":[1257],"class_list":{"0":"post-33766","1":"product","2":"type-product","3":"status-publish","4":"has-post-thumbnail","6":"product_brand-chiaogoo","7":"product_cat-virbalai-vaseliai","8":"product_cat-bambukiniai","9":"product_cat-chiaogoo-virbalai-vaseliai","10":"product_cat-gamintojas-virbalai-vaseliai","11":"product_cat-ilgi-tiesus-virbalai","12":"product_tag-chiaogoo","13":"pa_dydis-10-mm","14":"pa_dydis-2-25-mm","15":"pa_dydis-2-50-mm","16":"pa_dydis-2-75-mm","17":"pa_dydis-3-mm","18":"pa_dydis-3-25-mm","19":"pa_dydis-3-50-mm","20":"pa_dydis-3-75-mm","21":"pa_dydis-4-mm","22":"pa_dydis-4-50-mm","23":"pa_dydis-5-mm","24":"pa_dydis-5-50-mm","25":"pa_dydis-6-mm","26":"pa_dydis-6-50-mm","27":"pa_dydis-7-mm","28":"pa_dydis-8-mm","29":"pa_dydis-9-mm","31":"first","32":"instock","33":"taxable","34":"shipping-taxable","35":"purchasable","36":"product-type-variable"},"acf":[],"_links":{"self":[{"href":"https:\/\/siulubangos.lt\/lv\/wp-json\/wp\/v2\/product\/33766","targetHints":{"allow":["GET"]}}],"collection":[{"href":"https:\/\/siulubangos.lt\/lv\/wp-json\/wp\/v2\/product"}],"about":[{"href":"https:\/\/siulubangos.lt\/lv\/wp-json\/wp\/v2\/types\/product"}],"replies":[{"embeddable":true,"href":"https:\/\/siulubangos.lt\/lv\/wp-json\/wp\/v2\/comments?post=33766"}],"version-history":[{"count":0,"href":"https:\/\/siulubangos.lt\/lv\/wp-json\/wp\/v2\/product\/33766\/revisions"}],"wp:featuredmedia":[{"embeddable":true,"href":"https:\/\/siulubangos.lt\/lv\/wp-json\/wp\/v2\/media\/33772"}],"wp:attachment":[{"href":"https:\/\/siulubangos.lt\/lv\/wp-json\/wp\/v2\/media?parent=33766"}],"wp:term":[{"taxonomy":"product_brand","embeddable":true,"href":"https:\/\/siulubangos.lt\/lv\/wp-json\/wp\/v2\/product_brand?post=33766"},{"taxonomy":"product_cat","embeddable":true,"href":"https:\/\/siulubangos.lt\/lv\/wp-json\/wp\/v2\/product_cat?post=33766"},{"taxonomy":"product_tag","embeddable":true,"href":"https:\/\/siulubangos.lt\/lv\/wp-json\/wp\/v2\/product_tag?post=33766"}],"curies":[{"name":"wp","href":"https:\/\/api.w.org\/{rel}","templated":true}]}}