{"id":33814,"date":"2025-11-07T21:41:10","date_gmt":"2025-11-07T21:41:10","guid":{"rendered":"https:\/\/siulubangos.lt\/?post_type=product&#038;p=33814"},"modified":"2026-04-01T15:38:02","modified_gmt":"2026-04-01T12:38:02","slug":"chiaogoo-small-s-prisukami-valai","status":"publish","type":"product","link":"https:\/\/siulubangos.lt\/lv\/parduotuve\/chiaogoo-small-s-prisukami-valai\/","title":{"rendered":"ChiaoGoo SMALL [S] prisukami valai (20-125 cm)"},"content":{"rendered":"<h2><strong data-start=\"45\" data-end=\"81\">ChiaoGoo Small [S] prisukami valai (20-125 cm)<\/strong><\/h2>\n<p>ChiaoGoo Small [S] prisukami valai yra vertinami d\u0117l savo unikalios konstrukcijos: tai lankst\u016bs, daugiasluoksniai plieniniai troseliai, padengti raudonu nailonu. Pagrindinis j\u0173 privalumas &#8211; \u201eatminties\u201c nebuvimas, tod\u0117l i\u0161traukti i\u0161 pakuot\u0117s jie i\u0161kart i\u0161sitiesina, nesigarbanoja ir nesipina mezgant.<\/p>\n<p>\u0160ie valai turi [S] dyd\u017eio jungt\u012f, kuri idealiai tinka standartinio storio virbalams (nuo 2.75 mm iki 5.00 mm). Jungtis tarp valo ir virbalo yra suprojektuota taip precizi\u0161kai, kad per\u0117jimas tampa beveik nejuntamas, tod\u0117l net patys p\u016bkuo\u010diausi si\u016blai slysta skland\u017eiai ir niekur neu\u017esikabina.<\/p>\n<p>Priklausomai nuo j\u016bs\u0173 projekto, galite rinktis \u012fvairius ilgius: nuo pa\u010di\u0173 trumpiausi\u0173 (20 cm), skirt\u0173 rankov\u0117ms ar kepur\u0117ms, iki itin ilg\u0173 (125 cm), kurie puikiai tinka dideliems pledams ar mezgimui \u201eMagic Loop\u201c b\u016bdu. Tai patikimas, ilgaam\u017eis \u012frankis, palengvinantis mezgimo proces\u0105 ir u\u017etikrinantis malon\u0173 darb\u0105 be papildom\u0173 trukd\u017ei\u0173.<\/p>\n","protected":false},"excerpt":{"rendered":"<p>Raudonu nailono sluoksniu dengtas, keli\u0173 plienini\u0173 viel\u0173 branduol\u012f turintis valas &#8211; labai lankstus, neturi atminties (negr\u012f\u017eta \u012f susukt\u0105 form\u0105).<br \/>\nTinka SMALL [S] sriegio prisukamiems virbalams &#8211; pavyzd\u017eiui, 2.75-5 mm dyd\u017eio, jungiasi su atitinkamais antgaliais.<\/p>\n<p><strong>SVARBU : Chiaogoo gamintojas val\u0173 ilgius nurodo be prisukam\u0173 virbal\u0173.<\/strong><\/p>\n","protected":false},"featured_media":33802,"comment_status":"open","ping_status":"closed","template":"","meta":{"_acf_changed":false},"product_brand":[560],"product_cat":[1258,466,529,455,569,310,528,570,61],"product_tag":[1257],"class_list":{"0":"post-33814","1":"product","2":"type-product","3":"status-publish","4":"has-post-thumbnail","6":"product_brand-chiaogoo","7":"product_cat-chiaogoo-kitos-priemones","8":"product_cat-chiaogoo-virbalai-vaseliai","9":"product_cat-gamintojas-kitos-priemones","10":"product_cat-gamintojas-virbalai-vaseliai","11":"product_cat-jungtys-antgaliai-ir-kiti-priedai","12":"product_cat-mezgimo-priemones","13":"product_cat-priemones-tipas","14":"product_cat-valai-virbalams","15":"product_cat-virbalai-vaseliai","16":"product_tag-chiaogoo","17":"pa_ilgis-125-cm","18":"pa_ilgis-20-cm","19":"pa_ilgis-35-cm","20":"pa_ilgis-55-cm","21":"pa_ilgis-75-cm","22":"pa_ilgis-93-cm","24":"first","25":"instock","26":"taxable","27":"shipping-taxable","28":"purchasable","29":"product-type-variable"},"acf":[],"_links":{"self":[{"href":"https:\/\/siulubangos.lt\/lv\/wp-json\/wp\/v2\/product\/33814","targetHints":{"allow":["GET"]}}],"collection":[{"href":"https:\/\/siulubangos.lt\/lv\/wp-json\/wp\/v2\/product"}],"about":[{"href":"https:\/\/siulubangos.lt\/lv\/wp-json\/wp\/v2\/types\/product"}],"replies":[{"embeddable":true,"href":"https:\/\/siulubangos.lt\/lv\/wp-json\/wp\/v2\/comments?post=33814"}],"version-history":[{"count":0,"href":"https:\/\/siulubangos.lt\/lv\/wp-json\/wp\/v2\/product\/33814\/revisions"}],"wp:featuredmedia":[{"embeddable":true,"href":"https:\/\/siulubangos.lt\/lv\/wp-json\/wp\/v2\/media\/33802"}],"wp:attachment":[{"href":"https:\/\/siulubangos.lt\/lv\/wp-json\/wp\/v2\/media?parent=33814"}],"wp:term":[{"taxonomy":"product_brand","embeddable":true,"href":"https:\/\/siulubangos.lt\/lv\/wp-json\/wp\/v2\/product_brand?post=33814"},{"taxonomy":"product_cat","embeddable":true,"href":"https:\/\/siulubangos.lt\/lv\/wp-json\/wp\/v2\/product_cat?post=33814"},{"taxonomy":"product_tag","embeddable":true,"href":"https:\/\/siulubangos.lt\/lv\/wp-json\/wp\/v2\/product_tag?post=33814"}],"curies":[{"name":"wp","href":"https:\/\/api.w.org\/{rel}","templated":true}]}}