{"id":33843,"date":"2025-11-07T22:25:57","date_gmt":"2025-11-07T22:25:57","guid":{"rendered":"https:\/\/siulubangos.lt\/?post_type=product&#038;p=33843"},"modified":"2026-03-09T22:11:57","modified_gmt":"2026-03-09T20:11:57","slug":"chiaogoo-plieniniu-virbalu-kojinems-rinkinys-15-cm","status":"publish","type":"product","link":"https:\/\/siulubangos.lt\/lv\/parduotuve\/chiaogoo-plieniniu-virbalu-kojinems-rinkinys-15-cm\/","title":{"rendered":"ChiaoGoo t\u0113rauda ze\u0137u adatu komplekts (15 cm)"},"content":{"rendered":"<h2><strong data-start=\"29\" data-end=\"77\">ChiaoGoo t\u0113rauda ze\u0137u adatu komplekts (15 cm)<\/strong><\/h2>\n<p>Tai auk\u0161tos kokyb\u0117s, patvar\u016bs ir tiksl\u016bs virbalai, specialiai sukurti mezgti kojines. Ner\u016bdijantis plienas yra hipoalerginis, tod\u0117l saugus net jautriai odai. Matin\u0117 danga neleid\u017eia \u0161viesai atspind\u0117ti, o ai\u0161kiai pa\u017eym\u0117ti dyd\u017eiai leid\u017eia lengvai orientuotis. Virbalai tinka tiek pradedantiesiems, tiek patyrusiems mezg\u0117jams, u\u017etikrina lyg\u0173, tvarking\u0105 mezgin\u012f ir patog\u0173 darb\u0105 net su plonais si\u016blais. Rinkinys suteikia visas priemones, kad mezginiai b\u016bt\u0173 greitai, tiksliai ir maloniai pagaminti.<\/p>","protected":false},"excerpt":{"rendered":"<p>Dabar &#8211; puikus metas i\u0161bandyti nuostab\u0173 ChiaoGoo kojini\u0173 virbal\u0173 rinkin\u012f ir sukurti ka\u017ek\u0105 \u012fsp\u016bdingo!<\/p>\n<p>\u0160is rinkinys apima \u0161e\u0161ias 15 cm ilgio kojini\u0173 virbal\u0173 poras, kuri\u0173 dyd\u017eiai: 2.0, 2.25, 2.50, 2.75, 3.0 ir 3.25 mm.<\/p>\n<p>Rinkinyje taip pat rasite 12 aki\u0173 \u017eymekli\u0173, 13 cm dyd\u017eio matuokl\u012f ir gra\u017ei\u0105, kompakti\u0161k\u0105 audinio d\u0117kl\u0105. D\u0117klas turi i\u0161orin\u0119 ki\u0161en\u0117l\u0119 su u\u017etrauktuku, patogiai laikymui.<\/p>\n<p>Virbalai pagaminti i\u0161 ner\u016bdijan\u010dio plieno &#8211; tvirti, lyg\u016bs ir itin patvar\u016bs. Virbalai yra tu\u0161\u010diaviduriai, tod\u0117l yra lengvi.<\/p>","protected":false},"featured_media":33846,"comment_status":"open","ping_status":"closed","template":"","meta":{"_acf_changed":false},"product_brand":[560],"product_cat":[455,466,527,505,499,61,507],"product_tag":[1257],"class_list":{"0":"post-33843","1":"product","2":"type-product","3":"status-publish","4":"has-post-thumbnail","6":"product_brand-chiaogoo","7":"product_cat-gamintojas-virbalai-vaseliai","8":"product_cat-chiaogoo-virbalai-vaseliai","9":"product_cat-metaliniai","10":"product_cat-rinkiniai","11":"product_cat-rusis","12":"product_cat-virbalai-vaseliai","13":"product_cat-virbalu-rinkiniai","14":"product_tag-chiaogoo","15":"pa_dydis-10-mm","16":"pa_dydis-2-25-mm","17":"pa_dydis-2-50-mm","18":"pa_dydis-2-75-mm","19":"pa_dydis-3-mm","20":"pa_dydis-3-25-mm","21":"pa_dydis-3-50-mm","22":"pa_dydis-3-75-mm","23":"pa_dydis-4-mm","24":"pa_dydis-4-50-mm","25":"pa_dydis-5-mm","26":"pa_dydis-5-50-mm","27":"pa_dydis-6-mm","28":"pa_dydis-6-50-mm","29":"pa_dydis-7-mm","30":"pa_dydis-8-mm","31":"pa_dydis-9-mm","33":"first","34":"instock","35":"taxable","36":"shipping-taxable","37":"purchasable","38":"product-type-simple"},"acf":[],"_links":{"self":[{"href":"https:\/\/siulubangos.lt\/lv\/wp-json\/wp\/v2\/product\/33843","targetHints":{"allow":["GET"]}}],"collection":[{"href":"https:\/\/siulubangos.lt\/lv\/wp-json\/wp\/v2\/product"}],"about":[{"href":"https:\/\/siulubangos.lt\/lv\/wp-json\/wp\/v2\/types\/product"}],"replies":[{"embeddable":true,"href":"https:\/\/siulubangos.lt\/lv\/wp-json\/wp\/v2\/comments?post=33843"}],"version-history":[{"count":0,"href":"https:\/\/siulubangos.lt\/lv\/wp-json\/wp\/v2\/product\/33843\/revisions"}],"wp:featuredmedia":[{"embeddable":true,"href":"https:\/\/siulubangos.lt\/lv\/wp-json\/wp\/v2\/media\/33846"}],"wp:attachment":[{"href":"https:\/\/siulubangos.lt\/lv\/wp-json\/wp\/v2\/media?parent=33843"}],"wp:term":[{"taxonomy":"product_brand","embeddable":true,"href":"https:\/\/siulubangos.lt\/lv\/wp-json\/wp\/v2\/product_brand?post=33843"},{"taxonomy":"product_cat","embeddable":true,"href":"https:\/\/siulubangos.lt\/lv\/wp-json\/wp\/v2\/product_cat?post=33843"},{"taxonomy":"product_tag","embeddable":true,"href":"https:\/\/siulubangos.lt\/lv\/wp-json\/wp\/v2\/product_tag?post=33843"}],"curies":[{"name":"wp","href":"https:\/\/api.w.org\/{rel}","templated":true}]}}