{"id":33903,"date":"2025-11-08T15:41:58","date_gmt":"2025-11-08T15:41:58","guid":{"rendered":"https:\/\/siulubangos.lt\/?post_type=product&#038;p=33903"},"modified":"2026-04-16T14:16:30","modified_gmt":"2026-04-16T11:16:30","slug":"katia-krasaini-aizverami-valdzinu-markieri-60-gab","status":"publish","type":"product","link":"https:\/\/siulubangos.lt\/lv\/parduotuve\/katia-spalvingi-uzsegami-zymekliai-60-vnt\/","title":{"rendered":"KATIA spalvingi u\u017esegami \u017eymekliai (60 vnt)"},"content":{"rendered":"","protected":false},"excerpt":{"rendered":"<p>Apvali, kieta kartonin\u0117 d\u0117\u017eut\u0117 su 60 \u017eymekli\u0173 6 skirting\u0173 spalv\u0173: citrinin\u0117s geltonos, gelsvai \u017ealios, kramtomosios gumos ro\u017ein\u0117s, alyvin\u0117s, persikin\u0117s ir \u017eydros. \u0160iuos 2 cm metalinius \u017eymeklius su saugiu atidarymo ir u\u017edarymo sistema naudokite\u00a0 svarbiems mezgimo etapams pa\u017eym\u0117ti.<\/p>","protected":false},"featured_media":33904,"comment_status":"open","ping_status":"closed","template":"","meta":{"_acf_changed":false},"product_brand":[556],"product_cat":[310,529,1266,528,548],"product_tag":[307],"class_list":{"0":"post-33903","1":"product","2":"type-product","3":"status-publish","4":"has-post-thumbnail","6":"product_brand-katia","7":"product_cat-mezgimo-priemones","8":"product_cat-gamintojas-kitos-priemones","9":"product_cat-katia","10":"product_cat-priemones-tipas","11":"product_cat-zymekliai","12":"product_tag-katia","14":"first","15":"instock","16":"taxable","17":"shipping-taxable","18":"purchasable","19":"product-type-simple"},"acf":[],"_links":{"self":[{"href":"https:\/\/siulubangos.lt\/lv\/wp-json\/wp\/v2\/product\/33903","targetHints":{"allow":["GET"]}}],"collection":[{"href":"https:\/\/siulubangos.lt\/lv\/wp-json\/wp\/v2\/product"}],"about":[{"href":"https:\/\/siulubangos.lt\/lv\/wp-json\/wp\/v2\/types\/product"}],"replies":[{"embeddable":true,"href":"https:\/\/siulubangos.lt\/lv\/wp-json\/wp\/v2\/comments?post=33903"}],"version-history":[{"count":0,"href":"https:\/\/siulubangos.lt\/lv\/wp-json\/wp\/v2\/product\/33903\/revisions"}],"wp:featuredmedia":[{"embeddable":true,"href":"https:\/\/siulubangos.lt\/lv\/wp-json\/wp\/v2\/media\/33904"}],"wp:attachment":[{"href":"https:\/\/siulubangos.lt\/lv\/wp-json\/wp\/v2\/media?parent=33903"}],"wp:term":[{"taxonomy":"product_brand","embeddable":true,"href":"https:\/\/siulubangos.lt\/lv\/wp-json\/wp\/v2\/product_brand?post=33903"},{"taxonomy":"product_cat","embeddable":true,"href":"https:\/\/siulubangos.lt\/lv\/wp-json\/wp\/v2\/product_cat?post=33903"},{"taxonomy":"product_tag","embeddable":true,"href":"https:\/\/siulubangos.lt\/lv\/wp-json\/wp\/v2\/product_tag?post=33903"}],"curies":[{"name":"wp","href":"https:\/\/api.w.org\/{rel}","templated":true}]}}