{"id":33912,"date":"2025-11-08T15:56:18","date_gmt":"2025-11-08T15:56:18","guid":{"rendered":"https:\/\/siulubangos.lt\/?post_type=product&#038;p=33912"},"modified":"2026-02-25T10:25:45","modified_gmt":"2026-02-25T08:25:45","slug":"katia-vecmamminas-kvadratinu-blokesanas-delis","status":"publish","type":"product","link":"https:\/\/siulubangos.lt\/lv\/parduotuve\/katia-mociutes-kvadrateliu-blokavimo-lenta\/","title":{"rendered":"KATIA vecm\u0101mi\u0146as kvadr\u0101ti\u0146u blo\u0137\u0113\u0161anas d\u0113lis"},"content":{"rendered":"","protected":false},"excerpt":{"rendered":"<p>Ieg\u016bstiet lieliskus rezult\u0101tus ar \u0161o me\u017e\u0123\u012b\u0146u vecm\u0101mi\u0146as kvadr\u0101ta blo\u0137\u0113t\u0101ju. Koka d\u0113lis sast\u0101v no 20 met\u0101la gabali\u0146iem, katrs 10 cm gar\u0161, un 5 \u0161ujamo adatu komplekta, katra 7 cm gara. \u0160im Katia 100% YOU d\u0113lim ir neliela paliktn\u012b\u0161a met\u0101la deta\u013cu sakrau\u0161anai un line\u0101ls vien\u0101 pus\u0113, uz kura ir iegrav\u0113ti m\u0113r\u012bjumi centimetros un coll\u0101s. Izveidojiet savas vecm\u0101mi\u0146as kvadr\u0101ti\u0146us t\u0101d\u0101 izm\u0113r\u0101, k\u0101ds nepiecie\u0161ams katram n\u0101kamajam projektam! Izm\u0113ri: 23,5 cm x 23,5 cm un 1,5 cm augstum\u0101.<\/p>","protected":false},"featured_media":33913,"comment_status":"open","ping_status":"closed","template":"","meta":{"_acf_changed":false},"product_brand":[556],"product_cat":[310,542,529,1266,528],"product_tag":[307],"class_list":{"0":"post-33912","1":"product","2":"type-product","3":"status-publish","4":"has-post-thumbnail","6":"product_brand-katia","7":"product_cat-mezgimo-priemones","8":"product_cat-blokavimo-priemones","9":"product_cat-gamintojas-kitos-priemones","10":"product_cat-katia","11":"product_cat-priemones-tipas","12":"product_tag-katia","14":"first","15":"instock","16":"taxable","17":"shipping-taxable","18":"purchasable","19":"product-type-simple"},"acf":[],"_links":{"self":[{"href":"https:\/\/siulubangos.lt\/lv\/wp-json\/wp\/v2\/product\/33912","targetHints":{"allow":["GET"]}}],"collection":[{"href":"https:\/\/siulubangos.lt\/lv\/wp-json\/wp\/v2\/product"}],"about":[{"href":"https:\/\/siulubangos.lt\/lv\/wp-json\/wp\/v2\/types\/product"}],"replies":[{"embeddable":true,"href":"https:\/\/siulubangos.lt\/lv\/wp-json\/wp\/v2\/comments?post=33912"}],"version-history":[{"count":0,"href":"https:\/\/siulubangos.lt\/lv\/wp-json\/wp\/v2\/product\/33912\/revisions"}],"wp:featuredmedia":[{"embeddable":true,"href":"https:\/\/siulubangos.lt\/lv\/wp-json\/wp\/v2\/media\/33913"}],"wp:attachment":[{"href":"https:\/\/siulubangos.lt\/lv\/wp-json\/wp\/v2\/media?parent=33912"}],"wp:term":[{"taxonomy":"product_brand","embeddable":true,"href":"https:\/\/siulubangos.lt\/lv\/wp-json\/wp\/v2\/product_brand?post=33912"},{"taxonomy":"product_cat","embeddable":true,"href":"https:\/\/siulubangos.lt\/lv\/wp-json\/wp\/v2\/product_cat?post=33912"},{"taxonomy":"product_tag","embeddable":true,"href":"https:\/\/siulubangos.lt\/lv\/wp-json\/wp\/v2\/product_tag?post=33912"}],"curies":[{"name":"wp","href":"https:\/\/api.w.org\/{rel}","templated":true}]}}