{"id":33921,"date":"2025-11-08T16:12:03","date_gmt":"2025-11-08T16:12:03","guid":{"rendered":"https:\/\/siulubangos.lt\/?post_type=product&#038;p=33921"},"modified":"2026-02-17T20:53:13","modified_gmt":"2026-02-17T18:53:13","slug":"katia-piespraudes-60-gab","status":"publish","type":"product","link":"https:\/\/siulubangos.lt\/lv\/parduotuve\/katia-smeigtukai-60-vnt\/","title":{"rendered":"KATIA smeigtukai (60 vnt)"},"content":{"rendered":"","protected":false},"excerpt":{"rendered":"<p>Smeigtukai. Laikykite \u0161iuos gra\u017eius daiktus tvirtoje kartonin\u0117je d\u0117\u017eut\u0117je ir tvarkingai sutalpinkite savo mezgimo krep\u0161\u012f!<\/p>","protected":false},"featured_media":33922,"comment_status":"open","ping_status":"closed","template":"","meta":{"_acf_changed":false},"product_brand":[556],"product_cat":[310,529,1266,528,1233],"product_tag":[307],"class_list":{"0":"post-33921","1":"product","2":"type-product","3":"status-publish","4":"has-post-thumbnail","6":"product_brand-katia","7":"product_cat-mezgimo-priemones","8":"product_cat-gamintojas-kitos-priemones","9":"product_cat-katia","10":"product_cat-priemones-tipas","11":"product_cat-ziogeliai-segtukai","12":"product_tag-katia","14":"first","15":"instock","16":"taxable","17":"shipping-taxable","18":"purchasable","19":"product-type-simple"},"acf":[],"_links":{"self":[{"href":"https:\/\/siulubangos.lt\/lv\/wp-json\/wp\/v2\/product\/33921","targetHints":{"allow":["GET"]}}],"collection":[{"href":"https:\/\/siulubangos.lt\/lv\/wp-json\/wp\/v2\/product"}],"about":[{"href":"https:\/\/siulubangos.lt\/lv\/wp-json\/wp\/v2\/types\/product"}],"replies":[{"embeddable":true,"href":"https:\/\/siulubangos.lt\/lv\/wp-json\/wp\/v2\/comments?post=33921"}],"version-history":[{"count":0,"href":"https:\/\/siulubangos.lt\/lv\/wp-json\/wp\/v2\/product\/33921\/revisions"}],"wp:featuredmedia":[{"embeddable":true,"href":"https:\/\/siulubangos.lt\/lv\/wp-json\/wp\/v2\/media\/33922"}],"wp:attachment":[{"href":"https:\/\/siulubangos.lt\/lv\/wp-json\/wp\/v2\/media?parent=33921"}],"wp:term":[{"taxonomy":"product_brand","embeddable":true,"href":"https:\/\/siulubangos.lt\/lv\/wp-json\/wp\/v2\/product_brand?post=33921"},{"taxonomy":"product_cat","embeddable":true,"href":"https:\/\/siulubangos.lt\/lv\/wp-json\/wp\/v2\/product_cat?post=33921"},{"taxonomy":"product_tag","embeddable":true,"href":"https:\/\/siulubangos.lt\/lv\/wp-json\/wp\/v2\/product_tag?post=33921"}],"curies":[{"name":"wp","href":"https:\/\/api.w.org\/{rel}","templated":true}]}}