{"id":33924,"date":"2025-11-08T16:24:14","date_gmt":"2025-11-08T16:24:14","guid":{"rendered":"https:\/\/siulubangos.lt\/?post_type=product&#038;p=33924"},"modified":"2026-02-13T12:32:17","modified_gmt":"2026-02-13T10:32:17","slug":"katia-adamadatu-uzgali","status":"publish","type":"product","link":"https:\/\/siulubangos.lt\/lv\/parduotuve\/katia-virbalu-antgaliai\/","title":{"rendered":"KATIA virves padomi"},"content":{"rendered":"","protected":false},"excerpt":{"rendered":"<p>24 \u012fvairi\u0173 spalv\u0173 ir dyd\u017ei\u0173 mezgimo virbal\u0173 stabdikliai kartonin\u0117je d\u0117\u017eut\u0117je. Saugokite visus savo mezgimo projektus ir suteikite jiems spalv\u0173 su \u0161iais EVA gumos adat\u0173 apsaugomis. \u012eki\u0161kite virbal\u0173 galiukus per \u0161i\u0173 cilindrini\u0173 putplas\u010dio stabdikli\u0173 centr\u0105 ir lengvai u\u017estumkite juos d\u0117l j\u0173 lankstumo. \u0160ie skirting\u0173 dyd\u017ei\u0173 apsaugos puikiai prisitaiko prie j\u016bs\u0173 virbal\u0173, u\u017etikrindami saug\u0173 darb\u0105 ir nerizikuodami numesti aki\u0173. Galite rinktis i\u0161 24 adat\u0173 stabdikli\u0173 &#8211; po 4 kiekvieno dyd\u017eio ir 6 skirting\u0173 skersmen\u0173! Kiekviena spalva atitinka skirting\u0105 dyd\u012f, tod\u0117l galite lengvai ir greitai atpa\u017einti savo virbalus. Naudokite juos su vis\u0173 r\u016b\u0161i\u0173 mezgimo virbalais: tiesiais, apvaliais ir dvismailiais virbalais nuo 2.00 iki 12.00 mm dyd\u017eio. Mezgti lengviau su smagiais Katia aksesuarais!<\/p>","protected":false},"featured_media":33925,"comment_status":"open","ping_status":"closed","template":"","meta":{"_acf_changed":false},"product_brand":[556],"product_cat":[310,546,529,1266,528],"product_tag":[307],"class_list":{"0":"post-33924","1":"product","2":"type-product","3":"status-publish","4":"has-post-thumbnail","6":"product_brand-katia","7":"product_cat-mezgimo-priemones","8":"product_cat-antgaliai-virbalams","9":"product_cat-gamintojas-kitos-priemones","10":"product_cat-katia","11":"product_cat-priemones-tipas","12":"product_tag-katia","14":"first","15":"instock","16":"taxable","17":"shipping-taxable","18":"purchasable","19":"product-type-simple"},"acf":[],"_links":{"self":[{"href":"https:\/\/siulubangos.lt\/lv\/wp-json\/wp\/v2\/product\/33924","targetHints":{"allow":["GET"]}}],"collection":[{"href":"https:\/\/siulubangos.lt\/lv\/wp-json\/wp\/v2\/product"}],"about":[{"href":"https:\/\/siulubangos.lt\/lv\/wp-json\/wp\/v2\/types\/product"}],"replies":[{"embeddable":true,"href":"https:\/\/siulubangos.lt\/lv\/wp-json\/wp\/v2\/comments?post=33924"}],"version-history":[{"count":0,"href":"https:\/\/siulubangos.lt\/lv\/wp-json\/wp\/v2\/product\/33924\/revisions"}],"wp:featuredmedia":[{"embeddable":true,"href":"https:\/\/siulubangos.lt\/lv\/wp-json\/wp\/v2\/media\/33925"}],"wp:attachment":[{"href":"https:\/\/siulubangos.lt\/lv\/wp-json\/wp\/v2\/media?parent=33924"}],"wp:term":[{"taxonomy":"product_brand","embeddable":true,"href":"https:\/\/siulubangos.lt\/lv\/wp-json\/wp\/v2\/product_brand?post=33924"},{"taxonomy":"product_cat","embeddable":true,"href":"https:\/\/siulubangos.lt\/lv\/wp-json\/wp\/v2\/product_cat?post=33924"},{"taxonomy":"product_tag","embeddable":true,"href":"https:\/\/siulubangos.lt\/lv\/wp-json\/wp\/v2\/product_tag?post=33924"}],"curies":[{"name":"wp","href":"https:\/\/api.w.org\/{rel}","templated":true}]}}