{"id":33929,"date":"2025-11-08T16:46:54","date_gmt":"2025-11-08T16:46:54","guid":{"rendered":"https:\/\/siulubangos.lt\/?post_type=product&#038;p=33929"},"modified":"2026-01-12T15:36:47","modified_gmt":"2026-01-12T13:36:47","slug":"knools-vilnos-prieziuros-skalbiklis-250-ml","status":"publish","type":"product","link":"https:\/\/siulubangos.lt\/lv\/parduotuve\/knools-vilnos-prieziuros-skalbiklis-250-ml\/","title":{"rendered":"KNOOLS vilnos prie\u017ei\u016bros skalbiklis (250 ml)"},"content":{"rendered":"<h2><strong>KNOOLS vilnos prie\u017ei\u016bros skalbiklis (250 ml)<\/strong><\/h2>\n<p>Muilo \u017eol\u0117 turi turting\u0105 istorij\u0105, siekian\u010di\u0105 senov\u0119 ir viduram\u017eius, kai ji buvo naudojama visoje Europoje ir kituose pasaulio regionuose kaip nat\u016bralus muilo \u0161altinis. Joje yra nat\u016brali\u0173 pavir\u0161inio aktyvumo med\u017eiag\u0173, vadinam\u0173 saponinais, kurios sukuria putojant\u012f ir valom\u0105j\u012f poveik\u012f. \u201eWool Care\u201c, praturtintas muilo \u017eole, j\u016bs\u0173 megztus drabu\u017eius apdoroja itin \u0161velniai ir nat\u016braliai. D\u0117l savo \u0161velnaus pob\u016bd\u017eio muilo \u017eol\u0117 puikiai tinka jautriai odai ir gle\u017eniems tekstil\u0117s gaminiams.<\/p>\n<p>Tur\u0117dama \u201eDermatest\u201c patvirtinimo \u017eenkl\u0105 ir atitikt\u012f \u201eNature Care\u201c produkt\u0173 standartams, \u201eWool Care\u201c garantuoja \u0161veln\u0173 ir nat\u016bral\u0173 valym\u0105.<\/p>\n<p>\u201eKnools Wool Care\u201c tinka vis\u0173 tip\u0173 vilnai ir medvilnei, \u012fskaitant ka\u0161myr\u0105, alpak\u0105, moher\u012f ir merino.<\/p>\n<h3><strong>Naudojimo instrukcijos:<\/strong><\/h3>\n<p>pripildykite duben\u012f drungnu vandeniu ir \u012fpilkite \u201eWool Care\u201c. \u012eprastam megztiniui pakanka vieno dangtelio. \u012ed\u0117kite megzt\u0105 drabu\u017e\u012f \u012f voni\u0105 ir leiskite jam mirkti iki valandos, kelis kartus \u0161velniai papurtydami. Nuskalaukite \u0161variu vandeniu.<\/p>","protected":false},"excerpt":{"rendered":"<p>Pamaitinkite savo megztus drabu\u017eius ir leiskite jiems \u017eyd\u0117ti su \u0161velnia \u201eKnools Wool Care\u201c prie\u017ei\u016bra. \u0160is vilnos skalbiklis puosel\u0117ja j\u016bs\u0173 megztus drabu\u017eius 100 % nat\u016braliais ingredientais. Ypatingas ingredientas: muilo \u017eol\u0117!<\/p>","protected":false},"featured_media":33930,"comment_status":"open","ping_status":"closed","template":"","meta":{"_acf_changed":false},"product_brand":[],"product_cat":[310,529,1267,528,543],"product_tag":[1268],"class_list":{"0":"post-33929","1":"product","2":"type-product","3":"status-publish","4":"has-post-thumbnail","6":"product_cat-mezgimo-priemones","7":"product_cat-gamintojas-kitos-priemones","8":"product_cat-knools","9":"product_cat-priemones-tipas","10":"product_cat-skalbikliai","11":"product_tag-knools","13":"first","14":"instock","15":"taxable","16":"shipping-taxable","17":"purchasable","18":"product-type-simple"},"acf":[],"_links":{"self":[{"href":"https:\/\/siulubangos.lt\/lv\/wp-json\/wp\/v2\/product\/33929","targetHints":{"allow":["GET"]}}],"collection":[{"href":"https:\/\/siulubangos.lt\/lv\/wp-json\/wp\/v2\/product"}],"about":[{"href":"https:\/\/siulubangos.lt\/lv\/wp-json\/wp\/v2\/types\/product"}],"replies":[{"embeddable":true,"href":"https:\/\/siulubangos.lt\/lv\/wp-json\/wp\/v2\/comments?post=33929"}],"version-history":[{"count":0,"href":"https:\/\/siulubangos.lt\/lv\/wp-json\/wp\/v2\/product\/33929\/revisions"}],"wp:featuredmedia":[{"embeddable":true,"href":"https:\/\/siulubangos.lt\/lv\/wp-json\/wp\/v2\/media\/33930"}],"wp:attachment":[{"href":"https:\/\/siulubangos.lt\/lv\/wp-json\/wp\/v2\/media?parent=33929"}],"wp:term":[{"taxonomy":"product_brand","embeddable":true,"href":"https:\/\/siulubangos.lt\/lv\/wp-json\/wp\/v2\/product_brand?post=33929"},{"taxonomy":"product_cat","embeddable":true,"href":"https:\/\/siulubangos.lt\/lv\/wp-json\/wp\/v2\/product_cat?post=33929"},{"taxonomy":"product_tag","embeddable":true,"href":"https:\/\/siulubangos.lt\/lv\/wp-json\/wp\/v2\/product_tag?post=33929"}],"curies":[{"name":"wp","href":"https:\/\/api.w.org\/{rel}","templated":true}]}}