{"id":34021,"date":"2025-11-08T20:26:11","date_gmt":"2025-11-08T20:26:11","guid":{"rendered":"https:\/\/siulubangos.lt\/?post_type=product&#038;p=34021"},"modified":"2026-02-19T20:04:21","modified_gmt":"2026-02-19T18:04:21","slug":"chiaogoo-spin-pieskruvejamas-bambusa-10-cm-auklas","status":"publish","type":"product","link":"https:\/\/siulubangos.lt\/lv\/parduotuve\/chiaogoo-spin-prisukami-bambukiniai-10-cm-virbalai\/","title":{"rendered":"ChiaoGoo SPIN skr\u016bv\u0113jamas bambusa adatas (10 cm)"},"content":{"rendered":"<h2 data-start=\"349\" data-end=\"605\"><strong data-start=\"349\" data-end=\"397\">ChiaoGoo SPIN skr\u016bv\u0113jamas bambusa adatas (10 cm)<\/strong><\/h2>\n<p data-start=\"349\" data-end=\"605\">ChiaoGoo SPIN uzskr\u016bv\u0113jam\u0101 bambusa spol\u012bte ir ide\u0101la izv\u0113le ad\u012bt\u0101j\u0101m, kuras nov\u0113rt\u0113 dabiskus materi\u0101lus, komfortu un gludu ad\u012b\u0161anu. Izgatavotas no augstas kvalit\u0101tes bambusa, spol\u012btes ir vieglas, siltas rok\u0101s un pat\u012bkamas piesk\u0101rienam.<\/p>\n<p data-start=\"607\" data-end=\"921\">SPIN sist\u0113ma at\u0161\u0137iras ar to, ka <strong data-start=\"640\" data-end=\"682\">vi\u013c\u0146i br\u012bvi rot\u0113 savienojuma punkt\u0101.<\/strong>, Ad\u012b\u0161anas laik\u0101 tas nesav\u0113rpjas un \u013cauj str\u0101d\u0101t bez papildu slodzes rok\u0101m. Glud\u0101 bambusa virsma nodro\u0161ina, ka dzija sl\u012bd gludi, bet nav p\u0101r\u0101k slidena, kas ir \u012bpa\u0161i noder\u012bgi ies\u0101c\u0113jiem un str\u0101d\u0101jot ar slidenu dziju.<\/p>\n<p data-start=\"923\" data-end=\"1103\">\u0160\u012bs uzskr\u016bv\u0113jam\u0101s auklas ir lieliski piem\u0113rotas d\u017eemperiem, \u0161all\u0113m, \u0161alles, cepur\u0113m un citiem gan maziem, gan lieliem projektiem. Sader\u012bgas ar ChiaoGoo SPIN velt\u0146iem un piederumiem.<\/p>\n<h3><strong>Visp\u0101r\u012bga inform\u0101cija par visiem ChiaoGoo main\u0101majiem kabe\u013ciem<\/strong><\/h3>\n<p>TWIST un SPIN ir vien\u0101da izm\u0113ra v\u012btnes, t\u0101p\u0113c tie ir savstarp\u0113ji sader\u012bgi. Uz vis\u0101m uzskr\u016bv\u0113jamaj\u0101m spol\u012bt\u0113m un rull\u012b\u0161iem ir l\u0101zermar\u0137\u0113jums ar atbilsto\u0161o diegu izm\u0113ru:<\/p>\n<p>M = MINI - piem\u0113rots 1,50-2,50 mm (10 un 13 cm) un 1,50-3,25 mm (8 cm) izm\u0113ra aukl\u0101m.<\/p>\n<p>S = mazs - piem\u0113rots 2,75-5,0 mm (10 un 13 cm) un 3,50-5,0 mm (8 cm) izm\u0113ra aukl\u0101m.<\/p>\n<p>L = liels - piem\u0113rots auklas izm\u0113riem 5,50-10,0 mm (10 un 13 cm)<\/p>\n<p>MINI s\u0113rija nav savietojama ar S un L v\u012bt\u0146u izm\u0113riem, t\u0101p\u0113c visas MINI ieskr\u016bv\u0113jam\u0101s v\u0101rpstas j\u0101izmanto tikai ar MINI v\u0101rpst\u0101m.<\/p>\n<p>L\u016bdzu, \u0146emiet v\u0113r\u0101, ka 10 cm un 13 cm MINI skr\u016bv\u0113jam\u0101 virve ir p\u0101r\u0101k gara, lai to izmantotu ar 5 cm, 13 cm vai 15 cm MINI velt\u0146iem. Tos var pagarin\u0101t, izmantojot MINI rull\u012b\u0161u savienot\u0101ju.<\/p>\n<p>ChiaoGoo pied\u0101v\u0101 ar\u012b adapterus MINI, S un L v\u012bt\u0146u izm\u0113ru savieno\u0161anai.<\/p>\n<p>Iz\u0146\u0113mums:<br \/>\nChiaoGoo MINI SHORTIES uzskr\u016bv\u0113jamie virvju k\u0101ti\u0146i (izm\u0113rs 1,50-3,25 mm) ir sader\u012bgi tikai ar MINI v\u012bt\u0146u izstr\u0101d\u0101jumiem.<\/p>","protected":false},"excerpt":{"rendered":"<p><strong>ChiaoGoo SPIN skr\u016bv\u0113jam\u0101s bambusa n\u016bji\u0146as<\/strong> ar plat\u012bna p\u0101rkl\u0101jumu un ar rok\u0101m izgatavoti no augstas kvalit\u0101tes moso bambusa, un tie ir pieejami da\u017e\u0101da biezuma. T\u0101d\u0113j\u0101di j\u016bs varat izveidot ide\u0101las uzskr\u016bv\u0113jamas ad\u0101madatas katram projektam. Savienot\u0101ji ir izgatavoti no iztur\u012bga, gluda ni\u0137el\u0113ta vara, t\u0101p\u0113c dzija viegli sl\u012bd cauri savienot\u0101jiem. ChiaoGoo SPIN Bambusa pieskr\u016bv\u0113jam\u0101s ad\u0101madatas ir ra\u017eotas no <strong>2,75-10,0 mm<\/strong>.<\/p>","protected":false},"featured_media":34025,"comment_status":"open","ping_status":"closed","template":"","meta":{"_acf_changed":false},"product_brand":[560],"product_cat":[513,525,466,455,61],"product_tag":[1257],"class_list":{"0":"post-34021","1":"product","2":"type-product","3":"status-publish","4":"has-post-thumbnail","6":"product_brand-chiaogoo","7":"product_cat-10-cm-prisukami-virbalai","8":"product_cat-bambukiniai","9":"product_cat-chiaogoo-virbalai-vaseliai","10":"product_cat-gamintojas-virbalai-vaseliai","11":"product_cat-virbalai-vaseliai","12":"product_tag-chiaogoo","13":"pa_dydis-10-mm","14":"pa_dydis-2-75-mm","15":"pa_dydis-3-mm","16":"pa_dydis-3-25-mm","17":"pa_dydis-3-50-mm","18":"pa_dydis-3-75-mm","19":"pa_dydis-4-mm","20":"pa_dydis-4-50-mm","21":"pa_dydis-5-mm","22":"pa_dydis-5-50-mm","23":"pa_dydis-6-mm","24":"pa_dydis-6-50-mm","25":"pa_dydis-7-mm","26":"pa_dydis-7-50-mm","27":"pa_dydis-8-mm","28":"pa_dydis-9-mm","30":"first","31":"instock","32":"featured","33":"taxable","34":"shipping-taxable","35":"purchasable","36":"product-type-variable"},"acf":[],"_links":{"self":[{"href":"https:\/\/siulubangos.lt\/lv\/wp-json\/wp\/v2\/product\/34021","targetHints":{"allow":["GET"]}}],"collection":[{"href":"https:\/\/siulubangos.lt\/lv\/wp-json\/wp\/v2\/product"}],"about":[{"href":"https:\/\/siulubangos.lt\/lv\/wp-json\/wp\/v2\/types\/product"}],"replies":[{"embeddable":true,"href":"https:\/\/siulubangos.lt\/lv\/wp-json\/wp\/v2\/comments?post=34021"}],"version-history":[{"count":0,"href":"https:\/\/siulubangos.lt\/lv\/wp-json\/wp\/v2\/product\/34021\/revisions"}],"wp:featuredmedia":[{"embeddable":true,"href":"https:\/\/siulubangos.lt\/lv\/wp-json\/wp\/v2\/media\/34025"}],"wp:attachment":[{"href":"https:\/\/siulubangos.lt\/lv\/wp-json\/wp\/v2\/media?parent=34021"}],"wp:term":[{"taxonomy":"product_brand","embeddable":true,"href":"https:\/\/siulubangos.lt\/lv\/wp-json\/wp\/v2\/product_brand?post=34021"},{"taxonomy":"product_cat","embeddable":true,"href":"https:\/\/siulubangos.lt\/lv\/wp-json\/wp\/v2\/product_cat?post=34021"},{"taxonomy":"product_tag","embeddable":true,"href":"https:\/\/siulubangos.lt\/lv\/wp-json\/wp\/v2\/product_tag?post=34021"}],"curies":[{"name":"wp","href":"https:\/\/api.w.org\/{rel}","templated":true}]}}