{"id":34163,"date":"2025-11-08T20:48:57","date_gmt":"2025-11-08T20:48:57","guid":{"rendered":"https:\/\/siulubangos.lt\/?post_type=product&#038;p=34163"},"modified":"2026-03-03T14:50:00","modified_gmt":"2026-03-03T12:50:00","slug":"chiaogoo-terauda-pirkstu-tapas","status":"publish","type":"product","link":"https:\/\/siulubangos.lt\/lv\/parduotuve\/chiaogoo-plieniniai-kojiniu-virbalai\/","title":{"rendered":"ChiaoGoo t\u0113rauda ze\u0137u adatas (15\u201320 cm)"},"content":{"rendered":"<h2><strong>ChiaoGoo t\u0113rauda ze\u0137u virves (15-20 cm), (5 gab.)<\/strong><\/h2>\n<p data-start=\"140\" data-end=\"431\">\u0160ie ir augstas kvalit\u0101tes instrumenti, kas paredz\u0113ti prec\u012bzai un \u0113rtai ad\u012b\u0161anai ri\u0146\u0137os. Tie ir ide\u0101li piem\u0113roti ze\u0137u, piedurk\u0146u, cimdu, cepuru un citu nelielu vai \u0161auru projektu ad\u012b\u0161anai, kam nepiecie\u0161ama precizit\u0101te un kontrole.<\/p>\n<p data-start=\"433\" data-end=\"782\">Vijoles, kas izgatavotas no <strong data-start=\"455\" data-end=\"478\">ner\u016bs\u0113jo\u0161ais t\u0113rauds<\/strong>, padarot tos \u012bpa\u0161i iztur\u012bgus, iztur\u012bgus un notur\u012bgus pret deform\u0101ciju. Mat\u0113t\u0101 virsmas apdare samazina gaismas atstaro\u0161anos, samazinot acu nogurumu pat garu ad\u012b\u0161anas sesiju laik\u0101. Asais, bet neagres\u012bvais auklu gals \u013cauj viegli uztvert pat viss\u012bk\u0101kos valdzi\u0146us, kas ir ide\u0101li piem\u0113rots rakstu, a\u017e\u016bru un smalku diegu ad\u012b\u0161anai.<\/p>\n<p data-start=\"784\" data-end=\"1032\">\u0160ie <strong data-start=\"788\" data-end=\"815\">hipoaler\u0123iskas virves<\/strong> ir dro\u0161i lietojami pat pret ni\u0137eli jut\u012bg\u0101m ad\u012bt\u0101j\u0101m. Katrai auklai ir <strong data-start=\"895\" data-end=\"920\">ar l\u0101zermar\u0137\u0113tu izm\u0113ru<\/strong>, kas saglab\u0101sies visu m\u016b\u017eu, nenober\u017eoties - \u012bpa\u0161i \u0113rti, ja jums ir vair\u0101ki da\u017e\u0101du izm\u0113ru komplekti.<\/p>\n<p data-start=\"1034\" data-end=\"1210\"><strong data-start=\"1034\" data-end=\"1066\">Komplekt\u0101 ir 5 st\u012bgas<\/strong> nodro\u0161ina stabilu ad\u012b\u0161anu apa\u013caj\u0101 form\u0101, un pieejamie 15 cm un 20 cm garumi \u013cauj jums izv\u0113l\u0113ties optim\u0101lo variantu atbilsto\u0161i j\u016bsu projekta izm\u0113ram un person\u012bgajiem ieradumiem.<\/p>\n<p>&nbsp;<\/p>","protected":false},"excerpt":{"rendered":"<p>\u0160\u012bs ChiaoGoo ze\u0137u ad\u0101madatas ir izgatavotas no ner\u016bs\u0113jo\u0161\u0101 t\u0113rauda (RVS) - \u012bpa\u0161i iztur\u012bga, iztur\u012bga, viegla un piln\u012bb\u0101 p\u0101rstr\u0101d\u0101jama materi\u0101la. Prec\u012bzas formas, vienm\u0113r\u012bgi konusveida uzga\u013ci atvieglo ad\u012b\u0161anu, savuk\u0101rt \u012bpa\u0161i glud\u0101 virsma ne\u013cauj ac\u012bm viegli izsl\u012bd\u0113t no auklas. Ide\u0101li piem\u0113rots maz\u0101ku ad\u012bjumu ad\u012b\u0161anai apa\u013c\u0101 k\u0101rt\u0101, piem\u0113ram, ze\u0137u, ze\u0137biks\u012b\u0161u vai cimdu un citu ad\u012bjumu ad\u012b\u0161anai.<\/p>","protected":false},"featured_media":34164,"comment_status":"open","ping_status":"closed","template":"","meta":{"_acf_changed":false},"product_brand":[560],"product_cat":[61,510,509,466,455,503],"product_tag":[1257],"class_list":{"0":"post-34163","1":"product","2":"type-product","3":"status-publish","4":"has-post-thumbnail","6":"product_brand-chiaogoo","7":"product_cat-virbalai-vaseliai","8":"product_cat-15-cm","9":"product_cat-20-cm","10":"product_cat-chiaogoo-virbalai-vaseliai","11":"product_cat-gamintojas-virbalai-vaseliai","12":"product_cat-virbalai-kojinems-5-vnt","13":"product_tag-chiaogoo","14":"pa_dydis-2-mm","15":"pa_dydis-2-25-mm","16":"pa_dydis-2-50-mm","17":"pa_dydis-2-75-mm","18":"pa_dydis-3-mm","19":"pa_dydis-3-25-mm","20":"pa_dydis-3-50-mm","21":"pa_dydis-3-75-mm","22":"pa_dydis-4-mm","23":"pa_dydis-4-50-mm","24":"pa_dydis-5-mm","25":"pa_dydis-6-mm","26":"pa_ilgis-15-cm","27":"pa_ilgis-20-cm","29":"first","30":"instock","31":"featured","32":"taxable","33":"shipping-taxable","34":"purchasable","35":"product-type-variable"},"acf":[],"_links":{"self":[{"href":"https:\/\/siulubangos.lt\/lv\/wp-json\/wp\/v2\/product\/34163","targetHints":{"allow":["GET"]}}],"collection":[{"href":"https:\/\/siulubangos.lt\/lv\/wp-json\/wp\/v2\/product"}],"about":[{"href":"https:\/\/siulubangos.lt\/lv\/wp-json\/wp\/v2\/types\/product"}],"replies":[{"embeddable":true,"href":"https:\/\/siulubangos.lt\/lv\/wp-json\/wp\/v2\/comments?post=34163"}],"version-history":[{"count":0,"href":"https:\/\/siulubangos.lt\/lv\/wp-json\/wp\/v2\/product\/34163\/revisions"}],"wp:featuredmedia":[{"embeddable":true,"href":"https:\/\/siulubangos.lt\/lv\/wp-json\/wp\/v2\/media\/34164"}],"wp:attachment":[{"href":"https:\/\/siulubangos.lt\/lv\/wp-json\/wp\/v2\/media?parent=34163"}],"wp:term":[{"taxonomy":"product_brand","embeddable":true,"href":"https:\/\/siulubangos.lt\/lv\/wp-json\/wp\/v2\/product_brand?post=34163"},{"taxonomy":"product_cat","embeddable":true,"href":"https:\/\/siulubangos.lt\/lv\/wp-json\/wp\/v2\/product_cat?post=34163"},{"taxonomy":"product_tag","embeddable":true,"href":"https:\/\/siulubangos.lt\/lv\/wp-json\/wp\/v2\/product_tag?post=34163"}],"curies":[{"name":"wp","href":"https:\/\/api.w.org\/{rel}","templated":true}]}}