{"id":34197,"date":"2025-11-13T19:34:31","date_gmt":"2025-11-13T19:34:31","guid":{"rendered":"https:\/\/siulubangos.lt\/?post_type=product&#038;p=34197"},"modified":"2026-03-01T00:05:51","modified_gmt":"2026-02-28T22:05:51","slug":"chiaogoo-adita-sarkana-velmeta-spole-60cm-100-cm","status":"publish","type":"product","link":"https:\/\/siulubangos.lt\/lv\/parduotuve\/chiaogoo-knit-red-virbalai-su-valu-60cm-100-cm\/","title":{"rendered":"ChiaoGoo Knit RED adatas ar vadu (40\u2013100 cm)"},"content":{"rendered":"<h2><strong>ChiaoGoo Knit RED adatas ar vadu (40\u2013100 cm)<\/strong><\/h2>\n<p>Rull\u012b\u0161i ir izgatavoti no augstas kvalit\u0101tes ner\u016bs\u0113jo\u0161\u0101 t\u0113rauda, kas ir hipoaler\u0123isks - dro\u0161s pat tiem, kam ir aler\u0123ija pret ni\u0137eli. Stipr\u0101, viegl\u0101 un piln\u012bb\u0101 p\u0101rstr\u0101d\u0101jam\u0101 met\u0101la sakaus\u0113juma konstrukcija nodro\u0161ina, ka zvani kalpos daudzus gadus. Mat\u0113t\u0101 virsma neatspogu\u013co gaismu, t\u0101p\u0113c ad\u012b\u0161anas laik\u0101 nerodas acu slodze.<\/p>\n<h3><strong>Caurul\u0113m ir unik\u0101la sarkana neilona p\u0101rkl\u0101juma v\u0101rpsta, kas ir:<\/strong><\/h3>\n<ul>\n<li>\u013coti elast\u012bgs un bez atmi\u0146as,<\/li>\n<li>nav sav\u0113rp\u0161an\u0101s, krok\u0113\u0161an\u0101s un deform\u0101cijas,<\/li>\n<li>cie\u0161i un vienm\u0113r\u012bgi savienojas ar auklu bez nob\u012bdes vai aiz\u0137er\u0161an\u0101s,<\/li>\n<\/ul>\n<p>Pateicoties \u0161\u012bm \u012bpa\u0161\u012bb\u0101m, valdzi\u0146i no valdzi\u0146iem uz tambor\u0113jumiem p\u0101riet piln\u012bgi vienm\u0113r\u012bgi, kas ir \u012bpa\u0161i svar\u012bgi, adot \u0101tri vai ar daudziem valdzi\u0146iem.<\/p>\n<h3><strong>Ar ko izliekt\u0101s auklas ir \u012bpa\u0161as:\u00a0<\/strong><\/h3>\n<ul>\n<li>Ergonomisk\u0101ka forma:<\/li>\n<\/ul>\n<p>Auklas saliek\u0161ana vid\u016b pal\u012bdz dabisk\u0101k notur\u0113t plaukstas un rokas ad\u012b\u0161anas poz\u012bcij\u0101. T\u0101 viet\u0101, lai tur\u0113tu pirkstus un plaukstas nemit\u012bg\u0101 sasprindzin\u0101jum\u0101 (k\u0101 turot piln\u012bgi taisnu virvi), rokas paliek nedaudz atsl\u0101bin\u0101tas.<br \/>\nRezult\u0101t\u0101 j\u016bsu rokas ir maz\u0101k saspringtas, maz\u0101k noguru\u0161as un maz\u0101k s\u0101pju, \u012bpa\u0161i, ja ad\u0101t ilgi vai ar biezu dziju.<\/p>\n<ul>\n<li>\u00a0Liel\u0101ks komforts, str\u0101d\u0101jot ar daudz\u0101m ac\u012bm:<\/li>\n<\/ul>\n<p>Ja uz auklas ir daudz valdzi\u0146u (piem\u0113ram, adot d\u017eemperus, \u0161alles vai biezas cepures), liekt\u0101 forma vienm\u0113r\u012bg\u0101k sadala valdzi\u0146u svaru starp auklu un auklu.<br \/>\nTas noz\u012bm\u0113, ka ad\u012bjumi nesl\u012bd no galiem un acis kustas vienm\u0113r\u012bg\u0101k - maz\u0101ks spiediens uz plaukst\u0101m un maz\u0101ka iesp\u0113ja nejau\u0161i nomest aci.<\/p>\n<ul>\n<li>.Dabisk\u0101ka situ\u0101cija, kad ad\u0101madatas ir apa\u013cas:<\/li>\n<\/ul>\n<p>Liektie kabe\u013ci pal\u012bdz saglab\u0101t vienm\u0113r\u012bgu apa\u013cu formu, adot apa\u013caj\u0101 rakst\u0101, \u012bpa\u0161i adot maz\u0101kus izstr\u0101d\u0101jumus, piem\u0113ram, cepures, piedurknes un apkakles.<br \/>\nTas \u013cauj \u0101tr\u0101k un glud\u0101k ad\u012bt bez papildu spriedzes, t\u0101d\u0113j\u0101di pan\u0101kot skaist\u0101ku rezult\u0101tu.<\/p>\n<ul>\n<li>\u00a0Maz\u0101ka roku un plecu slodze:<\/li>\n<\/ul>\n<p>T\u0101 k\u0101 auklas dabiski \u201egu\u013c\u201c rok\u0101, nav nepiecie\u0161ams t\u0101s sp\u0113c\u012bgi saspiest vai pacelt - kust\u012bbas ir maig\u0101kas un ekonomisk\u0101kas.<br \/>\nTas samazina roku, elko\u0146u vai plecu s\u0101pju risku, jo \u012bpa\u0161i tiem, kas ada bie\u017ei vai kuriem ir loc\u012btavu jut\u012bgums.<\/p>","protected":false},"excerpt":{"rendered":"<p><strong>ChiaoGoo Knit RED<\/strong> \u0160\u012b s\u0113rija ir viena no popul\u0101r\u0101kaj\u0101m un vispopul\u0101r\u0101kaj\u0101m ad\u012bt\u0101ju vid\u016b vis\u0101 pasaul\u0113. Tos raksturo izcila \u0113rt\u012bba, kvalit\u0101te un iztur\u012bba, padarot ad\u012b\u0161anu ar tiem par \u012bstu prieku.<\/p>","protected":false},"featured_media":34914,"comment_status":"open","ping_status":"closed","template":"","meta":{"_acf_changed":false},"product_brand":[560],"product_cat":[61,517,2033,519,518,466,455,527,501],"product_tag":[1257],"class_list":{"0":"post-34197","1":"product","2":"type-product","3":"status-publish","4":"has-post-thumbnail","6":"product_brand-chiaogoo","7":"product_cat-virbalai-vaseliai","8":"product_cat-100-cm","9":"product_cat-40-cm","10":"product_cat-60-cm","11":"product_cat-80-cm","12":"product_cat-chiaogoo-virbalai-vaseliai","13":"product_cat-gamintojas-virbalai-vaseliai","14":"product_cat-metaliniai","15":"product_cat-virbalai-su-valu","16":"product_tag-chiaogoo","17":"pa_dydis-2-mm","18":"pa_dydis-2-25-mm","19":"pa_dydis-2-50-mm","20":"pa_dydis-2-75-mm","21":"pa_dydis-3-mm","22":"pa_dydis-3-25-mm","23":"pa_dydis-3-50-mm","24":"pa_dydis-3-75-mm","25":"pa_dydis-4-mm","26":"pa_dydis-4-50-mm","27":"pa_dydis-5-mm","28":"pa_dydis-5-50-mm","29":"pa_dydis-6-mm","30":"pa_dydis-6-50-mm","31":"pa_dydis-7-mm","32":"pa_dydis-8-mm","33":"pa_ilgis-100-cm","34":"pa_ilgis-40-cm","35":"pa_ilgis-60-cm","36":"pa_ilgis-80-cm","38":"first","39":"instock","40":"taxable","41":"shipping-taxable","42":"purchasable","43":"product-type-variable","44":"has-default-attributes"},"acf":[],"_links":{"self":[{"href":"https:\/\/siulubangos.lt\/lv\/wp-json\/wp\/v2\/product\/34197","targetHints":{"allow":["GET"]}}],"collection":[{"href":"https:\/\/siulubangos.lt\/lv\/wp-json\/wp\/v2\/product"}],"about":[{"href":"https:\/\/siulubangos.lt\/lv\/wp-json\/wp\/v2\/types\/product"}],"replies":[{"embeddable":true,"href":"https:\/\/siulubangos.lt\/lv\/wp-json\/wp\/v2\/comments?post=34197"}],"version-history":[{"count":0,"href":"https:\/\/siulubangos.lt\/lv\/wp-json\/wp\/v2\/product\/34197\/revisions"}],"wp:featuredmedia":[{"embeddable":true,"href":"https:\/\/siulubangos.lt\/lv\/wp-json\/wp\/v2\/media\/34914"}],"wp:attachment":[{"href":"https:\/\/siulubangos.lt\/lv\/wp-json\/wp\/v2\/media?parent=34197"}],"wp:term":[{"taxonomy":"product_brand","embeddable":true,"href":"https:\/\/siulubangos.lt\/lv\/wp-json\/wp\/v2\/product_brand?post=34197"},{"taxonomy":"product_cat","embeddable":true,"href":"https:\/\/siulubangos.lt\/lv\/wp-json\/wp\/v2\/product_cat?post=34197"},{"taxonomy":"product_tag","embeddable":true,"href":"https:\/\/siulubangos.lt\/lv\/wp-json\/wp\/v2\/product_tag?post=34197"}],"curies":[{"name":"wp","href":"https:\/\/api.w.org\/{rel}","templated":true}]}}