{"id":34297,"date":"2025-11-13T17:42:18","date_gmt":"2025-11-13T17:42:18","guid":{"rendered":"https:\/\/siulubangos.lt\/?post_type=product&#038;p=34297"},"modified":"2026-04-06T23:40:45","modified_gmt":"2026-04-06T20:40:45","slug":"silke-by-arvier-pon-pon-100-akrils","status":"publish","type":"product","link":"https:\/\/siulubangos.lt\/lv\/parduotuve\/silke-by-arvier-pon-pon-100-akrilas\/","title":{"rendered":"Silke by Arvier PON PON PON PON (100 % akrila)"},"content":{"rendered":"<h2><strong>Silke by Arvier PON PON PON PON (100 % akrila)<\/strong><\/h2>\n<p data-start=\"216\" data-end=\"520\"><strong data-start=\"216\" data-end=\"243\">PON PON PON<\/strong>\u00a0- ir augstas kvalit\u0101tes it\u0101\u013cu akrila dzija, kas paredz\u0113ta \u0113rtai, daudzpus\u012bgai un ikdienas ad\u012b\u0161anai. R\u016bp\u012bgi apstr\u0101d\u0101t\u0101 akrila \u0161\u0137iedra padara dziju m\u012bkstu, maigu piesk\u0101rienam un pat\u012bkamu darbam, t\u0101p\u0113c t\u0101 ir piem\u0113rota gan ies\u0101c\u0113j\u0101m, gan pieredz\u0113ju\u0161\u0101m ad\u012bt\u0101j\u0101m un tambor\u0113t\u0101j\u0101m.<\/p>\n<p data-start=\"522\" data-end=\"771\">Dzija ir ar vienm\u0113r\u012bgu tekst\u016bru un labi sl\u012bd pa spol\u0113m vai spol\u012bt\u0113m, padarot ad\u012b\u0161anas procesu gludu un pat\u012bkamu. Gatavais ad\u012bjums izskat\u0101s gl\u012bti, labi tur formu un nemu\u013c\u0137ojas, t\u0101p\u0113c tas ir ide\u0101li piem\u0113rots akt\u012bvai ikdienas lieto\u0161anai.<\/p>\n<h3 data-start=\"773\" data-end=\"813\"><strong data-start=\"777\" data-end=\"813\">Praktiskums un vienk\u0101r\u0161a apkope<\/strong><\/h3>\n<p data-start=\"815\" data-end=\"1116\">Silke by Arvier PON PON PON PON akrils ir \u013coti viegli kopjams - to var mazg\u0101t ve\u013casma\u0161\u012bn\u0101 saska\u0146\u0101 ar ieteikumiem, tas \u0101tri \u017e\u016bst, nesaraujas un ilgi saglab\u0101 savu s\u0101kotn\u0113jo izskatu. T\u0101 ir lieliska izv\u0113le b\u0113rnu ap\u0123\u0113rbiem, aksesu\u0101riem vai m\u0101jas tekstilizstr\u0101d\u0101jumiem, kur svar\u012bga ir iztur\u012bba un praktiskums.<\/p>\n<p>Svars 50 g katrai bumbi\u0146ai, garums aptuveni 135 m. Ieteicamais virves garums 3,0-3,5 mm. Iztur\u012bga, ilgm\u016b\u017e\u012bga, kr\u0101snotur\u012bga dzija, piem\u0113rota ikdienas ad\u012bjumiem.<\/p>\n<h3><strong>Ad\u012bjumu kop\u0161ana<\/strong><\/h3>\n<ul>\n<li>Mazg\u0101t ve\u013casma\u0161\u012bn\u0101 maig\u0101 cikl\u0101 30 gr\u0101dos,<\/li>\n<li>Nebalin\u0101t, jo tas var saboj\u0101t dzijas kr\u0101su un tekst\u016bru,<\/li>\n<li>Negludiniet, jo karstuma ietekm\u0113 izstr\u0101d\u0101jums var deform\u0113ties,<\/li>\n<li>Ne\u017e\u0101v\u0113jiet ve\u013cas \u017e\u0101v\u0113tav\u0101, v\u0113lams uz plakanas dvie\u013ca virsmas,<\/li>\n<li>Var izmantot m\u012bkstin\u0101t\u0101ju, bet ne p\u0101r\u0101k daudz, lai nov\u0113rstu dzijas m\u012bkstin\u0101\u0161anos un formas zudumu.<\/li>\n<\/ul>\n<div class=\"simg-pop-btn\" style=\"top: 87.5104px; left: 14px; display: none;\"><\/div>\n<div class=\"simg-pop-btn\" style=\"top: 87.5104px; left: 14px; display: none;\"><\/div>\n<div class=\"simg-pop-btn\" style=\"top: 87.5104px; left: 317.865px; display: none;\"><\/div>\n<div class=\"simg-pop-btn\" style=\"top: 87.5104px; left: 14px; display: none;\"><\/div>\n<div class=\"simg-pop-btn\" style=\"top: 121.104px; left: 14px; display: none;\"><\/div>\n<div class=\"simg-pop-btn\" style=\"top: 121.104px; left: 17.8646px; display: none;\"><\/div>\n<div class=\"simg-pop-btn\" style=\"top: 121.104px; left: 21.7292px; display: none;\"><\/div>\n<div class=\"simg-pop-btn\" style=\"top: 121.104px; left: 325.594px; display: none;\"><\/div>\n<div class=\"simg-pop-btn\" style=\"top: 427.771px; left: 14px; display: none;\"><\/div>\n<div class=\"simg-pop-btn\" style=\"top: 121.104px; left: 21.7292px; display: none;\"><\/div>\n<div class=\"simg-pop-btn\" style=\"top: 121.104px; left: 17.8646px; display: none;\"><\/div>\n<div class=\"simg-pop-btn\" style=\"top: 121.104px; left: 21.7292px; display: none;\"><\/div>\n<div class=\"simg-pop-btn\" style=\"top: 121.104px; left: 14px; display: none;\"><\/div>\n<div class=\"simg-pop-btn\" style=\"top: 121.104px; left: 325.594px; display: none;\"><\/div>\n<div class=\"simg-pop-btn\" style=\"top: 121.104px; left: 317.865px; display: none;\"><\/div>\n<div class=\"simg-pop-btn\" style=\"top: 121.104px; left: 14px; display: none;\"><\/div>\n<div class=\"simg-pop-btn\" style=\"top: 121.104px; left: 17.8646px; display: none;\"><\/div>\n<div class=\"simg-pop-btn\" style=\"top: 121.104px; left: 314px; display: none;\"><\/div>\n<div class=\"simg-pop-btn\" style=\"top: 121.104px; left: 314px; display: none;\"><\/div>\n<div class=\"simg-pop-btn\" style=\"top: 121.104px; left: 14px; display: none;\"><\/div>\n<div class=\"simg-pop-btn\" style=\"top: 121.104px; left: 314px; display: none;\"><\/div>","protected":false},"excerpt":{"rendered":"<p>Pateicoties savai daudzpus\u012bbai, PON PON PON PON ir piem\u0113rots gan ies\u0101c\u0113j\u0101m, gan pieredz\u0113ju\u0161\u0101m ad\u012bt\u0101j\u0101m. T\u0101 ir uzticama izv\u0113le tiem, kas mekl\u0113 augstas kvalit\u0101tes, iztur\u012bgu un pat\u012bkamu piesk\u0101rienam sint\u0113tisko dziju, kas piem\u0113rota ikdienas vai dekorat\u012bviem ad\u012bjumiem.<\/p>","protected":false},"featured_media":34650,"comment_status":"open","ping_status":"closed","template":"","meta":{"_acf_changed":false},"product_brand":[765],"product_cat":[58,443,428,453,1290,490],"product_tag":[1272],"class_list":{"0":"post-34297","1":"product","2":"type-product","3":"status-publish","4":"has-post-thumbnail","6":"product_brand-silke","7":"product_cat-siulai-mezgimui","8":"product_cat-akrilo-siulai","9":"product_cat-gamintojas","10":"product_cat-nuolaidos","11":"product_cat-silke-by-arvier-siulai","12":"product_cat-siulai-kudikiams","13":"product_tag-silke","14":"pa_pluostas-akrilas","15":"pa_spalva-100-ponpon","16":"pa_spalva-102-ponpon","17":"pa_spalva-103-ponpon","18":"pa_spalva-104-ponpon","19":"pa_spalva-11-ponpon","20":"pa_spalva-111-ponpon","21":"pa_spalva-18-ponpon","22":"pa_spalva-180-ponpon","23":"pa_spalva-200-ponpon","24":"pa_spalva-333-ponpon","25":"pa_spalva-339-ponpon","26":"pa_spalva-361-ponpon","27":"pa_spalva-40-ponpon","28":"pa_spalva-444-ponpon","29":"pa_spalva-52-ponpon","30":"pa_spalva-53-ponpon","31":"pa_spalva-546-ponpon","32":"pa_spalva-55-ponpon","33":"pa_spalva-550-ponpon","34":"pa_spalva-561-ponpon","35":"pa_spalva-570-ponpon","36":"pa_spalva-576-ponpon","37":"pa_spalva-585-ponpon","38":"pa_spalva-61-ponpon","39":"pa_spalva-610-ponpon","40":"pa_spalva-800-ponpon","41":"pa_spalva-814-ponpon","42":"pa_spalva-862-ponpon","43":"pa_spalva-875-ponpon","44":"pa_spalva-9138-ponpon","45":"pa_svoris-ilgis-50-g-135-m","47":"first","48":"instock","49":"sale","50":"taxable","51":"shipping-taxable","52":"purchasable","53":"product-type-variable"},"acf":[],"_links":{"self":[{"href":"https:\/\/siulubangos.lt\/lv\/wp-json\/wp\/v2\/product\/34297","targetHints":{"allow":["GET"]}}],"collection":[{"href":"https:\/\/siulubangos.lt\/lv\/wp-json\/wp\/v2\/product"}],"about":[{"href":"https:\/\/siulubangos.lt\/lv\/wp-json\/wp\/v2\/types\/product"}],"replies":[{"embeddable":true,"href":"https:\/\/siulubangos.lt\/lv\/wp-json\/wp\/v2\/comments?post=34297"}],"version-history":[{"count":0,"href":"https:\/\/siulubangos.lt\/lv\/wp-json\/wp\/v2\/product\/34297\/revisions"}],"wp:featuredmedia":[{"embeddable":true,"href":"https:\/\/siulubangos.lt\/lv\/wp-json\/wp\/v2\/media\/34650"}],"wp:attachment":[{"href":"https:\/\/siulubangos.lt\/lv\/wp-json\/wp\/v2\/media?parent=34297"}],"wp:term":[{"taxonomy":"product_brand","embeddable":true,"href":"https:\/\/siulubangos.lt\/lv\/wp-json\/wp\/v2\/product_brand?post=34297"},{"taxonomy":"product_cat","embeddable":true,"href":"https:\/\/siulubangos.lt\/lv\/wp-json\/wp\/v2\/product_cat?post=34297"},{"taxonomy":"product_tag","embeddable":true,"href":"https:\/\/siulubangos.lt\/lv\/wp-json\/wp\/v2\/product_tag?post=34297"}],"curies":[{"name":"wp","href":"https:\/\/api.w.org\/{rel}","templated":true}]}}