{"id":34303,"date":"2025-11-13T18:53:08","date_gmt":"2025-11-13T18:53:08","guid":{"rendered":"https:\/\/siulubangos.lt\/?post_type=product&#038;p=34303"},"modified":"2026-04-01T00:58:14","modified_gmt":"2026-03-31T21:58:14","slug":"silke-by-arvier-habsbourg-merino-akrils","status":"publish","type":"product","link":"https:\/\/siulubangos.lt\/lv\/parduotuve\/silke-by-arvier-habsbourg-merino-akrilas\/","title":{"rendered":"Silke by Arvier HABSBOURG (\u013coti smalk\u0101 merino vilna, akrils)"},"content":{"rendered":"<h2><strong>Silke by Arvier HABSBOURG (50% merino vilna, 50% akrils)<\/strong><\/h2>\n<p><strong data-start=\"204\" data-end=\"233\">Silke - Arvier Habsbourg<\/strong> - ir \u0101rk\u0101rt\u012bgi smalka, izsmalcin\u0101ta dzija smalkiem, viegliem ad\u012bjumiem ar izsmalcin\u0101tu est\u0113tiku. Viena spol\u012bte <strong data-start=\"367\" data-end=\"405\">100g un pat aptuveni 1250 metri diegu<\/strong> \u013cauj veidot lielus, viengabalainus projektus ar minim\u0101lu savienojumu skaitu, t\u0101p\u0113c j\u016bsu ad\u012bjumi izskat\u0101s gl\u012bti, t\u012bri un profesion\u0101li.<\/p>\n<p>Sakar\u0101 ar t\u0101s <strong data-start=\"547\" data-end=\"571\">\u012bpa\u0161i liels form\u0101ts<\/strong> Habsbourg ir ide\u0101li piem\u0113rots pl\u0101niem, viegli kr\u012bto\u0161iem audumiem, kuriem svar\u012bgs kritums, vieglums un vizu\u0101lais maigums. T\u0101 ir dzija, kas \u013cauj pan\u0101kt smalku, elegantu efektu pat ar visvienk\u0101r\u0161\u0101kajiem rakstiem - ad\u012btais audums izskat\u0101s grezni, bet nav p\u0101r\u0101k sare\u017e\u0123\u012bts.<\/p>\n<h3 data-start=\"853\" data-end=\"884\"><strong data-start=\"857\" data-end=\"884\">Ide\u0101ls pavediens, lai apvienotu<\/strong><\/h3>\n<p>Habsbourg ir ide\u0101li kombin\u0113jams ar citiem smalkiem diegiem - \u012bpa\u0161i ar <strong data-start=\"943\" data-end=\"980\">moh\u0113ras, alpakas vai z\u012bda mais\u012bjumi.<\/strong> dzija. Ja to izmanto k\u0101 galveno dziju, t\u0101:<\/p>\n<ul data-start=\"1030\" data-end=\"1165\">\n<li data-start=\"1030\" data-end=\"1078\">dod ad\u012bjumu <strong data-start=\"1051\" data-end=\"1077\">strukt\u016bra un stabilit\u0101te<\/strong>,<\/li>\n<li data-start=\"1079\" data-end=\"1120\">pal\u012bdz uztur\u0113t <strong data-start=\"1098\" data-end=\"1119\">forma un elast\u012bba<\/strong>,<\/li>\n<li data-start=\"1121\" data-end=\"1165\">nodro\u0161ina <strong data-start=\"1133\" data-end=\"1164\">gl\u012bta ad\u012bta virsma<\/strong>.<\/li>\n<\/ul>\n<p>Kombin\u0101cij\u0101 ar p\u016bkainiem diegiem Habsbourg l\u012bdzsvaro ad\u012bjumu - papildu dzija pie\u0161\u0137ir tam p\u016bkain\u012bbu un m\u012bkstu aureo efektu, bet Habsbourg saglab\u0101 stingru formu un elegantu kritumu. \u0160\u0101da kombin\u0101cija \u013cauj veidot <strong data-start=\"1382\" data-end=\"1448\">izsmalcin\u0101ti, viegli, bet struktur\u0101li gl\u012bti ad\u012bjumi.<\/strong>, kas ne tikai labi izskat\u0101s, bet ar\u012b ilgi kalpo.<\/p>\n<h3 data-start=\"1516\" data-end=\"1541\"><strong data-start=\"1520\" data-end=\"1541\">Ko var ad\u012bt?<\/strong><\/h3>\n<ul data-start=\"1543\" data-end=\"1736\">\n<li data-start=\"1543\" data-end=\"1580\">Pl\u0101ni d\u017eemperi un bl\u016bzes<\/li>\n<li data-start=\"1581\" data-end=\"1623\">Vieglas \u0161alles, lakati, kakla lakati.<\/li>\n<li data-start=\"1624\" data-end=\"1668\">Smalki me\u017e\u0123\u012b\u0146u un a\u017e\u016bra raksti<\/li>\n<li data-start=\"1669\" data-end=\"1736\">Projekti, kuros svar\u012bgs kritums, vieglums un elegance<\/li>\n<\/ul>\n<p><strong data-start=\"2082\" data-end=\"2111\">Habsburga<\/strong> - tas ir pavediens, kad j\u016bs to v\u0113laties <strong data-start=\"2137\" data-end=\"2190\">klusa grezn\u012bba, izsmalcin\u0101t\u012bba un tehniska piln\u012bba<\/strong>. Ide\u0101la izv\u0113le att\u012br\u012btiem, moderniem un iztur\u012bgiem ad\u012bjumiem, kur svar\u012bga ir katra deta\u013ca.<\/p>","protected":false},"excerpt":{"rendered":"<p>Pl\u0101na, augstas kvalit\u0101tes it\u0101\u013cu dzija no 50% smalkas merino vilnas un 50% akrila, 100 g spoles aptver aptuveni 1250 m. T\u0101 ir ide\u0101li piem\u0113rota kombin\u0113\u0161anai ar moh\u0113ru vai citu smalku dziju k\u0101 pamatne vai dubl\u0113jums, t\u0101 pie\u0161\u0137ir ad\u012bjumiem vieglumu, kritumu, maigumu un strukt\u016bru. Var ad\u012bt vair\u0101kos pavedienos.<\/p>","protected":false},"featured_media":34569,"comment_status":"open","ping_status":"closed","template":"","meta":{"_acf_changed":false},"product_brand":[765],"product_cat":[419,443,428,493,453,436,1290,58],"product_tag":[1272],"class_list":{"0":"post-34303","1":"product","2":"type-product","3":"status-publish","4":"has-post-thumbnail","6":"product_brand-silke","7":"product_cat-merino-vilnos-siulai","8":"product_cat-akrilo-siulai","9":"product_cat-gamintojas","10":"product_cat-itin-ploni-siulai","11":"product_cat-nuolaidos","12":"product_cat-pusvilnes-siulai","13":"product_cat-silke-by-arvier-siulai","14":"product_cat-siulai-mezgimui","15":"product_tag-silke","16":"pa_pluostas-akrilas","17":"pa_spalva-100-habsbourg","18":"pa_spalva-102-habsbourg","19":"pa_spalva-105-habsbourg","20":"pa_spalva-106-habsbourg","21":"pa_spalva-111-habsbourg","22":"pa_spalva-115-habsbourg","23":"pa_spalva-120-habsbourg","24":"pa_spalva-129-habsbourg","25":"pa_spalva-145-habsbourg","26":"pa_spalva-200-habsbourg","27":"pa_spalva-201-habsbourg","28":"pa_spalva-235-habsbourg","29":"pa_spalva-244-habsbourg","30":"pa_spalva-275-habsbourg","31":"pa_spalva-29-habsbourg","32":"pa_spalva-333-habsbourg","33":"pa_spalva-36-habsbourg","34":"pa_spalva-570-habsbourg","35":"pa_spalva-585-habsbourg","36":"pa_spalva-610-habsbourg","37":"pa_spalva-800-habsbourg","38":"pa_spalva-843-habsbourg","39":"pa_spalva-875-habsbourg","40":"pa_spalva-879-habsbourg","41":"pa_spalva-9112-habsbourg","42":"pa_spalva-9142-habsbourg","43":"pa_svoris-ilgis-100-g-1250-m","45":"first","46":"instock","47":"sale","48":"taxable","49":"shipping-taxable","50":"purchasable","51":"product-type-variable"},"acf":[],"_links":{"self":[{"href":"https:\/\/siulubangos.lt\/lv\/wp-json\/wp\/v2\/product\/34303","targetHints":{"allow":["GET"]}}],"collection":[{"href":"https:\/\/siulubangos.lt\/lv\/wp-json\/wp\/v2\/product"}],"about":[{"href":"https:\/\/siulubangos.lt\/lv\/wp-json\/wp\/v2\/types\/product"}],"replies":[{"embeddable":true,"href":"https:\/\/siulubangos.lt\/lv\/wp-json\/wp\/v2\/comments?post=34303"}],"version-history":[{"count":0,"href":"https:\/\/siulubangos.lt\/lv\/wp-json\/wp\/v2\/product\/34303\/revisions"}],"wp:featuredmedia":[{"embeddable":true,"href":"https:\/\/siulubangos.lt\/lv\/wp-json\/wp\/v2\/media\/34569"}],"wp:attachment":[{"href":"https:\/\/siulubangos.lt\/lv\/wp-json\/wp\/v2\/media?parent=34303"}],"wp:term":[{"taxonomy":"product_brand","embeddable":true,"href":"https:\/\/siulubangos.lt\/lv\/wp-json\/wp\/v2\/product_brand?post=34303"},{"taxonomy":"product_cat","embeddable":true,"href":"https:\/\/siulubangos.lt\/lv\/wp-json\/wp\/v2\/product_cat?post=34303"},{"taxonomy":"product_tag","embeddable":true,"href":"https:\/\/siulubangos.lt\/lv\/wp-json\/wp\/v2\/product_tag?post=34303"}],"curies":[{"name":"wp","href":"https:\/\/api.w.org\/{rel}","templated":true}]}}