{"id":34307,"date":"2025-11-13T18:15:05","date_gmt":"2025-11-13T18:15:05","guid":{"rendered":"https:\/\/siulubangos.lt\/?post_type=product&#038;p=34307"},"modified":"2026-04-13T21:39:29","modified_gmt":"2026-04-13T18:39:29","slug":"silke-by-arvier-neveline-moheras-akrils","status":"publish","type":"product","link":"https:\/\/siulubangos.lt\/lv\/parduotuve\/silke-by-arvier-neveline-mohera-akrilas\/","title":{"rendered":"Silke by Arvier NEVELINE (mohaira, akrils)"},"content":{"rendered":"<h2><strong>Silke by Arvier NEVELINE (60% mohairs, 40% akrils)<\/strong><\/h2>\n<p><a href=\"https:\/\/siulubangos.lt\/wp-content\/uploads\/2025\/11\/neveline_esempio.jpg\"><img loading=\"lazy\" decoding=\"async\" class=\"alignnone wp-image-34451\" src=\"https:\/\/siulubangos.lt\/wp-content\/uploads\/2025\/11\/neveline_esempio-400x167.jpg\" alt=\"\" width=\"719\" height=\"300\" title=\"\" srcset=\"https:\/\/siulubangos.lt\/wp-content\/uploads\/2025\/11\/neveline_esempio-400x167.jpg 400w, https:\/\/siulubangos.lt\/wp-content\/uploads\/2025\/11\/neveline_esempio-600x250.jpg 600w, https:\/\/siulubangos.lt\/wp-content\/uploads\/2025\/11\/neveline_esempio-150x63.jpg 150w, https:\/\/siulubangos.lt\/wp-content\/uploads\/2025\/11\/neveline_esempio-768x320.jpg 768w, https:\/\/siulubangos.lt\/wp-content\/uploads\/2025\/11\/neveline_esempio.jpg 1200w\" sizes=\"auto, (max-width: 719px) 100vw, 719px\" \/><\/a> <a href=\"https:\/\/siulubangos.lt\/wp-content\/uploads\/2025\/11\/neveline2.jpg\"><img loading=\"lazy\" decoding=\"async\" class=\"alignnone size-medium wp-image-34385\" src=\"https:\/\/siulubangos.lt\/wp-content\/uploads\/2025\/11\/neveline2-200x300.jpg\" alt=\"\" width=\"200\" height=\"300\" title=\"\" srcset=\"https:\/\/siulubangos.lt\/wp-content\/uploads\/2025\/11\/neveline2-200x300.jpg 200w, https:\/\/siulubangos.lt\/wp-content\/uploads\/2025\/11\/neveline2-600x900.jpg 600w, https:\/\/siulubangos.lt\/wp-content\/uploads\/2025\/11\/neveline2-150x225.jpg 150w, https:\/\/siulubangos.lt\/wp-content\/uploads\/2025\/11\/neveline2-533x800.jpg 533w, https:\/\/siulubangos.lt\/wp-content\/uploads\/2025\/11\/neveline2.jpg 733w\" sizes=\"auto, (max-width: 200px) 100vw, 200px\" \/><\/a><\/p>\n<p>Atkl\u0101jiet izsmalcin\u0101tu ad\u012b\u0161anas prieku ar Silke by Arvier NEVELINE - dziju, kas apvieno grezn\u012bbu, vieglumu un neticamu maigumu. \u0160\u012bs dzijas sast\u0101vs - 60% moh\u0113rs un 40% akrils - pie\u0161\u0137ir tai \u012bpa\u0161u p\u016bkain\u012bbu, smalku sp\u012bdumu un maigumu, ko nav iesp\u0113jams nejust. Katrs pinums, katrs d\u016briens ieg\u016bst izsmalcin\u0101tu tekst\u016bru, kas izce\u013c gan klasisku, gan modernu stilu.<\/p>\n<h3><strong>Ad\u012bjumu kop\u0161ana<\/strong><\/h3>\n<p>Lai m\u0101kslas darbs b\u016btu m\u012bksts, p\u016bkains un nevainojamas kvalit\u0101tes, iev\u0113rojiet \u0161os vienk\u0101r\u0161os, bet svar\u012bgos kop\u0161anas noteikumus:<\/p>\n<ul>\n<li>Mazg\u0101\u0161ana: ieteicams mazg\u0101t ar rok\u0101m aukst\u0101 vai remden\u0101 \u016bden\u012b (ne vair\u0101k k\u0101 30 gr\u0101dos) ar maigu mazg\u0101\u0161anas l\u012bdzekli vilnai vai jut\u012bgiem materi\u0101liem.<\/li>\n<li>\u017d\u0101v\u0113\u0161ana: lai saglab\u0101tu formu un p\u016bkain\u012bbu, \u017e\u0101v\u0113jiet izklied\u0113tus uz l\u012bdzenas virsmas, izvairoties no tie\u0161iem saules stariem un karstuma avotiem.<\/li>\n<\/ul>","protected":false},"excerpt":{"rendered":"<p>NEVELINE ir 150 metru gar\u0161 50 g bumbi\u0146as materi\u0101ls, kas ir ide\u0101li piem\u0113rots gan ikdienas, gan \u012bpa\u0161iem projektiem, s\u0101kot ar siltiem, m\u0101j\u012bgiem d\u017eemperiem un beidzot ar elegantiem \u0161all\u0113m un m\u012bkstiem lakatsv\u0101rkiem. Mohairs nodro\u0161ina vieglumu un siltumu, savuk\u0101rt akrils garant\u0113 iztur\u012bbu un iztur\u012bbu - dzija saglab\u0101 formu un izskatu pat p\u0113c daudz\u0101m valk\u0101\u0161anas un mazg\u0101\u0161anas reiz\u0113m.<\/p>","protected":false},"featured_media":34406,"comment_status":"open","ping_status":"closed","template":"","meta":{"_acf_changed":false},"product_brand":[765],"product_cat":[58,443,428,418,453,1290],"product_tag":[1272],"class_list":{"0":"post-34307","1":"product","2":"type-product","3":"status-publish","4":"has-post-thumbnail","6":"product_brand-silke","7":"product_cat-siulai-mezgimui","8":"product_cat-akrilo-siulai","9":"product_cat-gamintojas","10":"product_cat-moheros-siulai","11":"product_cat-nuolaidos","12":"product_cat-silke-by-arvier-siulai","13":"product_tag-silke","14":"pa_pluostas-akrilas","15":"pa_spalva-100-neveline","16":"pa_spalva-102-neveline","17":"pa_spalva-190-neveline","18":"pa_spalva-200-neveline","19":"pa_spalva-201-neveline","20":"pa_spalva-202-neveline","21":"pa_spalva-238-neveline","22":"pa_spalva-260-neveline","23":"pa_spalva-30-neveline","24":"pa_spalva-333-neveline","25":"pa_spalva-335-neveline","26":"pa_spalva-339-neveline","27":"pa_spalva-35-neveline","28":"pa_spalva-362-neveline","29":"pa_spalva-4010-neveline","30":"pa_spalva-402-neveline","31":"pa_spalva-408-neveline","32":"pa_spalva-444-neveline","33":"pa_spalva-470-neveline","34":"pa_spalva-50-neveline","35":"pa_spalva-570-neveline","36":"pa_spalva-610-neveline","37":"pa_spalva-628-neveline","38":"pa_spalva-638-neveline","39":"pa_spalva-64-neveline","40":"pa_spalva-65-neveline","41":"pa_spalva-758-neveline","42":"pa_spalva-800-neveline","43":"pa_spalva-843-neveline","44":"pa_spalva-862-neveline","45":"pa_spalva-886-neveline","46":"pa_spalva-9112-neveline","47":"pa_svoris-ilgis-50-g-150-m","49":"first","50":"instock","51":"sale","52":"taxable","53":"shipping-taxable","54":"purchasable","55":"product-type-variable"},"acf":[],"_links":{"self":[{"href":"https:\/\/siulubangos.lt\/lv\/wp-json\/wp\/v2\/product\/34307","targetHints":{"allow":["GET"]}}],"collection":[{"href":"https:\/\/siulubangos.lt\/lv\/wp-json\/wp\/v2\/product"}],"about":[{"href":"https:\/\/siulubangos.lt\/lv\/wp-json\/wp\/v2\/types\/product"}],"replies":[{"embeddable":true,"href":"https:\/\/siulubangos.lt\/lv\/wp-json\/wp\/v2\/comments?post=34307"}],"version-history":[{"count":0,"href":"https:\/\/siulubangos.lt\/lv\/wp-json\/wp\/v2\/product\/34307\/revisions"}],"wp:featuredmedia":[{"embeddable":true,"href":"https:\/\/siulubangos.lt\/lv\/wp-json\/wp\/v2\/media\/34406"}],"wp:attachment":[{"href":"https:\/\/siulubangos.lt\/lv\/wp-json\/wp\/v2\/media?parent=34307"}],"wp:term":[{"taxonomy":"product_brand","embeddable":true,"href":"https:\/\/siulubangos.lt\/lv\/wp-json\/wp\/v2\/product_brand?post=34307"},{"taxonomy":"product_cat","embeddable":true,"href":"https:\/\/siulubangos.lt\/lv\/wp-json\/wp\/v2\/product_cat?post=34307"},{"taxonomy":"product_tag","embeddable":true,"href":"https:\/\/siulubangos.lt\/lv\/wp-json\/wp\/v2\/product_tag?post=34307"}],"curies":[{"name":"wp","href":"https:\/\/api.w.org\/{rel}","templated":true}]}}