{"id":34309,"date":"2025-11-13T18:39:44","date_gmt":"2025-11-13T18:39:44","guid":{"rendered":"https:\/\/siulubangos.lt\/?post_type=product&#038;p=34309"},"modified":"2026-04-14T20:04:12","modified_gmt":"2026-04-14T17:04:12","slug":"bertagna-filati-by-arvier-prestige-bernu-alpakas-merino-vilnas-zids","status":"publish","type":"product","link":"https:\/\/siulubangos.lt\/lv\/parduotuve\/bertagna-filati-by-arvier-prestige-baby-alpaka-merino-vilna-silkas\/","title":{"rendered":"Bertagna Filati by Arvier PRESTIGE (super baby alpaka, super fine mer\u012bno, z\u012bds)"},"content":{"rendered":"<h2><strong>Bertagna Filati by Arvier PRESTIGE (35% super baby alpaca, 35% super fine merino, 30% z\u012bda).<\/strong><\/h2>\n<p data-start=\"210\" data-end=\"592\">PRESTIGE \u2013 ir izcili dzija, paredz\u0113ta tiem, kuri mezglo\u0161anu uztver k\u0101 rado\u0161u grezn\u012bbu. \u0160\u012bs dzijas sast\u0101vs ir <strong>\u013coti maigi<\/strong> super b\u0113b\u012b\u0161a alpakas, <strong>augst\u0101k\u0101s kvalit\u0101tes<\/strong> super smalk\u0101 merino vilna ir <strong>dab\u012bgais z\u012bds<\/strong> \u2014 rada <strong>nep\u0101rsp\u0113jamu saj\u016btu<\/strong> gan ad\u012b\u0161anas, gan valk\u0101\u0161anas laik\u0101 gatavu darbu.<\/p>\n<p data-start=\"594\" data-end=\"989\"><strong>Bertagna Filati by Arvier PRESTIGE<\/strong> verpalai <strong>izce\u013cas ar \u012bpa\u0161u pufain\u012bbu<\/strong>,<strong> m\u012bkstumu<\/strong> ir <strong>eleganti<\/strong>, smulkiu z\u012bda sp\u012bdumu, kas piedod ad\u012bjumam izsmalcin\u0101tu, greznu raksturu. Dzija <strong>viegls, silts un \u201eelpojo\u0161s\u201c<\/strong>, t\u0101p\u0113c ad\u012bjumi pat\u012bkami piegu\u013c \u0137ermenim un ir piem\u0113roti pat jut\u012bgai \u0101dai. Katra valdzi\u0146a un katrs raksts izskat\u0101s izteiksm\u012bgi, un gan vienk\u0101r\u0161i, gan sare\u017e\u0123\u012bt\u0101ki raksti atkl\u0101jas \u0101rk\u0101rt\u012bgi skaisti.<\/p>\n<p data-start=\"991\" data-end=\"1372\">Pateikiamas prec\u012bzi sabalans\u0113ts \u0161\u0137iedru mais\u012bjums, PRESTIGE dzija ne tikai <strong>izskat\u0101s grezni<\/strong>, bet ir pasi\u017eymi puikiomis eksploatacin\u0117mis savyb\u0117mis \u2013 mezginiai i\u0161laiko form\u0105, spalvos ilgai i\u0161lieka sodrios, o audinys <strong>neskrien<\/strong> Tas ir neapsitina ar p\u016bkain\u012b\u0161iem. Z\u012bds pie\u0161\u0137ir ad\u012bjumam stingr\u012bbu un maigu sp\u012bdumu, merino vilna \u2013 elast\u012bbu un siltumu, bet b\u0113rnu alpakas vilna \u2013 \u012bpa\u0161u maigumu un m\u0101j\u012bgumu.<\/p>\n<p data-start=\"1374\" data-end=\"1393\"><strong data-start=\"1374\" data-end=\"1393\">Ide\u0101li piem\u0113rots:<\/strong><\/p>\n<ul data-start=\"1394\" data-end=\"1597\">\n<li data-start=\"1394\" data-end=\"1449\">eleganti\u0161kiem d\u017eemperiem, kardiganiem un vest\u0113m,<\/li>\n<li data-start=\"1450\" data-end=\"1498\">luksusa lakatiem, \u0161all\u0113m un kakl\u0101 k\u0101rtam,<\/li>\n<li data-start=\"1499\" data-end=\"1540\">vieglajiem, ta\u010du siltajiem aksesu\u0101riem,<\/li>\n<li data-start=\"1541\" data-end=\"1597\">ap\u0123\u0113rba, ko v\u0113las valk\u0101t tie\u0161i uz \u0101das.<\/li>\n<\/ul>\n<p>PRESTIGE ir lieliska izv\u0113le gan \u012bpa\u0161iem gad\u012bjumiem, gan ikdienas izsmalcin\u0101tam stilam, kad v\u0113laties dabisku komfortu, smalku grezn\u012bbu un ilgm\u016b\u017e\u012bbu.<\/p>\n<p><strong>Lai j\u016bsu darin\u0101jumi paliktu maigi, puf\u012bgi un nevainojamas kvalit\u0101tes:<\/strong><\/p>\n<ul>\n<li><strong>Mazg\u0101\u0161ana<\/strong> ieteicams mazg\u0101t ar rok\u0101m aukst\u0101 vai remden\u0101 \u016bden\u012b (ne vair\u0101k k\u0101 30 gr\u0101dos) ar maigu vilnas mazg\u0101jamo l\u012bdzekli. .<\/li>\n<li><strong>\u017demyna:<\/strong> \u017dinoma, tiksliau:\n\nD\u017eiovinti i\u0161skleistus ant lygaus pavir\u0161iaus, vengiant tiesiogini\u0173 saul\u0117s spinduli\u0173 ir kar\u0161\u010dio \u0161altini\u0173.<\/li>\n<li><strong>Sal\u012bdzin\u0101jums:<\/strong> ja nepiecie\u0161ams, izmantojiet zem\u0101ko temperat\u016bru vai tvaika re\u017e\u012bmu, gludinot novietojiet pl\u0101nu audumu starp gludekli un izstr\u0101d\u0101jumu.<\/li>\n<\/ul>","protected":false},"excerpt":{"rendered":"<p><strong>Bertagna Filati by Arvier PRESTIGE<\/strong> \u2013 t\u0101 ir izcila grezn\u012bba j\u016bsu ad\u012bjumiem. Sast\u0101vs: <strong>mazulis<\/strong> <strong>Alpaka 35% + Mer\u012bno vilna 35% + Z\u012bds 30%<\/strong> sniedz neticamu maigumu, vieglumu un smalku sp\u012bdumu. Ide\u0101li piem\u0113rots elegant\u0101m d\u017eempera, \u0161alles vai aksesu\u0101ru izgatavo\u0161anai, kur svar\u012bga katra izad\u012bt\u0101 valdzi\u0146a. Augst\u0101k\u0101s kvalit\u0101tes dzija tiem, kas nov\u0113rt\u0113 izsmalcin\u0101t\u012bbu un komfortu.<\/p>","protected":false},"featured_media":34819,"comment_status":"open","ping_status":"closed","template":"","meta":{"_acf_changed":false},"product_brand":[1289],"product_cat":[58,417,1291,428,419,492,416,490],"product_tag":[1273],"class_list":{"0":"post-34309","1":"product","2":"type-product","3":"status-publish","4":"has-post-thumbnail","6":"product_brand-bertagna-filati-by-arvier","7":"product_cat-siulai-mezgimui","8":"product_cat-alpakos-siulai","9":"product_cat-bertagna-filati-by-arvier-siulai","10":"product_cat-gamintojas","11":"product_cat-merino-vilnos-siulai","12":"product_cat-prabangus-siulai","13":"product_cat-silko-siulai","14":"product_cat-siulai-kudikiams","15":"product_tag-bertagna","16":"pa_pluostas-akrilas","17":"pa_spalva-1-prestige","18":"pa_spalva-10-prestige","19":"pa_spalva-11-prestige","20":"pa_spalva-2-prestige","21":"pa_spalva-3-prestige","22":"pa_spalva-4-prestige","23":"pa_spalva-5-prestige","24":"pa_spalva-6-prestige","25":"pa_spalva-7-prestige","26":"pa_spalva-8-prestige","27":"pa_spalva-9-prestige","28":"pa_svoris-ilgis-50-g-100-m","30":"first","31":"instock","32":"taxable","33":"shipping-taxable","34":"purchasable","35":"product-type-variable"},"acf":[],"_links":{"self":[{"href":"https:\/\/siulubangos.lt\/lv\/wp-json\/wp\/v2\/product\/34309","targetHints":{"allow":["GET"]}}],"collection":[{"href":"https:\/\/siulubangos.lt\/lv\/wp-json\/wp\/v2\/product"}],"about":[{"href":"https:\/\/siulubangos.lt\/lv\/wp-json\/wp\/v2\/types\/product"}],"replies":[{"embeddable":true,"href":"https:\/\/siulubangos.lt\/lv\/wp-json\/wp\/v2\/comments?post=34309"}],"version-history":[{"count":0,"href":"https:\/\/siulubangos.lt\/lv\/wp-json\/wp\/v2\/product\/34309\/revisions"}],"wp:featuredmedia":[{"embeddable":true,"href":"https:\/\/siulubangos.lt\/lv\/wp-json\/wp\/v2\/media\/34819"}],"wp:attachment":[{"href":"https:\/\/siulubangos.lt\/lv\/wp-json\/wp\/v2\/media?parent=34309"}],"wp:term":[{"taxonomy":"product_brand","embeddable":true,"href":"https:\/\/siulubangos.lt\/lv\/wp-json\/wp\/v2\/product_brand?post=34309"},{"taxonomy":"product_cat","embeddable":true,"href":"https:\/\/siulubangos.lt\/lv\/wp-json\/wp\/v2\/product_cat?post=34309"},{"taxonomy":"product_tag","embeddable":true,"href":"https:\/\/siulubangos.lt\/lv\/wp-json\/wp\/v2\/product_tag?post=34309"}],"curies":[{"name":"wp","href":"https:\/\/api.w.org\/{rel}","templated":true}]}}