{"id":34918,"date":"2025-11-15T22:21:16","date_gmt":"2025-11-15T22:21:16","guid":{"rendered":"https:\/\/siulubangos.lt\/?post_type=product&#038;p=34918"},"modified":"2026-04-09T09:15:34","modified_gmt":"2026-04-09T06:15:34","slug":"bertagna-filati-gioia-bernu-merino-jera-vilna","status":"publish","type":"product","link":"https:\/\/siulubangos.lt\/lv\/parduotuve\/bertagna-filati-gioia-baby-merino-vilna\/","title":{"rendered":"Bertagna Filati by Arvier GIOIA BABY (100% merino vilna)"},"content":{"rendered":"<h3><strong>Bertagna Filati by Arvier GIOIA BABY (100%\u00a0 merino vilna)<\/strong><\/h3>\n<p>Katra 50 g kamoli\u0146\u0101 ir aptuveni 140 metru dzijas, t\u0101d\u0113\u013c mazu izm\u0113ru ad\u012btajiem izstr\u0101d\u0101jumiem (piem\u0113ram, z\u012bdai\u0146u d\u017eemperi vai pledi) pietiek ar nelielu kamoli\u0146u skaitu, un raksti paliek k\u0101rt\u012bgi, jo dzija ir vienm\u0113r\u012bgi sav\u0113rpta. <strong>Ieteicam\u0101s adatas un tamboradatas:<\/strong> <strong>3,5\u20134,00 mm<\/strong>, kas nodro\u0161ina l\u012bdzsvara efektu starp siltumu un drap\u0113jumu.<\/p>\n<p>Ad\u012bjumi, kas izgatavoti no <strong>Bertagna Filati by Arvier GIOIA BABY<\/strong>, san\u0101k \u013coti <strong>pat\u012bkami pieskarties<\/strong> virsmas, t\u0101p\u0113c ir \u013coti piem\u0113roti b\u0113rnu ap\u0123\u0113rbam, cepur\u012bt\u0113m, seg\u0101m, \u0161all\u0113m. Turkl\u0101t, <strong>dab\u012bgs merino vilnas \u0161\u0137iedra<\/strong> pal\u012bdz nov\u0113rst kairino\u0161u kairin\u0101jumu uz jut\u012bgas mazu\u013ca \u0101das.<\/p>\n<p>Run\u0101jot par kop\u0161anu: lai ar\u012b mer\u012bno vilna prasa r\u016bp\u012bbu, GIOIA BABY dzija bie\u017ei tiek nov\u0113rt\u0113ta par <strong>labas kokybe ir patikimumas<\/strong>, tad izstr\u0101d\u0101jumi no t\u0101 var kalpot ilgi, \u012bpa\u0161i, ja tiek iev\u0113roti mazg\u0101\u0161anas ieteikumi<\/p>\n<p>Turkl\u0101t, pateicoties sast\u0101vam, Bertagna Filati by Arvier GIOIA BABY dzija ir \u013coti laba <strong>piem\u0113rots kombin\u0113\u0161anai ar citiem pavedieniem<\/strong> sloksnota \u2013 piem\u0113ram, to var ad\u012bt vai tambor\u0113t kop\u0101 ar pl\u0101n\u0101ku dziju citam efektam vai tekst\u016brai.<\/p>\n<p><strong>Trikot\u0101\u017eas kop\u0161ana (\u0161\u012b ieteikumi ir piem\u0113roti liel\u0101kajai da\u013cai dziju):<\/strong><\/p>\n<ul>\n<li>Mazg\u0101t var ar rok\u0101m vai saudz\u012bg\u0101 ve\u013cas mazg\u0101jam\u0101s ma\u0161\u012bnas re\u017e\u012bm\u0101 l\u012bdz 30 gr\u0101diem<\/li>\n<li>Izv\u0113lieties vilnai piem\u0113rotu, maigu mazg\u0101\u0161anas l\u012bdzekli \u2013 piem\u0113ram, speci\u0101lu vilnas \u0161amp\u016bnu vai \u201ewool wash\u201c, kas nepiep\u016b\u0161 \u0161\u0137iedras.<\/li>\n<li>Izvairieties no fermentu un balin\u0101t\u0101ju saturo\u0161iem mazg\u0101\u0161anas l\u012bdzek\u013ciem \u2013 tie var saboj\u0101t vilnu.<\/li>\n<li>Nepiespiediet\/neizgrieziet agres\u012bvi: p\u0113c mazg\u0101\u0161anas maigaj\u0101 cikl\u0101 iz\u0146emiet izstr\u0101d\u0101jumu un viegli nosusiniet \u016bdeni.<\/li>\n<li>D\u017eiovinamas ant lygaus, horizont\u0101la novietojuma. T\u0101 pal\u012bdz nov\u0113rst deform\u0101cijas. .<\/li>\n<li>Izvairieties no \u017e\u0101v\u0113t\u0101ja \u2013 dab\u012bg\u0101 vilna vislab\u0101k \u017e\u016bst l\u0113ni un dabiski.<\/li>\n<li>P\u0113c mazg\u0101\u0161anas veidojiet ad\u012bjumu \u2013 maigi \u201eizstiepiet\u201c v\u0113lamaj\u0101 form\u0101, kam\u0113r tas ir mitrs.<\/li>\n<li>Nepak\u013caut tie\u0161iem saules stariem vai novietot uz radiatoriem (karstums var deform\u0113t vilnas \u0161\u0137iedras).<\/li>\n<li>Vilnas dr\u0113bes mazg\u0101jiet reti \u2013 ja t\u0101s nav \u013coti net\u012bras, pietiek t\u0101s vienk\u0101r\u0161i \u201eizv\u0113din\u0101t\u201c. Mer\u012bno vilnas audumam piem\u012bt \u012bpa\u0161\u012bba \u201epa\u0161att\u012br\u012bties\u201c no smar\u017eas ar gaisa pal\u012bdz\u012bbu.<\/li>\n<li>Ja bie\u017ei valk\u0101jat d\u017eemperi, joproj\u0101m iev\u0113rojiet maigu kop\u0161anu \u2013 bie\u017ea mazg\u0101\u0161ana var ietekm\u0113t \u0161\u0137iedras iztur\u012bbu.<\/li>\n<\/ul>","protected":false},"excerpt":{"rendered":"<p><strong>Bertagna Filati by Arveir GIOIA BABY<\/strong> Ir greitos, kai yra auk\u0161\u010diausios kokyb\u0117s si\u016blai, sukurti specialiai mezgimui, kur svarbiausia yra maksimalus mink\u0161tumas, nat\u016brali med\u017eiaga ir komfortas ant odos. Kadangi tai 100% merino vilna, ji nat\u016braliai \u0161ildo, ta\u010diau yra lengva ir kv\u0117puojanti \u2013 puikus pasirinkimas k\u016bdiki\u0173 mezginiams, kuriems norisi, kad jie b\u016bt\u0173 ne tik gra\u017e\u016bs, bet ir patog\u016bs.<\/p>","protected":false},"featured_media":34765,"comment_status":"open","ping_status":"closed","template":"","meta":{"_acf_changed":false},"product_brand":[1289],"product_cat":[58,1291,428,419,490],"product_tag":[1273],"class_list":{"0":"post-34918","1":"product","2":"type-product","3":"status-publish","4":"has-post-thumbnail","6":"product_brand-bertagna-filati-by-arvier","7":"product_cat-siulai-mezgimui","8":"product_cat-bertagna-filati-by-arvier-siulai","9":"product_cat-gamintojas","10":"product_cat-merino-vilnos-siulai","11":"product_cat-siulai-kudikiams","12":"product_tag-bertagna","13":"pa_pluostas-merino-vilna","14":"pa_spalva-100-gioiababy","15":"pa_spalva-101-gioiababy","16":"pa_spalva-1103-gioiababy","17":"pa_spalva-1110-gioiababy","18":"pa_spalva-117-gioiababy","19":"pa_spalva-1199-gioiababy","20":"pa_spalva-123-gioiababy","21":"pa_spalva-126-gioiababy","22":"pa_spalva-131-gioiababy","23":"pa_spalva-140-gioiababy","24":"pa_spalva-150-gioiababy","25":"pa_spalva-18-gioiababy","26":"pa_spalva-2100-gioiababy","27":"pa_spalva-2104-gioiababy","28":"pa_spalva-2105-gioiababy","29":"pa_spalva-2112-gioiababy","30":"pa_spalva-2306-gioiababy","31":"pa_spalva-2309-gioiababy","32":"pa_spalva-2316-gioiababy","33":"pa_spalva-2409-gioiababy","34":"pa_spalva-243-gioiababy","35":"pa_spalva-2459-gioiababy","36":"pa_spalva-2504-gioiababy","37":"pa_spalva-2510-gioiababy","38":"pa_spalva-2512-gioiababy","39":"pa_spalva-2553-gioiababy","40":"pa_spalva-2621-gioiababy","41":"pa_spalva-2622-gioiababy","42":"pa_spalva-2704-gioiababy","43":"pa_spalva-2708-gioiababy","44":"pa_spalva-2758-gioiababy","45":"pa_spalva-2817-gioiababy","46":"pa_spalva-2863-gioiababy","47":"pa_spalva-29-gioiababy","48":"pa_spalva-2941-gioiababy","49":"pa_spalva-2954-gioiababy","50":"pa_spalva-31-gioiababy","51":"pa_spalva-330-gioiababy","52":"pa_spalva-331-gioiababy","53":"pa_spalva-4005-gioiababy","54":"pa_spalva-4006-gioiababy","55":"pa_spalva-55-gioiababy","56":"pa_spalva-61-gioiababy","57":"pa_spalva-63-gioiababy","58":"pa_spalva-64-gioiababy","59":"pa_spalva-678-gioiababy","60":"pa_spalva-9112-gioiababy","61":"pa_spalva-9121-gioiababy","62":"pa_spalva-9138-gioiababy","63":"pa_spalva-9164-gioiababy","64":"pa_spalva-9165-gioiababy","65":"pa_svoris-ilgis-50-g-140-m","67":"first","68":"instock","69":"taxable","70":"shipping-taxable","71":"purchasable","72":"product-type-variable"},"acf":[],"_links":{"self":[{"href":"https:\/\/siulubangos.lt\/lv\/wp-json\/wp\/v2\/product\/34918","targetHints":{"allow":["GET"]}}],"collection":[{"href":"https:\/\/siulubangos.lt\/lv\/wp-json\/wp\/v2\/product"}],"about":[{"href":"https:\/\/siulubangos.lt\/lv\/wp-json\/wp\/v2\/types\/product"}],"replies":[{"embeddable":true,"href":"https:\/\/siulubangos.lt\/lv\/wp-json\/wp\/v2\/comments?post=34918"}],"version-history":[{"count":0,"href":"https:\/\/siulubangos.lt\/lv\/wp-json\/wp\/v2\/product\/34918\/revisions"}],"wp:featuredmedia":[{"embeddable":true,"href":"https:\/\/siulubangos.lt\/lv\/wp-json\/wp\/v2\/media\/34765"}],"wp:attachment":[{"href":"https:\/\/siulubangos.lt\/lv\/wp-json\/wp\/v2\/media?parent=34918"}],"wp:term":[{"taxonomy":"product_brand","embeddable":true,"href":"https:\/\/siulubangos.lt\/lv\/wp-json\/wp\/v2\/product_brand?post=34918"},{"taxonomy":"product_cat","embeddable":true,"href":"https:\/\/siulubangos.lt\/lv\/wp-json\/wp\/v2\/product_cat?post=34918"},{"taxonomy":"product_tag","embeddable":true,"href":"https:\/\/siulubangos.lt\/lv\/wp-json\/wp\/v2\/product_tag?post=34918"}],"curies":[{"name":"wp","href":"https:\/\/api.w.org\/{rel}","templated":true}]}}