{"id":34984,"date":"2025-11-17T11:48:10","date_gmt":"2025-11-17T11:48:10","guid":{"rendered":"https:\/\/siulubangos.lt\/?post_type=product&#038;p=34984"},"modified":"2026-02-21T00:17:38","modified_gmt":"2026-02-20T22:17:38","slug":"opry-uzladejams-pucker-picker-tiritajs","status":"publish","type":"product","link":"https:\/\/siulubangos.lt\/lv\/parduotuve\/opry-ikraunamas-puku-rinkiklis-valiklis\/","title":{"rendered":"OPRY uzl\u0101d\u0113jamais p\u016bku v\u0101c\u0113js\/t\u012br\u012bt\u0101js"},"content":{"rendered":"<h3><strong>OPRY uzl\u0101d\u0113jamais p\u016bku v\u0101c\u0113js\/t\u012br\u012bt\u0101js\u00a0<\/strong><\/h3>\n<p>Specifik\u0101cijas:<\/p>\n<ul>\n<li>220 V, 50 Hz, 5 W<\/li>\n<li>\u012apa\u0161i liela asme\u0146u virsma ar 6 asme\u0146iem<\/li>\n<li>Liels caursp\u012bd\u012bgs sav\u0101k\u0161anas konteiners<\/li>\n<li>Komplekt\u0101 iek\u013cauts rezerves asme\u0146u komplekts<\/li>\n<li>Uzl\u0101de no elektrot\u012bkla<\/li>\n<li>Jaud\u012bgs 5 W motors ar div\u0101m 800 mA baterij\u0101m<\/li>\n<\/ul>\n<p>&nbsp;<\/p>","protected":false},"excerpt":{"rendered":"<p>\u0160isOPRY p\u016bku sav\u0101c\u0113js ir \u013coti noder\u012bgs pal\u012bgs! Ar \u0161o uzl\u0101d\u0113jamo p\u016bku sav\u0101c\u0113ju j\u016bs varat viegli no\u0146emt p\u016bkainus no da\u017e\u0101da veida audumiem, pateicoties XL izm\u0113ra asme\u0146u virsmai un jaud\u012bgajam 5 W motoram.<\/p>\n<p>Padoms: izstiepiet audumu uz l\u012bdzenas virsmas.<\/p>","protected":false},"featured_media":34985,"comment_status":"open","ping_status":"closed","template":"","meta":{"_acf_changed":false},"product_brand":[2029],"product_cat":[310,529,538,534,528],"product_tag":[1479],"class_list":{"0":"post-34984","1":"product","2":"type-product","3":"status-publish","4":"has-post-thumbnail","6":"product_brand-opry","7":"product_cat-mezgimo-priemones","8":"product_cat-gamintojas-kitos-priemones","9":"product_cat-mezginiu-prieziura","10":"product_cat-opry","11":"product_cat-priemones-tipas","12":"product_tag-opry","14":"first","15":"instock","16":"taxable","17":"shipping-taxable","18":"purchasable","19":"product-type-simple"},"acf":[],"_links":{"self":[{"href":"https:\/\/siulubangos.lt\/lv\/wp-json\/wp\/v2\/product\/34984","targetHints":{"allow":["GET"]}}],"collection":[{"href":"https:\/\/siulubangos.lt\/lv\/wp-json\/wp\/v2\/product"}],"about":[{"href":"https:\/\/siulubangos.lt\/lv\/wp-json\/wp\/v2\/types\/product"}],"replies":[{"embeddable":true,"href":"https:\/\/siulubangos.lt\/lv\/wp-json\/wp\/v2\/comments?post=34984"}],"version-history":[{"count":0,"href":"https:\/\/siulubangos.lt\/lv\/wp-json\/wp\/v2\/product\/34984\/revisions"}],"wp:featuredmedia":[{"embeddable":true,"href":"https:\/\/siulubangos.lt\/lv\/wp-json\/wp\/v2\/media\/34985"}],"wp:attachment":[{"href":"https:\/\/siulubangos.lt\/lv\/wp-json\/wp\/v2\/media?parent=34984"}],"wp:term":[{"taxonomy":"product_brand","embeddable":true,"href":"https:\/\/siulubangos.lt\/lv\/wp-json\/wp\/v2\/product_brand?post=34984"},{"taxonomy":"product_cat","embeddable":true,"href":"https:\/\/siulubangos.lt\/lv\/wp-json\/wp\/v2\/product_cat?post=34984"},{"taxonomy":"product_tag","embeddable":true,"href":"https:\/\/siulubangos.lt\/lv\/wp-json\/wp\/v2\/product_tag?post=34984"}],"curies":[{"name":"wp","href":"https:\/\/api.w.org\/{rel}","templated":true}]}}