{"id":35018,"date":"2025-11-17T15:54:28","date_gmt":"2025-11-17T15:54:28","guid":{"rendered":"https:\/\/siulubangos.lt\/?post_type=product&#038;p=35018"},"modified":"2026-02-21T00:16:02","modified_gmt":"2026-02-20T22:16:02","slug":"opry-audinio-dygsniavimo-spaustukai-ypac-stiprus-55-mm-5-vnt","status":"publish","type":"product","link":"https:\/\/siulubangos.lt\/lv\/parduotuve\/opry-audinio-dygsniavimo-spaustukai-ypac-stiprus-55-mm-5-vnt\/","title":{"rendered":"OPRY auduma d\u016brienu klipsas, \u012bpa\u0161i stipras (5,5 cm, 5 gab.)"},"content":{"rendered":"<h3><strong>OPRY audinio dygsniavimo spaustukai\/segtukai, ypa\u010d stipr\u016bs\u00a0<\/strong><\/h3>\n<p>Mezg\u0117jos gali naudoti \u0161iuos segtukus si\u016bl\u0173 tvirtinimui, mezgini\u0173 sujungimui prie\u0161 susiuvim\u0105, kra\u0161t\u0173 prilaikymui ar \u017eym\u0117jimui. Jie ypa\u010d praver\u010dia dirbant su storesniais mezginiais, megztais gaminiais ar slid\u017eiomis si\u016bl\u0117mis, kurias sunku suimti smeigtukais. Segtukai turi stipri\u0105 metalin\u0119 spyruokl\u0119, tod\u0117l tvirtai laikosi ir neslysta. Jie nesugadina med\u017eiagos ir patogiai telpa rankose.<\/p>\n<p><strong>Savyb\u0117s:<\/strong><\/p>\n<ul>\n<li>Tinka siuv\u0117joms, mezg\u0117joms ir visoms rankdarbi\u0173 k\u016br\u0117joms<\/li>\n<li>Neskverbia \u012f audin\u012f, tod\u0117l jo nepa\u017eeid\u017eia<\/li>\n<li>Patikimai laiko kelis sluoksnius ar mezginius<\/li>\n<li>Puikiai tinka sujungimams, kra\u0161tams prilaikyti, \u017eym\u0117jimui<\/li>\n<li>Sustiprinta metalin\u0117 spyruokl\u0117<\/li>\n<li>Dydis: 5.5 cm<\/li>\n<li>Rinkinyje 5 segtukai<\/li>\n<li>\u012evairi\u0173 spalv\u0173<\/li>\n<\/ul>","protected":false},"excerpt":{"rendered":"<p>\u0160ie tvirti rankdarbi\u0173 segtukai puikiai tinka ne tik siuvimui ar quiltinimui, bet ir mezg\u0117joms. Segtukai patikimai laiko audin\u012f ar mezgin\u012f ten, kur reikia, ir visi\u0161kai nepa\u017eeid\u017eia med\u017eiagos, nes \u012f j\u0105 nesmeigiami kaip smeigtukai.<\/p>","protected":false},"featured_media":35019,"comment_status":"open","ping_status":"closed","template":"","meta":{"_acf_changed":false},"product_brand":[2029],"product_cat":[310,529,534,528,1233],"product_tag":[1479],"class_list":{"0":"post-35018","1":"product","2":"type-product","3":"status-publish","4":"has-post-thumbnail","6":"product_brand-opry","7":"product_cat-mezgimo-priemones","8":"product_cat-gamintojas-kitos-priemones","9":"product_cat-opry","10":"product_cat-priemones-tipas","11":"product_cat-ziogeliai-segtukai","12":"product_tag-opry","14":"first","15":"instock","16":"taxable","17":"shipping-taxable","18":"purchasable","19":"product-type-simple"},"acf":[],"_links":{"self":[{"href":"https:\/\/siulubangos.lt\/lv\/wp-json\/wp\/v2\/product\/35018","targetHints":{"allow":["GET"]}}],"collection":[{"href":"https:\/\/siulubangos.lt\/lv\/wp-json\/wp\/v2\/product"}],"about":[{"href":"https:\/\/siulubangos.lt\/lv\/wp-json\/wp\/v2\/types\/product"}],"replies":[{"embeddable":true,"href":"https:\/\/siulubangos.lt\/lv\/wp-json\/wp\/v2\/comments?post=35018"}],"version-history":[{"count":0,"href":"https:\/\/siulubangos.lt\/lv\/wp-json\/wp\/v2\/product\/35018\/revisions"}],"wp:featuredmedia":[{"embeddable":true,"href":"https:\/\/siulubangos.lt\/lv\/wp-json\/wp\/v2\/media\/35019"}],"wp:attachment":[{"href":"https:\/\/siulubangos.lt\/lv\/wp-json\/wp\/v2\/media?parent=35018"}],"wp:term":[{"taxonomy":"product_brand","embeddable":true,"href":"https:\/\/siulubangos.lt\/lv\/wp-json\/wp\/v2\/product_brand?post=35018"},{"taxonomy":"product_cat","embeddable":true,"href":"https:\/\/siulubangos.lt\/lv\/wp-json\/wp\/v2\/product_cat?post=35018"},{"taxonomy":"product_tag","embeddable":true,"href":"https:\/\/siulubangos.lt\/lv\/wp-json\/wp\/v2\/product_tag?post=35018"}],"curies":[{"name":"wp","href":"https:\/\/api.w.org\/{rel}","templated":true}]}}