{"id":35043,"date":"2025-11-17T18:21:17","date_gmt":"2025-11-17T18:21:17","guid":{"rendered":"https:\/\/siulubangos.lt\/?post_type=product&#038;p=35043"},"modified":"2026-02-20T23:54:42","modified_gmt":"2026-02-20T21:54:42","slug":"lantern-moon-juodmedzio-medienos-adatos-3-dydziu","status":"publish","type":"product","link":"https:\/\/siulubangos.lt\/lv\/parduotuve\/lantern-moon-juodmedzio-medienos-adatos-3-dydziu\/","title":{"rendered":"Lantern Moon adatos i\u0161 juodmed\u017eio (3 dyd\u017ei\u0173)"},"content":{"rendered":"","protected":false},"excerpt":{"rendered":"<p>Auk\u0161tos kokyb\u0117s adatos si\u016bl\u0173 galams tvarkyti ir\u00a0 si\u016bti pagamintos i\u0161 tvirtos juodmed\u017eio medienos. Didel\u0117 lanksti kilpa palengvina si\u016blo \u012fv\u0117rim\u0105, o prabangiai auksuota jungtis u\u017etikrina skland\u0173 darb\u0105 be u\u017estrigim\u0173. Rinkin\u012f sudaro 3 dyd\u017eiai: 2.25 mm, 2.75 mm ir 3.25 mm. Idealiai tinka mezgimo projekt\u0173 u\u017ebaigimui.<\/p>\n<p>&nbsp;<\/p>","protected":false},"featured_media":35044,"comment_status":"open","ping_status":"closed","template":"","meta":{"_acf_changed":false},"product_brand":[762],"product_cat":[310,549],"product_tag":[1480],"class_list":{"0":"post-35043","1":"product","2":"type-product","3":"status-publish","4":"has-post-thumbnail","6":"product_brand-lantern-moon","7":"product_cat-mezgimo-priemones","8":"product_cat-adatos","9":"product_tag-lanternmoon","10":"pa_ilgis-100-cm","11":"pa_ilgis-120-cm","12":"pa_ilgis-150-cm","13":"pa_ilgis-40-cm","14":"pa_ilgis-50-cm","15":"pa_ilgis-60-cm","16":"pa_ilgis-80-cm","18":"first","19":"instock","20":"taxable","21":"shipping-taxable","22":"purchasable","23":"product-type-simple"},"acf":[],"_links":{"self":[{"href":"https:\/\/siulubangos.lt\/lv\/wp-json\/wp\/v2\/product\/35043","targetHints":{"allow":["GET"]}}],"collection":[{"href":"https:\/\/siulubangos.lt\/lv\/wp-json\/wp\/v2\/product"}],"about":[{"href":"https:\/\/siulubangos.lt\/lv\/wp-json\/wp\/v2\/types\/product"}],"replies":[{"embeddable":true,"href":"https:\/\/siulubangos.lt\/lv\/wp-json\/wp\/v2\/comments?post=35043"}],"version-history":[{"count":0,"href":"https:\/\/siulubangos.lt\/lv\/wp-json\/wp\/v2\/product\/35043\/revisions"}],"wp:featuredmedia":[{"embeddable":true,"href":"https:\/\/siulubangos.lt\/lv\/wp-json\/wp\/v2\/media\/35044"}],"wp:attachment":[{"href":"https:\/\/siulubangos.lt\/lv\/wp-json\/wp\/v2\/media?parent=35043"}],"wp:term":[{"taxonomy":"product_brand","embeddable":true,"href":"https:\/\/siulubangos.lt\/lv\/wp-json\/wp\/v2\/product_brand?post=35043"},{"taxonomy":"product_cat","embeddable":true,"href":"https:\/\/siulubangos.lt\/lv\/wp-json\/wp\/v2\/product_cat?post=35043"},{"taxonomy":"product_tag","embeddable":true,"href":"https:\/\/siulubangos.lt\/lv\/wp-json\/wp\/v2\/product_tag?post=35043"}],"curies":[{"name":"wp","href":"https:\/\/api.w.org\/{rel}","templated":true}]}}