{"id":35057,"date":"2025-11-17T19:32:34","date_gmt":"2025-11-17T19:32:34","guid":{"rendered":"https:\/\/siulubangos.lt\/?post_type=product&#038;p=35057"},"modified":"2026-02-19T13:05:36","modified_gmt":"2026-02-19T11:05:36","slug":"chiaogoo-twist-mezgines-10-cm-komplekts-2-75-10-mm","status":"publish","type":"product","link":"https:\/\/siulubangos.lt\/lv\/parduotuve\/chiaogoo-twist-lace-10-cm-rinkinys-2-75-10-mm\/","title":{"rendered":"ChiaoGoo TWIST Lace skr\u016bv\u0113jamo adatu 10 cm lielais komplekts (2.75\u201310.00 mm)"},"content":{"rendered":"<h2><strong>Chiaogoo TWIST me\u017e\u0123\u012bnes 10 cm liels komplekts (2.75-10.00 mm)<\/strong><\/h2>\n<p>Komplektam ir iztur\u012bgs, est\u0113tiski pievilc\u012bgs korpuss ar mar\u0137\u0113tiem nodal\u012bjumiem, lai visi pieskr\u016bv\u0113jamie vadi un piederumi b\u016btu viegli sasniedzami un gl\u012bti uzglab\u0101ti.<\/p>\n<h3><strong>Komplekt\u0101 ietilpst:<\/strong><\/h3>\n<ul>\n<li>Ner\u016bs\u0113jo\u0161\u0101 t\u0113rauda skr\u016bv\u0113jama virve (10 cm):<br \/>\nMazie: 2,75, 3,25, 3,50, 3,75, 4,00, 4,50, 5,00 mm.<br \/>\nLieli: 5,50, 6,00, 6,50, 8,00, 9,00, 10,00 mm.<\/li>\n<li>\u00a0Maz\u0101s 4 sarkan\u0101s l\u012bnijas: 2 x 20, 35 un 55 cm<\/li>\n<li>Liel\u0101s 4 sarkan\u0101s l\u012bnijas: 2 x 20, 35 un 55 cm<\/li>\n<li>Rull\u012b\u0161u sprauslas (maz\u0101s un liel\u0101s) vien\u0101 komplekt\u0101<\/li>\n<li>Savienot\u0101js laivu pagarin\u0101\u0161anai ( mazo un lielo laivu )<\/li>\n<li>2 pievilk\u0161anas atsl\u0113gas<\/li>\n<li>Silikona sirds auklu nostiprin\u0101\u0161anai<\/li>\n<li>Acu mar\u0137ieri<\/li>\n<li>Auklas izm\u0113ra m\u0113rier\u012bce<\/li>\n<li>\u0112rta piesprau\u017eama papl\u0101te<\/li>\n<\/ul>\n<h3><strong>Visp\u0101r\u012bga inform\u0101cija par visiem ChiaoGoo main\u0101majiem kabe\u013ciem<\/strong><\/h3>\n<p>TWIST un SPIN ir vien\u0101da izm\u0113ra v\u012btnes, t\u0101p\u0113c tie ir savstarp\u0113ji sader\u012bgi. Uz vis\u0101m uzskr\u016bv\u0113jamaj\u0101m spol\u012bt\u0113m un rull\u012b\u0161iem ir l\u0101zermar\u0137\u0113jums ar atbilsto\u0161o diegu izm\u0113ru:<\/p>\n<p>M = MINI - piem\u0113rots 1,50-2,50 mm (10 un 13 cm) un 1,50-3,25 mm (8 cm) izm\u0113ra aukl\u0101m.<\/p>\n<p>S = Small - piem\u0113rots auklas izm\u0113riem 2,75-5,00 mm (10 un 13 cm) un 3,50-5,00 mm (8 cm).<\/p>\n<p>L = liels - piem\u0113rots auklas izm\u0113riem 5,50-10,00 mm (10 un 13 cm)<\/p>\n<p>MINI s\u0113rija nav savietojama ar S un L v\u012bt\u0146u izm\u0113riem, t\u0101p\u0113c visas MINI ieskr\u016bv\u0113jam\u0101s v\u0101rpstas j\u0101izmanto tikai ar MINI v\u0101rpst\u0101m.<\/p>\n<p>L\u016bdzu, \u0146emiet v\u0113r\u0101, ka 10 cm un 13 cm MINI v\u0101rpstas ir p\u0101r\u0101k garas, lai t\u0101s izmantotu ar 5 cm, 13 cm vai 15 cm MINI v\u0101rpst\u0101m. T\u0101s var pagarin\u0101t, izmantojot MINI rull\u012b\u0161a savienot\u0101ju.<\/p>\n<p>\u201eChiaoGoo pied\u0101v\u0101 ar\u012b adapterus, lai savstarp\u0113ji savienotu MINI, S un L v\u012bt\u0146u izm\u0113rus.<\/p>\n<p>Iz\u0146\u0113mums:<br \/>\n\u201eChiaoGoo MINI SHORTIES uzskr\u016bv\u0113jamie k\u0101ti\u0146i (izm\u0113rs 1,50-3,25 mm) ir sader\u012bgi tikai ar MINI v\u012bt\u0146otiem izstr\u0101d\u0101jumiem.<\/p>","protected":false},"excerpt":{"rendered":"<p><strong>ChiaoGoo TWIST me\u017e\u0123\u012b\u0146u skr\u016bv\u0113jam\u0101s auklas 10 cm liels komplekts<\/strong> - ir augstas kvalit\u0101tes ad\u012b\u0161anas komplekts gan profesion\u0101\u013ciem, gan amatieriem, kur\u0101 vienuviet atrad\u012bsiet visus nepiecie\u0161amos izm\u0113rus un piederumus. Asie ner\u016bs\u0113jo\u0161\u0101 t\u0113rauda uzga\u013ci ir ide\u0101li piem\u0113roti akup\u0101\u017eas, pinumu un prec\u012bzas ad\u012b\u0161anas ad\u012bjumiem. Elast\u012bgie, nerot\u0113jo\u0161ie, ar sarkanu t\u0113rauda pamatni apr\u012bkotie rull\u012b\u0161i nodro\u0161ina \u0113rtu un vienm\u0113r\u012bgu ad\u012b\u0161anu bez trauc\u0113jumiem.<\/p>","protected":false},"featured_media":35060,"comment_status":"open","ping_status":"closed","template":"","meta":{"_acf_changed":false},"product_brand":[560],"product_cat":[61,466,455,527,505,507],"product_tag":[1257],"class_list":{"0":"post-35057","1":"product","2":"type-product","3":"status-publish","4":"has-post-thumbnail","6":"product_brand-chiaogoo","7":"product_cat-virbalai-vaseliai","8":"product_cat-chiaogoo-virbalai-vaseliai","9":"product_cat-gamintojas-virbalai-vaseliai","10":"product_cat-metaliniai","11":"product_cat-rinkiniai","12":"product_cat-virbalu-rinkiniai","13":"product_tag-chiaogoo","14":"pa_dydis-1-50-mm","15":"pa_dydis-1-75-mm","16":"pa_dydis-2-mm","17":"pa_dydis-2-25-mm","18":"pa_dydis-2-50-mm","19":"pa_dydis-2-75-mm","20":"pa_dydis-3-mm","21":"pa_dydis-3-25-mm","22":"pa_dydis-3-50-mm","23":"pa_dydis-3-75-mm","24":"pa_dydis-4-mm","25":"pa_dydis-4-50-mm","26":"pa_dydis-5-mm","27":"pa_dydis-5-50-mm","28":"pa_dydis-6-mm","29":"pa_dydis-6-50-mm","30":"pa_dydis-7-mm","31":"pa_dydis-7-50-mm","33":"first","34":"instock","35":"featured","36":"taxable","37":"shipping-taxable","38":"purchasable","39":"product-type-simple"},"acf":[],"_links":{"self":[{"href":"https:\/\/siulubangos.lt\/lv\/wp-json\/wp\/v2\/product\/35057","targetHints":{"allow":["GET"]}}],"collection":[{"href":"https:\/\/siulubangos.lt\/lv\/wp-json\/wp\/v2\/product"}],"about":[{"href":"https:\/\/siulubangos.lt\/lv\/wp-json\/wp\/v2\/types\/product"}],"replies":[{"embeddable":true,"href":"https:\/\/siulubangos.lt\/lv\/wp-json\/wp\/v2\/comments?post=35057"}],"version-history":[{"count":0,"href":"https:\/\/siulubangos.lt\/lv\/wp-json\/wp\/v2\/product\/35057\/revisions"}],"wp:featuredmedia":[{"embeddable":true,"href":"https:\/\/siulubangos.lt\/lv\/wp-json\/wp\/v2\/media\/35060"}],"wp:attachment":[{"href":"https:\/\/siulubangos.lt\/lv\/wp-json\/wp\/v2\/media?parent=35057"}],"wp:term":[{"taxonomy":"product_brand","embeddable":true,"href":"https:\/\/siulubangos.lt\/lv\/wp-json\/wp\/v2\/product_brand?post=35057"},{"taxonomy":"product_cat","embeddable":true,"href":"https:\/\/siulubangos.lt\/lv\/wp-json\/wp\/v2\/product_cat?post=35057"},{"taxonomy":"product_tag","embeddable":true,"href":"https:\/\/siulubangos.lt\/lv\/wp-json\/wp\/v2\/product_tag?post=35057"}],"curies":[{"name":"wp","href":"https:\/\/api.w.org\/{rel}","templated":true}]}}