{"id":35076,"date":"2025-11-17T20:10:20","date_gmt":"2025-11-17T20:10:20","guid":{"rendered":"https:\/\/siulubangos.lt\/?post_type=product&#038;p=35076"},"modified":"2026-02-19T13:06:30","modified_gmt":"2026-02-19T11:06:30","slug":"chiaogoo-virves-aukla-ar-mezginu-vijumu-10-cm-komplekts-2-75-5-mm","status":"publish","type":"product","link":"https:\/\/siulubangos.lt\/lv\/parduotuve\/chiaogoo-twist-lace-prisukamu-virbalu-10-cm-rinkinys-2-75-5-mm\/","title":{"rendered":"ChiaoGoo TWIST Lace skr\u016bv\u0113jamo adatu 10 cm mazais komplekts (2.75\u20135.0 mm)"},"content":{"rendered":"<h2><strong>ChiaoGoo TWIST Lace skr\u016bv\u0113jamo adatu 10 cm mazais komplekts (2.75\u20135.0 mm)<\/strong><\/h2>\n<p>Komplektam ir iztur\u012bgs, est\u0113tiski pievilc\u012bgs korpuss ar mar\u0137\u0113tiem nodal\u012bjumiem, lai visi vadi un piederumi b\u016btu viegli pieejami un gl\u012bti uzglab\u0101ti.<\/p>\n<h3><strong>Komplekt\u0101 ietilpst:<\/strong><\/h3>\n<ul>\n<li>Ner\u016bs\u0113jo\u0161\u0101 t\u0113rauda virves (10 cm):<br \/>\nMazie: 2,75, 3,25, 3,50, 3,75, 4,0, 4,50, 5,0 mm.<\/li>\n<li>\u00a0Maz\u0101s 4 sarkan\u0101s l\u012bnijas: 2 x 20, 35 un 55 cm<\/li>\n<li>Rull\u012b\u0161u sprauslas (mazas )<\/li>\n<li>Savienot\u0101js laivas pagarin\u0101jumam (mazs)<\/li>\n<li>2 pievilk\u0161anas atsl\u0113gas<\/li>\n<li>Papildu silikona sirds auklu nostiprin\u0101\u0161anai kop\u0101 ar v\u0101rpstu<\/li>\n<li>Acu mar\u0137ieri<\/li>\n<li>Auklas izm\u0113ra m\u0113rier\u012bce<\/li>\n<li>\u0112rta piesprau\u017eama papl\u0101te<\/li>\n<\/ul>\n<h3><strong>Visp\u0101r\u012bga inform\u0101cija par visiem ChiaoGoo main\u0101majiem kabe\u013ciem<\/strong><\/h3>\n<p>TWIST un SPIN ir vien\u0101da izm\u0113ra v\u012btnes, t\u0101p\u0113c tie ir savstarp\u0113ji sader\u012bgi. Visas spol\u012btes un rull\u012b\u0161i ir mar\u0137\u0113ti ar l\u0101zeru, nor\u0101dot atbilsto\u0161o diegu izm\u0113ru:<\/p>\n<p>M = MINI - piem\u0113rots 1,50-2,50 mm (10 un 13 cm) un 1,50-3,25 mm (8 cm) izm\u0113ra aukl\u0101m.<\/p>\n<p>S = Small - piem\u0113rots auklas izm\u0113riem 2,75-5,00 mm (10 un 13 cm) un 3,50-5,00 mm (8 cm).<\/p>\n<p>L = liels - piem\u0113rots auklas izm\u0113riem 5,50-10,00 mm (10 un 13 cm)<\/p>\n<p>MINI s\u0113rija nav savietojama ar S un L v\u012bt\u0146u izm\u0113riem, t\u0101p\u0113c visas MINI v\u0101rpstas j\u0101izmanto tikai ar MINI v\u0101rpst\u0101m.<\/p>\n<p>L\u016bdzu, \u0146emiet v\u0113r\u0101, ka 10 cm un 13 cm MINI v\u0101rpstas ir p\u0101r\u0101k garas, lai t\u0101s izmantotu ar 5 cm, 13 cm vai 15 cm MINI v\u0101rpst\u0101m. T\u0101s var pagarin\u0101t, izmantojot MINI rull\u012b\u0161a savienot\u0101ju.<\/p>\n<p>ChiaoGoo pied\u0101v\u0101 ar\u012b adapterus MINI, S un L v\u012bt\u0146u izm\u0113ru savieno\u0161anai.<\/p>\n<p>Iz\u0146\u0113mums:<br \/>\nChiaoGoo MINI SHORTIES (1,50-3,25 mm) ir sader\u012bgas tikai ar MINI v\u012bt\u0146u produktiem.<\/p>","protected":false},"excerpt":{"rendered":"<p><strong>ChiaoGoo TWIST me\u017e\u0123\u012bnes<\/strong> Uzskr\u016bv\u0113jamo auklu 10 cm mazais komplekts ir augstas kvalit\u0101tes ad\u012b\u0161anas komplekts profesion\u0101\u013ciem un amatieriem, kur\u0101 vienuviet atrad\u012bsiet visus nepiecie\u0161amos izm\u0113rus un piederumus. Asie ner\u016bs\u0113jo\u0161\u0101 t\u0113rauda uzga\u013ci ir ide\u0101li piem\u0113roti akupunkt\u016brai, pinumiem un prec\u012bzai ad\u012b\u0161anai. Elast\u012bgie, nerot\u0113jo\u0161ie rull\u012b\u0161i ar sarkanu t\u0113rauda pamatni nodro\u0161ina \u0113rtu un vienm\u0113r\u012bgu ad\u012b\u0161anu bez trauc\u0113jumiem.<\/p>","protected":false},"featured_media":35072,"comment_status":"open","ping_status":"closed","template":"","meta":{"_acf_changed":false},"product_brand":[560],"product_cat":[61,466,455,527,505,507],"product_tag":[1257],"class_list":{"0":"post-35076","1":"product","2":"type-product","3":"status-publish","4":"has-post-thumbnail","6":"product_brand-chiaogoo","7":"product_cat-virbalai-vaseliai","8":"product_cat-chiaogoo-virbalai-vaseliai","9":"product_cat-gamintojas-virbalai-vaseliai","10":"product_cat-metaliniai","11":"product_cat-rinkiniai","12":"product_cat-virbalu-rinkiniai","13":"product_tag-chiaogoo","14":"pa_dydis-1-50-mm","15":"pa_dydis-1-75-mm","16":"pa_dydis-2-mm","17":"pa_dydis-2-25-mm","18":"pa_dydis-2-50-mm","19":"pa_dydis-2-75-mm","20":"pa_dydis-3-mm","21":"pa_dydis-3-25-mm","22":"pa_dydis-3-50-mm","23":"pa_dydis-3-75-mm","24":"pa_dydis-4-mm","25":"pa_dydis-4-50-mm","26":"pa_dydis-5-mm","27":"pa_dydis-5-50-mm","28":"pa_dydis-6-mm","29":"pa_dydis-6-50-mm","30":"pa_dydis-7-mm","31":"pa_dydis-7-50-mm","33":"first","34":"instock","35":"taxable","36":"shipping-taxable","37":"purchasable","38":"product-type-simple"},"acf":[],"_links":{"self":[{"href":"https:\/\/siulubangos.lt\/lv\/wp-json\/wp\/v2\/product\/35076","targetHints":{"allow":["GET"]}}],"collection":[{"href":"https:\/\/siulubangos.lt\/lv\/wp-json\/wp\/v2\/product"}],"about":[{"href":"https:\/\/siulubangos.lt\/lv\/wp-json\/wp\/v2\/types\/product"}],"replies":[{"embeddable":true,"href":"https:\/\/siulubangos.lt\/lv\/wp-json\/wp\/v2\/comments?post=35076"}],"version-history":[{"count":0,"href":"https:\/\/siulubangos.lt\/lv\/wp-json\/wp\/v2\/product\/35076\/revisions"}],"wp:featuredmedia":[{"embeddable":true,"href":"https:\/\/siulubangos.lt\/lv\/wp-json\/wp\/v2\/media\/35072"}],"wp:attachment":[{"href":"https:\/\/siulubangos.lt\/lv\/wp-json\/wp\/v2\/media?parent=35076"}],"wp:term":[{"taxonomy":"product_brand","embeddable":true,"href":"https:\/\/siulubangos.lt\/lv\/wp-json\/wp\/v2\/product_brand?post=35076"},{"taxonomy":"product_cat","embeddable":true,"href":"https:\/\/siulubangos.lt\/lv\/wp-json\/wp\/v2\/product_cat?post=35076"},{"taxonomy":"product_tag","embeddable":true,"href":"https:\/\/siulubangos.lt\/lv\/wp-json\/wp\/v2\/product_tag?post=35076"}],"curies":[{"name":"wp","href":"https:\/\/api.w.org\/{rel}","templated":true}]}}