{"id":35078,"date":"2025-11-17T20:28:47","date_gmt":"2025-11-17T20:28:47","guid":{"rendered":"https:\/\/siulubangos.lt\/?post_type=product&#038;p=35078"},"modified":"2026-01-14T14:13:47","modified_gmt":"2026-01-14T12:13:47","slug":"chiaogoo-spin-bamboo-prisukamu-virbalu-10-cm-rinkinys-2-75-5-mm","status":"publish","type":"product","link":"https:\/\/siulubangos.lt\/lv\/parduotuve\/chiaogoo-spin-bamboo-prisukamu-virbalu-10-cm-rinkinys-2-75-5-mm\/","title":{"rendered":"ChiaoGoo SPIN Bamboo skr\u016bv\u0113jamo adatu 10 cm komplekts (2.75\u20135.0 mm)"},"content":{"rendered":"<h2><strong>ChiaoGoo SPIN Bamboo skr\u016bv\u0113jamo adatu 10 cm komplekts (2.75\u20135.0 mm)<\/strong><\/h2>\n<p>Komplektam ir iztur\u012bgs, est\u0113tiski pievilc\u012bgs korpuss ar mar\u0137\u0113tiem nodal\u012bjumiem, lai visi vadi un piederumi b\u016btu viegli pieejami un gl\u012bti uzglab\u0101ti.<\/p>\n<p>SPIN s\u0113rija izce\u013cas ar \u012bpa\u0161u \u0161arn\u012bra savienojumu starp virvi un trosi, kas \u013cauj virvei br\u012bvi griezties. Tas noz\u012bm\u0113, ka spol\u012btes nesaskr\u016btojas, neizliekas un ir \u013coti \u0113rtas ad\u012b\u0161anai.<\/p>\n<h3><strong>Komplekt\u0101 ietilpst:<\/strong><\/h3>\n<ul>\n<li>Moso bambuko virbalai (10 cm):<br \/>\nSmall: 2.75, 3.25, 3.50, 3.75, 4.00, 4.50, 5.0 mm<\/li>\n<li>\u00a0Small 4 rotaciniai, sidabriniai valai: 2 x 20, 35 ir 55 cm<\/li>\n<li>Val\u0173 antgaliai (Small )<\/li>\n<li>Savienot\u0101js laivas pagarin\u0101jumam (mazs)<\/li>\n<li>2 priver\u017eimo rakteliai<\/li>\n<li>Papildu silikona sirds auklu nostiprin\u0101\u0161anai kop\u0101 ar v\u0101rpstu<\/li>\n<li>Acu mar\u0137ieri<\/li>\n<li>Auklas izm\u0113ra m\u0113rier\u012bce<\/li>\n<li>\u0112rta piesprau\u017eama papl\u0101te<\/li>\n<\/ul>\n<h3><strong>Visp\u0101r\u012bga inform\u0101cija par visiem ChiaoGoo main\u0101majiem kabe\u013ciem<\/strong><\/h3>\n<p>TWIST ir SPIN serijos gaminiai turi vienodo dyd\u017eio sriegius, tod\u0117l yra tarpusavyje suderinami. Visi virbalaiir valai yra lazeriu pa\u017eym\u0117ti atitinkamu sriegio dyd\u017eiu:<\/p>\n<p>M = MINI - piem\u0113rots 1,50-2,50 mm (10 un 13 cm) un 1,50-3,25 mm (8 cm) izm\u0113ra aukl\u0101m.<\/p>\n<p>S = Small (ma\u017eas) &#8211; tinka virbal\u0173 dyd\u017eiams 2.75-5.00 mm (10 ir 13 cm) ir 3.50-5.00 mm (8 cm)<\/p>\n<p>L = Large (didelis) &#8211; tinka virbal\u0173 dyd\u017eiams 5.50-10.00 mm (10 ir 13 cm)<\/p>\n<p>MINI s\u0113rija nav savietojama ar S un L v\u012bt\u0146u izm\u0113riem, t\u0101p\u0113c visas MINI v\u0101rpstas j\u0101izmanto tikai ar MINI v\u0101rpst\u0101m.<\/p>\n<p>L\u016bdzu, \u0146emiet v\u0113r\u0101, ka 10 cm un 13 cm MINI v\u0101rpstas ir p\u0101r\u0101k garas, lai t\u0101s izmantotu ar 5 cm, 13 cm vai 15 cm MINI v\u0101rpst\u0101m. T\u0101s var pagarin\u0101t, izmantojot MINI rull\u012b\u0161a savienot\u0101ju.<\/p>\n<p>ChiaoGoo pied\u0101v\u0101 ar\u012b adapterus MINI, S un L v\u012bt\u0146u izm\u0113ru savieno\u0161anai.<\/p>\n<p>Iz\u0146\u0113mums:<br \/>\nChiaoGoo MINI SHORTIES (1,50-3,25 mm) ir sader\u012bgas tikai ar MINI v\u012bt\u0146u produktiem.<\/p>","protected":false},"excerpt":{"rendered":"<p>ChiaoGoo SPIN Bamboo bambukini\u0173 kei\u010diam\u0173 \/ prisukam\u0173 mezgimo virbal\u0173 rinkinys &#8211; tai pilnas komplektas kiekvienai mezg\u0117jai! Jame rasite \u012fvairaus dyd\u017eio virbalus, skirting\u0173 ilgi\u0173 valus ir visus reikalingiausius mezgimo priedus, kad gal\u0117tum\u0117te susidaryti b\u016btent j\u016bs\u0173 projektui tinkamus virbalus su valu.<\/p>\n<p><strong>Nuo \u0161iol \u0161is rinkinys su naujais valais<\/strong>: plieniniai valai dengti sidabro spalvos nailono sluoksniu, kuris suteikia jam tvirtumo, ta\u010diau kartu leid\u017eia skland\u017eiai slysti per akis.<\/p>","protected":false},"featured_media":35079,"comment_status":"open","ping_status":"closed","template":"","meta":{"_acf_changed":false},"product_brand":[560],"product_cat":[61,525,466,483,455,505,507],"product_tag":[1257],"class_list":{"0":"post-35078","1":"product","2":"type-product","3":"status-publish","4":"has-post-thumbnail","6":"product_brand-chiaogoo","7":"product_cat-virbalai-vaseliai","8":"product_cat-bambukiniai","9":"product_cat-chiaogoo-virbalai-vaseliai","10":"product_cat-dovanos","11":"product_cat-gamintojas-virbalai-vaseliai","12":"product_cat-rinkiniai","13":"product_cat-virbalu-rinkiniai","14":"product_tag-chiaogoo","15":"pa_dydis-1-50-mm","16":"pa_dydis-1-75-mm","17":"pa_dydis-2-mm","18":"pa_dydis-2-25-mm","19":"pa_dydis-2-50-mm","20":"pa_dydis-2-75-mm","21":"pa_dydis-3-mm","22":"pa_dydis-3-25-mm","23":"pa_dydis-3-50-mm","24":"pa_dydis-3-75-mm","25":"pa_dydis-4-mm","26":"pa_dydis-4-50-mm","27":"pa_dydis-5-mm","28":"pa_dydis-5-50-mm","29":"pa_dydis-6-mm","30":"pa_dydis-6-50-mm","31":"pa_dydis-7-mm","32":"pa_dydis-7-50-mm","34":"first","35":"instock","36":"taxable","37":"shipping-taxable","38":"purchasable","39":"product-type-simple"},"acf":[],"_links":{"self":[{"href":"https:\/\/siulubangos.lt\/lv\/wp-json\/wp\/v2\/product\/35078","targetHints":{"allow":["GET"]}}],"collection":[{"href":"https:\/\/siulubangos.lt\/lv\/wp-json\/wp\/v2\/product"}],"about":[{"href":"https:\/\/siulubangos.lt\/lv\/wp-json\/wp\/v2\/types\/product"}],"replies":[{"embeddable":true,"href":"https:\/\/siulubangos.lt\/lv\/wp-json\/wp\/v2\/comments?post=35078"}],"version-history":[{"count":0,"href":"https:\/\/siulubangos.lt\/lv\/wp-json\/wp\/v2\/product\/35078\/revisions"}],"wp:featuredmedia":[{"embeddable":true,"href":"https:\/\/siulubangos.lt\/lv\/wp-json\/wp\/v2\/media\/35079"}],"wp:attachment":[{"href":"https:\/\/siulubangos.lt\/lv\/wp-json\/wp\/v2\/media?parent=35078"}],"wp:term":[{"taxonomy":"product_brand","embeddable":true,"href":"https:\/\/siulubangos.lt\/lv\/wp-json\/wp\/v2\/product_brand?post=35078"},{"taxonomy":"product_cat","embeddable":true,"href":"https:\/\/siulubangos.lt\/lv\/wp-json\/wp\/v2\/product_cat?post=35078"},{"taxonomy":"product_tag","embeddable":true,"href":"https:\/\/siulubangos.lt\/lv\/wp-json\/wp\/v2\/product_tag?post=35078"}],"curies":[{"name":"wp","href":"https:\/\/api.w.org\/{rel}","templated":true}]}}