{"id":35421,"date":"2025-11-19T17:16:44","date_gmt":"2025-11-19T17:16:44","guid":{"rendered":"https:\/\/siulubangos.lt\/?post_type=product&#038;p=35421"},"modified":"2026-04-07T22:23:52","modified_gmt":"2026-04-07T19:23:52","slug":"lana-gatto-vip-merino-vilna-kasmirs","status":"publish","type":"product","link":"https:\/\/siulubangos.lt\/lv\/parduotuve\/lana-gatto-vip-merino-vilna-kasmyras\/","title":{"rendered":"Lana Gatto VIP (merino vilna, ka\u0161mirs)"},"content":{"rendered":"<h2><strong>Lana Gatto VIP (80% merino vilnas, 20% ka\u0161mira)<\/strong><\/h2>\n<p><a href=\"https:\/\/siulubangos.lt\/wp-content\/uploads\/2025\/11\/vip2-rotated.jpg\"><img loading=\"lazy\" decoding=\"async\" class=\"alignnone  wp-image-41248\" src=\"https:\/\/siulubangos.lt\/wp-content\/uploads\/2025\/11\/vip2-rotated.jpg\" alt=\"\" width=\"560\" height=\"560\" title=\"\" srcset=\"https:\/\/siulubangos.lt\/wp-content\/uploads\/2025\/11\/vip2-rotated.jpg 1400w, https:\/\/siulubangos.lt\/wp-content\/uploads\/2025\/11\/vip2-300x300.jpg 300w, https:\/\/siulubangos.lt\/wp-content\/uploads\/2025\/11\/vip2-800x800.jpg 800w, https:\/\/siulubangos.lt\/wp-content\/uploads\/2025\/11\/vip2-150x150.jpg 150w, https:\/\/siulubangos.lt\/wp-content\/uploads\/2025\/11\/vip2-768x768.jpg 768w, https:\/\/siulubangos.lt\/wp-content\/uploads\/2025\/11\/vip2-600x600.jpg 600w, https:\/\/siulubangos.lt\/wp-content\/uploads\/2025\/11\/vip2-1200x1200.jpg 1200w\" sizes=\"auto, (max-width: 560px) 100vw, 560px\" \/><\/a><\/p>\n<p>\u0161\u012b ir augstas kvalit\u0101tes dzija, kas rad\u012bta, apvienojot <strong>\u013coti pl\u0101nu, m\u012bkstu \"extra fine\" merino vilnu un dab\u012bgu ka\u0161miru<\/strong>. \u0160\u012b kombin\u0101cija dzij\u0101m pie\u0161\u0137ir nep\u0101rsp\u0113jamu maigumu, siltumu un komfortu. Lana Gatto VIP ir tie\u0161i t\u0101das dzijas, kas ad\u012b\u0161anas laik\u0101 pat\u012bkami sl\u012bd starp pirkstiem, un gatavais izstr\u0101d\u0101jums k\u013c\u016bst viegls, m\u012bksts, lieliski piegu\u013co\u0161s un formu noturo\u0161s.<\/p>\n<p>VIP ir univers\u0101ls dzija, b\u0113rnu ap\u0123\u0113rbiem un visiem projektiem, kuros v\u0113laties \u012bpa\u0161u maigumu un smalku grezn\u012bbu:<\/p>\n<ul>\n<li>jaka ir veste \u2013 viegli, silti, smalki piegu\u013co\u0161s \u0137ermenim,<\/li>\n<li>cepurei un \u0161all\u0113m, d\u016brai\u0146iem, kaklskar\u0101m \u2013 pie\u0161\u0137ir maiguma, komforta un grezn\u012bbas saj\u016btu,<\/li>\n<li>ad\u012b\u0161ana b\u0113rniem un pieaugu\u0161ajiem \u2013 ide\u0101li piem\u0113rota jut\u012bgai \u0101dai,<\/li>\n<li>ir visiem citiem projektiem, kuros veelas ipas\u0101s maiguma un smalkas luksusa.<\/li>\n<\/ul>\n<p><strong>K\u0101d\u0113\u013c izv\u0113l\u0113ties Lana Gatto VIP dziju?<\/strong><\/p>\n<ul>\n<li data-start=\"874\" data-end=\"983\"><strong data-start=\"876\" data-end=\"904\">Nep\u0101rsp\u0113jams maigums<\/strong> \u2013 audumi ir m\u012bksti, viegli un \u0113rti, piem\u0113roti pat z\u012bdai\u0146iem un jut\u012bgai \u0101dai.<\/li>\n<li data-start=\"984\" data-end=\"1160\"><strong data-start=\"986\" data-end=\"1003\">Univers\u0101lisms<\/strong> \u2013 piem\u0113rota ad\u012b\u0161anai ar rok\u0101m, ad\u0101mma\u0161\u012bn\u0101m un tambor\u0113\u0161anai. Var kombin\u0113t ar <strong data-start=\"1078\" data-end=\"1093\">Z\u012bda moh\u0113ra<\/strong> ad\u012bt ar diviem pavedieniem, lai ieg\u016btu m\u012bkstu, greznu efektu.<\/li>\n<li data-start=\"1161\" data-end=\"1289\"><strong data-start=\"1163\" data-end=\"1198\">Eleganti izstr\u0101d\u0101jumi ad\u012bjum\u0101<\/strong> \u2013 dab\u012bgais ka\u0161mirs pie\u0161\u0137ir siltumu, tom\u0113r ad\u012bjumi saglab\u0101jas viegli un eleganti.<\/li>\n<li data-start=\"1290\" data-end=\"1417\"><strong data-start=\"1292\" data-end=\"1311\">It\u0101\u013cu kvalit\u0101te<\/strong> \u2013 VIP atbilst augst\u0101kajiem standartiem, nodro\u0161ina ilgiztur\u012bbu, kr\u0101su pies\u0101tin\u0101jumu un pat\u012bkamu piesk\u0101rienu.<\/li>\n<li data-start=\"1418\" data-end=\"1548\"><strong data-start=\"1420\" data-end=\"1440\">Lieliska saska\u0146o\u0161ana<\/strong> \u2013 lieliski sader ar citiem pl\u0101niem, m\u012bkstiem dzijas veidiem, pie\u0161\u0137irot ad\u012bjumiem papildu strukt\u016bru un apjomu.<\/li>\n<\/ul>\n<p><strong>Ad\u012bjumu kop\u0161ana:<\/strong><\/p>\n<ul>\n<li>Dziju ieteicams mazg\u0101t ar rok\u0101m,<\/li>\n<li>Izmantojiet vilnai paredz\u0113tu un maigu mazg\u0101\u0161anas l\u012bdzekli,<\/li>\n<li>Nenaudojiet auduma m\u012bkstin\u0101t\u0101ju, lai nesaboj\u0101tu vilnas elast\u012bbu.,<\/li>\n<li>P\u0113c mazg\u0101\u0161anas \u017e\u0101v\u0113jiet uz l\u012bdzenas virsmas, lai ad\u012bjums saglab\u0101tu formu.<\/li>\n<\/ul>\n<p data-start=\"3025\" data-end=\"3137\">Atrast <strong data-start=\"3035\" data-end=\"3049\">VIP <\/strong>dziju un \u013caujiet savai rado\u0161umam plaukt ar <strong data-start=\"3091\" data-end=\"3134\">izcilu siltumu, komfortu un grezn\u012bbu<\/strong>.<\/p>","protected":false},"excerpt":{"rendered":"<p><strong>Lana Gatto VIP<\/strong> \u2013 tie ir izcili augst\u0101k\u0101s klases dzija, kur\u0101 apvienota \u012bpa\u0161i m\u012bksta merino vilna un \u012bsta ka\u0161mira grezn\u012bba. \u0160is sast\u0101vs pie\u0161\u0137ir ad\u012bjumiem neatk\u0101rtojamu maigumu, siltumu un vieglumu, bet ad\u012b\u0161anas proces\u0101 rokas j\u016btama maigums nekav\u0113joties \u013cauj saprast, ka t\u0101 ir \u012bpa\u0161a dzija. Lieliski sader kop\u0101 ar SILK MOHAIR vai var tikt ad\u012bta no div\u0101m VIP gij\u0101m.<\/p>\n<p><strong>Svar\u012bgi!<\/strong> izv\u0113lieties maz\u0101ku adatas diametru nek\u0101 ra\u017eot\u0101ja ieteiktais.<\/p>","protected":false},"featured_media":41238,"template":"","meta":{"_acf_changed":false},"product_brand":[759],"product_cat":[58,428,415,1524,419,453,492,429],"product_tag":[1501],"class_list":{"0":"post-35421","1":"product","2":"type-product","3":"status-publish","4":"has-post-thumbnail","6":"product_brand-lana-gatto","7":"product_cat-siulai-mezgimui","8":"product_cat-gamintojas","9":"product_cat-kasmyro-vilnos-siulai","10":"product_cat-lana-gatto-siulai","11":"product_cat-merino-vilnos-siulai","12":"product_cat-nuolaidos","13":"product_cat-prabangus-siulai","14":"product_cat-sudetis","15":"product_tag-lanagatto","16":"pa_pluostas-kasmyras","17":"pa_pluostas-merino-vilna","18":"pa_spalva-10001-vip","19":"pa_spalva-10011-vip","20":"pa_spalva-12246-vip","21":"pa_spalva-12504-vip","22":"pa_spalva-14562-vip","23":"pa_spalva-14603-vip","24":"pa_spalva-1500-vip","25":"pa_spalva-19994-vip","26":"pa_spalva-8435-vip","27":"pa_spalva-9358-vip","28":"pa_spalva-9360-vip","29":"pa_spalva-9363-vip","30":"pa_svoris-ilgis-50-g-200-m","32":"first","33":"instock","34":"sale","35":"taxable","36":"shipping-taxable","37":"purchasable","38":"product-type-variable"},"acf":[],"_links":{"self":[{"href":"https:\/\/siulubangos.lt\/lv\/wp-json\/wp\/v2\/product\/35421","targetHints":{"allow":["GET"]}}],"collection":[{"href":"https:\/\/siulubangos.lt\/lv\/wp-json\/wp\/v2\/product"}],"about":[{"href":"https:\/\/siulubangos.lt\/lv\/wp-json\/wp\/v2\/types\/product"}],"version-history":[{"count":0,"href":"https:\/\/siulubangos.lt\/lv\/wp-json\/wp\/v2\/product\/35421\/revisions"}],"wp:featuredmedia":[{"embeddable":true,"href":"https:\/\/siulubangos.lt\/lv\/wp-json\/wp\/v2\/media\/41238"}],"wp:attachment":[{"href":"https:\/\/siulubangos.lt\/lv\/wp-json\/wp\/v2\/media?parent=35421"}],"wp:term":[{"taxonomy":"product_brand","embeddable":true,"href":"https:\/\/siulubangos.lt\/lv\/wp-json\/wp\/v2\/product_brand?post=35421"},{"taxonomy":"product_cat","embeddable":true,"href":"https:\/\/siulubangos.lt\/lv\/wp-json\/wp\/v2\/product_cat?post=35421"},{"taxonomy":"product_tag","embeddable":true,"href":"https:\/\/siulubangos.lt\/lv\/wp-json\/wp\/v2\/product_tag?post=35421"}],"curies":[{"name":"wp","href":"https:\/\/api.w.org\/{rel}","templated":true}]}}