{"id":35497,"date":"2025-11-20T10:51:15","date_gmt":"2025-11-20T10:51:15","guid":{"rendered":"https:\/\/siulubangos.lt\/?post_type=product&#038;p=35497"},"modified":"2026-01-14T15:55:27","modified_gmt":"2026-01-14T13:55:27","slug":"lantern-moon-blackwood-10-cm-adamadatas-adamadatas-3-00-8-00-mm","status":"publish","type":"product","link":"https:\/\/siulubangos.lt\/lv\/parduotuve\/lantern-moon-juodmedzio-prisukami-10-cm-mezgimo-virbalai-3-00-8-00-mm\/","title":{"rendered":"Lantern Moon melnkoka melnkoka 10 cm ad\u0101madatas (3-8 mm)"},"content":{"rendered":"<h3><strong>Lantern Moon melnkoka melnkoka 10 cm ad\u0101madatas (3-8 mm)<\/strong><\/h3>\n<p><strong>S\u0113dek\u013ciem ir rakstur\u012bgas \u0161\u0101das iez\u012bmes:\u00a0<\/strong><\/p>\n<ul>\n<li>Ide\u0101li gluda, sp\u012bd\u012bga virsma - acu sl\u012bd\u0113\u0161anai bez pretest\u012bbas.<\/li>\n<li>Perfektas formas smaili gali prec\u012bzai un vieglai ad\u012b\u0161anai.<\/li>\n<li>24 kar\u0101tu zelt\u012bts misi\u0146a savienot\u0101js greznai un piln\u012bgi nevainojamai p\u0101rejai uz valsi.<\/li>\n<li>Piel\u0101gojama da\u017e\u0101diem projektiem - piem\u0113rota gan apa\u013cajam, gan turp un atpaka\u013c ad\u012bjumam.<\/li>\n<li>\u0160\u012bs auklas \u013cauj \u0101tri main\u012bt auklu biezumu vai birstes garumu, padarot t\u0101s \u013coti praktiskas gan ies\u0101c\u0113jiem, gan profesion\u0101\u013ciem.<\/li>\n<\/ul>","protected":false},"excerpt":{"rendered":"<p>Atkl\u0101jiet \u012bpa\u0161u ad\u012b\u0161anas pieredzi ar Lantern Moon - ar rok\u0101m darin\u0101tu Ebony auklu, kas paz\u012bstama ar savu izcilo iztur\u012bbu, iztur\u012bbu un dabisko eleganci. Eboni koksne ir \u013coti cieta, stabila un iztur\u012bga pret p\u016b\u0161anu, t\u0101p\u0113c t\u0101 ir iztur\u012bga un pat\u012bkama lieto\u0161an\u0101 pat tad, ja ad\u012b\u0161ana ir intens\u012bva.<\/p>","protected":false},"featured_media":35498,"comment_status":"open","ping_status":"closed","template":"","meta":{"_acf_changed":false},"product_brand":[762],"product_cat":[526,513,61],"product_tag":[1480],"class_list":{"0":"post-35497","1":"product","2":"type-product","3":"status-publish","4":"has-post-thumbnail","6":"product_brand-lantern-moon","7":"product_cat-mediniai","8":"product_cat-10-cm-prisukami-virbalai","9":"product_cat-virbalai-vaseliai","10":"product_tag-lanternmoon","11":"pa_dydis-3-mm","12":"pa_dydis-3-25-mm","13":"pa_dydis-3-50-mm","14":"pa_dydis-3-75-mm","15":"pa_dydis-4-mm","16":"pa_dydis-4-50-mm","17":"pa_dydis-5-mm","18":"pa_dydis-5-50-mm","19":"pa_dydis-6-mm","20":"pa_dydis-6-50-mm","21":"pa_dydis-7-mm","22":"pa_dydis-8-mm","23":"pa_ilgis-10-cm","25":"first","26":"instock","27":"taxable","28":"shipping-taxable","29":"purchasable","30":"product-type-variable"},"acf":[],"_links":{"self":[{"href":"https:\/\/siulubangos.lt\/lv\/wp-json\/wp\/v2\/product\/35497","targetHints":{"allow":["GET"]}}],"collection":[{"href":"https:\/\/siulubangos.lt\/lv\/wp-json\/wp\/v2\/product"}],"about":[{"href":"https:\/\/siulubangos.lt\/lv\/wp-json\/wp\/v2\/types\/product"}],"replies":[{"embeddable":true,"href":"https:\/\/siulubangos.lt\/lv\/wp-json\/wp\/v2\/comments?post=35497"}],"version-history":[{"count":0,"href":"https:\/\/siulubangos.lt\/lv\/wp-json\/wp\/v2\/product\/35497\/revisions"}],"wp:featuredmedia":[{"embeddable":true,"href":"https:\/\/siulubangos.lt\/lv\/wp-json\/wp\/v2\/media\/35498"}],"wp:attachment":[{"href":"https:\/\/siulubangos.lt\/lv\/wp-json\/wp\/v2\/media?parent=35497"}],"wp:term":[{"taxonomy":"product_brand","embeddable":true,"href":"https:\/\/siulubangos.lt\/lv\/wp-json\/wp\/v2\/product_brand?post=35497"},{"taxonomy":"product_cat","embeddable":true,"href":"https:\/\/siulubangos.lt\/lv\/wp-json\/wp\/v2\/product_cat?post=35497"},{"taxonomy":"product_tag","embeddable":true,"href":"https:\/\/siulubangos.lt\/lv\/wp-json\/wp\/v2\/product_tag?post=35497"}],"curies":[{"name":"wp","href":"https:\/\/api.w.org\/{rel}","templated":true}]}}