{"id":35518,"date":"2025-11-20T11:20:25","date_gmt":"2025-11-20T11:20:25","guid":{"rendered":"https:\/\/siulubangos.lt\/?post_type=product&#038;p=35518"},"modified":"2026-04-04T11:34:44","modified_gmt":"2026-04-04T08:34:44","slug":"lantern-moon-rotaciniai-valai-prisukamiems-virbalams-40-cm-100-cm","status":"publish","type":"product","link":"https:\/\/siulubangos.lt\/lv\/parduotuve\/lantern-moon-rotaciniai-valai-prisukamiems-virbalams-40-cm-100-cm\/","title":{"rendered":"Lantern Moon rotaciniai valai prisukamiems virbalams (40-100 cm)"},"content":{"rendered":"<h3><strong>Lantern Moon rotaciniai valai prisukamiems virbalams (40-100 cm)<\/strong><\/h3>\n<p><strong>Galvenie ieguvumi:<\/strong><\/p>\n<ul>\n<li>Swivel sistema: virbalai sukasi laisvai &#8211; mezgimas tampa sklandesnis.<\/li>\n<li>Auksu dengtos \u017ealvario jungtys (24K): prabangus dizainas ir patikimas prisukimas.<\/li>\n<li>Universalumas: tinka visiems Lantern Moon prisukamiems virbalams .<\/li>\n<li>Daugiafunkci\u0161kumas: su antgaliais valas tampa tiesiu virbalu arba aki\u0173 laikikliu.<\/li>\n<\/ul>\n<p><strong>Komplektacija:<\/strong><\/p>\n<ul>\n<li>\u00a02 vnt rotacini\u0173 val\u0173,<\/li>\n<li>1\u00a0 raktelis,<\/li>\n<li>2 vnt medini\u0173 antgali\u0173.<\/li>\n<\/ul>\n<p>&nbsp;<\/p>\n<p><strong>SVAR\u012aGI !<\/strong><\/p>\n<p>Nurodytas ilgis n\u0117ra pa\u010dio valo ilgis, o valo ilgis kartu su prisukamais virbalais.<\/p>\n<p>&#8211; 40 cm valas yra 20 cm ilgio, ta\u010diau prijungus virbalus bendras ilgis tampa 40 cm.<br \/>\n&#8211; 50 cm\u00a0 valas yra 29 cm ilgio, ta\u010diau prijungus virbalus bendras ilgis tampa 50 cm.<br \/>\n&#8211; 60 cm\u00a0 valas yra 35 cm ilgio, ta\u010diau prijungus virbalus bendras ilgis tampa 60 cm.<br \/>\n&#8211; 80 cm\u00a0 valas yra 56 cm ilgio, ta\u010diau prijungus virbalus bendras ilgis tampa 80 cm.<br \/>\n&#8211; 100 cm valas yra 76 cm ilgio, ta\u010diau prijungus virbalus bendras ilgis tampa 100 cm.<\/p>","protected":false},"excerpt":{"rendered":"<p>Lantern Moon Swivel valai sukurti taip, kad mezgimas b\u016bt\u0173 maksimaliai patogus. Unikalus Swivel mechanizmas leid\u017eia virbalams suktis nepriklausomai nuo valo, tod\u0117l \u0161i nesusisuka, nelinksta ir netrukdo mezgant. Tvirta plienin\u0117 \u0161erdis, padengta skaidriu nailonu, u\u017etikrina atsparum\u0105, o kartu leid\u017eia valui lengvai slysti tarp aki\u0173. Puiki komplektacija (2 valai, 2 antgaliai, 1 raktelis).<\/p>\n<p>&nbsp;<\/p>","protected":false},"featured_media":35519,"comment_status":"open","ping_status":"closed","template":"","meta":{"_acf_changed":false},"product_brand":[762],"product_cat":[570,310],"product_tag":[1480],"class_list":{"0":"post-35518","1":"product","2":"type-product","3":"status-publish","4":"has-post-thumbnail","6":"product_brand-lantern-moon","7":"product_cat-valai-virbalams","8":"product_cat-mezgimo-priemones","9":"product_tag-lanternmoon","10":"pa_ilgis-100-cm","11":"pa_ilgis-40-cm","12":"pa_ilgis-50-cm","13":"pa_ilgis-60-cm","14":"pa_ilgis-80-cm","16":"first","17":"instock","18":"taxable","19":"shipping-taxable","20":"purchasable","21":"product-type-variable"},"acf":[],"_links":{"self":[{"href":"https:\/\/siulubangos.lt\/lv\/wp-json\/wp\/v2\/product\/35518","targetHints":{"allow":["GET"]}}],"collection":[{"href":"https:\/\/siulubangos.lt\/lv\/wp-json\/wp\/v2\/product"}],"about":[{"href":"https:\/\/siulubangos.lt\/lv\/wp-json\/wp\/v2\/types\/product"}],"replies":[{"embeddable":true,"href":"https:\/\/siulubangos.lt\/lv\/wp-json\/wp\/v2\/comments?post=35518"}],"version-history":[{"count":0,"href":"https:\/\/siulubangos.lt\/lv\/wp-json\/wp\/v2\/product\/35518\/revisions"}],"wp:featuredmedia":[{"embeddable":true,"href":"https:\/\/siulubangos.lt\/lv\/wp-json\/wp\/v2\/media\/35519"}],"wp:attachment":[{"href":"https:\/\/siulubangos.lt\/lv\/wp-json\/wp\/v2\/media?parent=35518"}],"wp:term":[{"taxonomy":"product_brand","embeddable":true,"href":"https:\/\/siulubangos.lt\/lv\/wp-json\/wp\/v2\/product_brand?post=35518"},{"taxonomy":"product_cat","embeddable":true,"href":"https:\/\/siulubangos.lt\/lv\/wp-json\/wp\/v2\/product_cat?post=35518"},{"taxonomy":"product_tag","embeddable":true,"href":"https:\/\/siulubangos.lt\/lv\/wp-json\/wp\/v2\/product_tag?post=35518"}],"curies":[{"name":"wp","href":"https:\/\/api.w.org\/{rel}","templated":true}]}}