{"id":35539,"date":"2025-11-20T11:56:59","date_gmt":"2025-11-20T11:56:59","guid":{"rendered":"https:\/\/siulubangos.lt\/?post_type=product&#038;p=35539"},"modified":"2026-02-18T23:54:34","modified_gmt":"2026-02-18T21:54:34","slug":"laternas-meness-melnkoksnes-skruvejams-13-cm-komplekts-3-00-5-00-mm","status":"publish","type":"product","link":"https:\/\/siulubangos.lt\/lv\/parduotuve\/lantern-moon-juodmedzio-prisukamu-13-cm-virbalu-rinkinys-3-00-5-00-mm\/","title":{"rendered":"Lantern Moon Ebony 13 cm skr\u016bv\u0113jamo auklu komplekts (3-5 mm)"},"content":{"rendered":"<h3><strong>Lantern Moon Ebony 13 cm skr\u016bv\u0113jamo auklu komplekts (3-5 mm)<\/strong><\/h3>\n<p><strong>S\u0113dek\u013ciem ir rakstur\u012bgas \u0161\u0101das iez\u012bmes:<\/strong><\/p>\n<ul>\n<li>Ide\u0101li gluda, sp\u012bd\u012bga virsma - acu sl\u012bd\u0113\u0161anai bez pretest\u012bbas.<\/li>\n<li>Perfektas formas smaili gali prec\u012bzai un vieglai ad\u012b\u0161anai.<\/li>\n<li>24 kar\u0101tu zelt\u012bts misi\u0146a savienot\u0101js greznai un piln\u012bgi nevainojamai p\u0101rejai uz valsi.<\/li>\n<li>Piel\u0101gojama da\u017e\u0101diem projektiem - piem\u0113rota gan apa\u013cajam, gan turp un atpaka\u013c ad\u012bjumam.<\/li>\n<li>\u0160\u012bs auklas \u013cauj \u0101tri main\u012bt auklu biezumu vai birstes garumu, padarot t\u0101s \u013coti praktiskas gan ies\u0101c\u0113jiem, gan profesion\u0101\u013ciem.<\/li>\n<\/ul>\n<p><strong>Komplekt\u0101 ietilpst:<\/strong><\/p>\n<ul>\n<li>5 p\u0101ri melnkoka auklu (10 cm): 3,0, 3,50, 4,0, 4,50, 5,0 mm,<\/li>\n<li>2 groz\u0101m\u0101s auklas: 60 un 80 cm (kop\u0113jais garums ar virv\u0113m),<\/li>\n<li>4 koka sprauslas,<\/li>\n<li>2 atsl\u0113gas sukas un virves savieno\u0161anai,<\/li>\n<li>5 acu mar\u0137ieri ar kr\u0101sain\u0101m b\u0101rkst\u012bm,<\/li>\n<li>Luksusa auduma futr\u0101lis ar nodal\u012bjumiem.<\/li>\n<\/ul>","protected":false},"excerpt":{"rendered":"<p>Lantern Moon Charm ir ekskluz\u012bva augst\u0101k\u0101s kvalit\u0101tes ad\u0101madatu kolekcija, kas paredz\u0113ta \u012bstiem kvalit\u0101tes un est\u0113tiska ad\u012b\u0161anas prieka cien\u012bt\u0101jiem. Ebony auklas raksturo to dabiskais stiprums, gluda pul\u0113ta virsma un prec\u012bzi veidoti, smaili gali. Tie \u013cauj ad\u0101maj\u0101m ac\u012bm viegli sl\u012bd\u0113t bez pretest\u012bbas. Rot\u0101cijas meh\u0101nisms nodro\u0161ina piln\u012bgu kust\u012bbu br\u012bv\u012bbu, spol\u012btes grie\u017eas ap savu asi, t\u0101p\u0113c spol\u012btes neskrietas, nekl\u016bp un netrauc\u0113 pat vissare\u017e\u0123\u012bt\u0101kajiem rakstiem. Ar t\u0113raudu un neilonu p\u0101rkl\u0101t\u0101 vilnas serde garant\u0113 iztur\u012bgumu, un d\u016brieni p\u0101rvietojas viegli un vienm\u0113r\u012bgi.<\/p>","protected":false},"featured_media":35540,"comment_status":"open","ping_status":"closed","template":"","meta":{"_acf_changed":false},"product_brand":[762],"product_cat":[526,455,505,499,61,507],"product_tag":[1480],"class_list":{"0":"post-35539","1":"product","2":"type-product","3":"status-publish","4":"has-post-thumbnail","6":"product_brand-lantern-moon","7":"product_cat-mediniai","8":"product_cat-gamintojas-virbalai-vaseliai","9":"product_cat-rinkiniai","10":"product_cat-rusis","11":"product_cat-virbalai-vaseliai","12":"product_cat-virbalu-rinkiniai","13":"product_tag-lanternmoon","14":"pa_dydis-3-mm","15":"pa_dydis-3-25-mm","16":"pa_dydis-3-50-mm","17":"pa_dydis-3-75-mm","18":"pa_dydis-4-mm","19":"pa_dydis-4-50-mm","20":"pa_dydis-5-mm","21":"pa_dydis-5-50-mm","22":"pa_dydis-6-mm","23":"pa_dydis-6-50-mm","24":"pa_dydis-7-mm","25":"pa_dydis-8-mm","26":"pa_ilgis-10-cm","28":"first","29":"outofstock","30":"taxable","31":"shipping-taxable","32":"purchasable","33":"product-type-simple"},"acf":[],"_links":{"self":[{"href":"https:\/\/siulubangos.lt\/lv\/wp-json\/wp\/v2\/product\/35539","targetHints":{"allow":["GET"]}}],"collection":[{"href":"https:\/\/siulubangos.lt\/lv\/wp-json\/wp\/v2\/product"}],"about":[{"href":"https:\/\/siulubangos.lt\/lv\/wp-json\/wp\/v2\/types\/product"}],"replies":[{"embeddable":true,"href":"https:\/\/siulubangos.lt\/lv\/wp-json\/wp\/v2\/comments?post=35539"}],"version-history":[{"count":0,"href":"https:\/\/siulubangos.lt\/lv\/wp-json\/wp\/v2\/product\/35539\/revisions"}],"wp:featuredmedia":[{"embeddable":true,"href":"https:\/\/siulubangos.lt\/lv\/wp-json\/wp\/v2\/media\/35540"}],"wp:attachment":[{"href":"https:\/\/siulubangos.lt\/lv\/wp-json\/wp\/v2\/media?parent=35539"}],"wp:term":[{"taxonomy":"product_brand","embeddable":true,"href":"https:\/\/siulubangos.lt\/lv\/wp-json\/wp\/v2\/product_brand?post=35539"},{"taxonomy":"product_cat","embeddable":true,"href":"https:\/\/siulubangos.lt\/lv\/wp-json\/wp\/v2\/product_cat?post=35539"},{"taxonomy":"product_tag","embeddable":true,"href":"https:\/\/siulubangos.lt\/lv\/wp-json\/wp\/v2\/product_tag?post=35539"}],"curies":[{"name":"wp","href":"https:\/\/api.w.org\/{rel}","templated":true}]}}