{"id":35544,"date":"2025-11-20T12:09:19","date_gmt":"2025-11-20T12:09:19","guid":{"rendered":"https:\/\/siulubangos.lt\/?post_type=product&#038;p=35544"},"modified":"2026-02-12T15:17:39","modified_gmt":"2026-02-12T13:17:39","slug":"prym-elastiga-dzija-200-m","status":"publish","type":"product","link":"https:\/\/siulubangos.lt\/lv\/parduotuve\/prym-elastinis-siulas-200-m\/","title":{"rendered":"PRYM elast\u012bga dzija (200 m)"},"content":{"rendered":"","protected":false},"excerpt":{"rendered":"<p>Prym Ad\u012b\u0161anas elast\u012bg\u0101 dzija ir daudzpus\u012bgs un uzticams r\u012bks visda\u017e\u0101d\u0101kajiem rokdarbu projektiem. T\u0101 ir ide\u0101li piem\u0113rota ad\u012bjumiem jostasvietas gumijas veid\u0101, k\u0101 ar\u012b ad\u012bjumu vai me\u017e\u0123\u012b\u0146u stiprin\u0101\u0161anai. Elast\u012bg\u0101 dzija pie\u0161\u0137ir iztur\u012bbu, saglab\u0101 formu un nov\u0113r\u0161 \u0101tr\u0101ku nodilumu.<\/p>","protected":false},"featured_media":35545,"comment_status":"open","ping_status":"closed","template":"","meta":{"_acf_changed":false},"product_brand":[761],"product_cat":[310,529,528,533,1260],"product_tag":[1232],"class_list":{"0":"post-35544","1":"product","2":"type-product","3":"status-publish","4":"has-post-thumbnail","6":"product_brand-prym","7":"product_cat-mezgimo-priemones","8":"product_cat-gamintojas-kitos-priemones","9":"product_cat-priemones-tipas","10":"product_cat-prym-gamintojas-kitos-priemones","11":"product_cat-siuvimo-siulai","12":"product_tag-prym","13":"pa_spalva-skaidrus-baltas","14":"pa_spalva-skaidrus-juodas","16":"first","17":"instock","18":"taxable","19":"shipping-taxable","20":"purchasable","21":"product-type-simple"},"acf":[],"_links":{"self":[{"href":"https:\/\/siulubangos.lt\/lv\/wp-json\/wp\/v2\/product\/35544","targetHints":{"allow":["GET"]}}],"collection":[{"href":"https:\/\/siulubangos.lt\/lv\/wp-json\/wp\/v2\/product"}],"about":[{"href":"https:\/\/siulubangos.lt\/lv\/wp-json\/wp\/v2\/types\/product"}],"replies":[{"embeddable":true,"href":"https:\/\/siulubangos.lt\/lv\/wp-json\/wp\/v2\/comments?post=35544"}],"version-history":[{"count":0,"href":"https:\/\/siulubangos.lt\/lv\/wp-json\/wp\/v2\/product\/35544\/revisions"}],"wp:featuredmedia":[{"embeddable":true,"href":"https:\/\/siulubangos.lt\/lv\/wp-json\/wp\/v2\/media\/35545"}],"wp:attachment":[{"href":"https:\/\/siulubangos.lt\/lv\/wp-json\/wp\/v2\/media?parent=35544"}],"wp:term":[{"taxonomy":"product_brand","embeddable":true,"href":"https:\/\/siulubangos.lt\/lv\/wp-json\/wp\/v2\/product_brand?post=35544"},{"taxonomy":"product_cat","embeddable":true,"href":"https:\/\/siulubangos.lt\/lv\/wp-json\/wp\/v2\/product_cat?post=35544"},{"taxonomy":"product_tag","embeddable":true,"href":"https:\/\/siulubangos.lt\/lv\/wp-json\/wp\/v2\/product_tag?post=35544"}],"curies":[{"name":"wp","href":"https:\/\/api.w.org\/{rel}","templated":true}]}}