{"id":35547,"date":"2025-11-20T12:17:22","date_gmt":"2025-11-20T12:17:22","guid":{"rendered":"https:\/\/siulubangos.lt\/?post_type=product&#038;p=35547"},"modified":"2025-11-21T17:40:17","modified_gmt":"2025-11-21T17:40:17","slug":"prym-siuvimo-siuvinejimo-ir-adymo-adatu-rinkinys","status":"publish","type":"product","link":"https:\/\/siulubangos.lt\/lv\/parduotuve\/prym-siuvimo-siuvinejimo-ir-adymo-adatu-rinkinys\/","title":{"rendered":"PRYM siuvimo, siuvin\u0117jimo ir adymo adat\u0173 rinkinys"},"content":{"rendered":"","protected":false},"excerpt":{"rendered":"<p>PRYM siuvimo, siuvin\u0117jimo ir adymo adat\u0173 rinkinys &#8211; tai 30 adat\u0173 asortimentas. \u0160i kolekcija apima siuvimo, siuvin\u0117jimo ir adymo adatas, tod\u0117l puikiai tinka smulkiems siuvimo, adymo, siuvin\u0117jimo ir kitiems rankdarbiams. Adatos pateikiamos skaidrioje apvalioje plastikin\u0117je d\u0117\u017eut\u0117je.<\/p>","protected":false},"featured_media":35548,"comment_status":"open","ping_status":"closed","template":"","meta":{"_acf_changed":false},"product_brand":[761],"product_cat":[310,549,529,528,533],"product_tag":[1232],"class_list":{"0":"post-35547","1":"product","2":"type-product","3":"status-publish","4":"has-post-thumbnail","6":"product_brand-prym","7":"product_cat-mezgimo-priemones","8":"product_cat-adatos","9":"product_cat-gamintojas-kitos-priemones","10":"product_cat-priemones-tipas","11":"product_cat-prym-gamintojas-kitos-priemones","12":"product_tag-prym","13":"pa_spalva-skaidrus-baltas","14":"pa_spalva-skaidrus-juodas","16":"first","17":"instock","18":"taxable","19":"shipping-taxable","20":"purchasable","21":"product-type-simple"},"acf":[],"_links":{"self":[{"href":"https:\/\/siulubangos.lt\/lv\/wp-json\/wp\/v2\/product\/35547","targetHints":{"allow":["GET"]}}],"collection":[{"href":"https:\/\/siulubangos.lt\/lv\/wp-json\/wp\/v2\/product"}],"about":[{"href":"https:\/\/siulubangos.lt\/lv\/wp-json\/wp\/v2\/types\/product"}],"replies":[{"embeddable":true,"href":"https:\/\/siulubangos.lt\/lv\/wp-json\/wp\/v2\/comments?post=35547"}],"version-history":[{"count":0,"href":"https:\/\/siulubangos.lt\/lv\/wp-json\/wp\/v2\/product\/35547\/revisions"}],"wp:featuredmedia":[{"embeddable":true,"href":"https:\/\/siulubangos.lt\/lv\/wp-json\/wp\/v2\/media\/35548"}],"wp:attachment":[{"href":"https:\/\/siulubangos.lt\/lv\/wp-json\/wp\/v2\/media?parent=35547"}],"wp:term":[{"taxonomy":"product_brand","embeddable":true,"href":"https:\/\/siulubangos.lt\/lv\/wp-json\/wp\/v2\/product_brand?post=35547"},{"taxonomy":"product_cat","embeddable":true,"href":"https:\/\/siulubangos.lt\/lv\/wp-json\/wp\/v2\/product_cat?post=35547"},{"taxonomy":"product_tag","embeddable":true,"href":"https:\/\/siulubangos.lt\/lv\/wp-json\/wp\/v2\/product_tag?post=35547"}],"curies":[{"name":"wp","href":"https:\/\/api.w.org\/{rel}","templated":true}]}}