{"id":35557,"date":"2025-11-20T12:37:57","date_gmt":"2025-11-20T12:37:57","guid":{"rendered":"https:\/\/siulubangos.lt\/?post_type=product&#038;p=35557"},"modified":"2026-04-16T15:26:16","modified_gmt":"2026-04-16T12:26:16","slug":"chiaogoo-valu-antgaliai","status":"publish","type":"product","link":"https:\/\/siulubangos.lt\/lv\/parduotuve\/chiaogoo-valu-antgaliai\/","title":{"rendered":"ChiaoGoo atbalsta uzga\u013ci \u2013 M, S, L izm\u0113ri (2 gab.)"},"content":{"rendered":"<h2><strong>ChiaoGoo val\u0173 antgaliai &#8211; M, S, L dyd\u017eiai<\/strong><\/h2>\n<p>U\u017efiksuokite ChiaoGoo valus su antgaliais, kai norite naudoti prisukamus virbalus kitam mezginiui. Tai apsaugo nuo aki\u0173 nuslydimo nuo valo. Taip pat patogu, kai norite pasimatuoti mezgam\u0105 gamin\u012f.<\/p>\n<p>&nbsp;<\/p>\n<h3><strong>Visp\u0101r\u012bga inform\u0101cija par visiem ChiaoGoo main\u0101majiem kabe\u013ciem<\/strong><\/h3>\n<p>TWIST un SPIN ir vien\u0101da izm\u0113ra v\u012btnes, t\u0101p\u0113c tie ir savstarp\u0113ji sader\u012bgi. Uz vis\u0101m uzskr\u016bv\u0113jamaj\u0101m spol\u012bt\u0113m un rull\u012b\u0161iem ir l\u0101zermar\u0137\u0113jums ar atbilsto\u0161o diegu izm\u0113ru:<\/p>\n<p>M = MINI -tinka virbal\u0173 dyd\u017eiams 1.50-2.50 mm (10 ir 13 cm) ir 1.50-3.25 mm (8 cm)<\/p>\n<p>S = mazs - piem\u0113rots 2,75-5,0 mm (10 un 13 cm) un 3,50-5,0 mm (8 cm) izm\u0113ra aukl\u0101m.<\/p>\n<p>L = Large (didelis) -tinka virbal\u0173 dyd\u017eiams 5.50-10.0 mm (10 ir 13 cm)<\/p>\n<p>MINI s\u0113rija nav savietojama ar S un L v\u012bt\u0146u izm\u0113riem, t\u0101p\u0113c visas MINI ieskr\u016bv\u0113jam\u0101s v\u0101rpstas j\u0101izmanto tikai ar MINI v\u0101rpst\u0101m.<\/p>\n<p>L\u016bdzu, \u0146emiet v\u0113r\u0101, ka 10 cm un 13 cm MINI skr\u016bv\u0113jam\u0101 virve ir p\u0101r\u0101k gara, lai to izmantotu ar 5 cm, 13 cm vai 15 cm MINI velt\u0146iem. Tos var pagarin\u0101t, izmantojot MINI rull\u012b\u0161u savienot\u0101ju.<\/p>\n<p>ChiaoGoo pied\u0101v\u0101 ar\u012b adapterus MINI, S un L v\u012bt\u0146u izm\u0113ru savieno\u0161anai.<\/p>\n<p>Iz\u0146\u0113mums:<br \/>\nChiaoGoo MINI SHORTIES uzskr\u016bv\u0113jamie virvju k\u0101ti\u0146i (izm\u0113rs 1,50-3,25 mm) ir sader\u012bgi tikai ar MINI v\u012bt\u0146u izstr\u0101d\u0101jumiem.<\/p>","protected":false},"excerpt":{"rendered":"<p>U\u017efiksuokite ChiaoGoo valus su antgaliais, kai norite naudoti virbalus kitam mezginiui. Tai apsaugo nuo aki\u0173 puslydimo nuo valo. Taip pat patogu, kai norite pasimatuoti mezgam\u0105 gamin\u012f. Ypatingai patogu mezgant nuo vir\u0161aus, kai reikia atidalinti rankoves nuo k\u016bno dalies. \u00a0Komplekte yra 2 vnt.<\/p>\n<p>&nbsp;<\/p>","protected":false},"featured_media":35558,"comment_status":"open","ping_status":"closed","template":"","meta":{"_acf_changed":false},"product_brand":[560],"product_cat":[528,1258,529,569],"product_tag":[1257],"class_list":{"0":"post-35557","1":"product","2":"type-product","3":"status-publish","4":"has-post-thumbnail","6":"product_brand-chiaogoo","7":"product_cat-priemones-tipas","8":"product_cat-chiaogoo-kitos-priemones","9":"product_cat-gamintojas-kitos-priemones","10":"product_cat-jungtys-antgaliai-ir-kiti-priedai","11":"product_tag-chiaogoo","12":"pa_dydis-l-2","13":"pa_dydis-m","14":"pa_dydis-s-2","16":"first","17":"instock","18":"taxable","19":"shipping-taxable","20":"purchasable","21":"product-type-variable"},"acf":[],"_links":{"self":[{"href":"https:\/\/siulubangos.lt\/lv\/wp-json\/wp\/v2\/product\/35557","targetHints":{"allow":["GET"]}}],"collection":[{"href":"https:\/\/siulubangos.lt\/lv\/wp-json\/wp\/v2\/product"}],"about":[{"href":"https:\/\/siulubangos.lt\/lv\/wp-json\/wp\/v2\/types\/product"}],"replies":[{"embeddable":true,"href":"https:\/\/siulubangos.lt\/lv\/wp-json\/wp\/v2\/comments?post=35557"}],"version-history":[{"count":0,"href":"https:\/\/siulubangos.lt\/lv\/wp-json\/wp\/v2\/product\/35557\/revisions"}],"wp:featuredmedia":[{"embeddable":true,"href":"https:\/\/siulubangos.lt\/lv\/wp-json\/wp\/v2\/media\/35558"}],"wp:attachment":[{"href":"https:\/\/siulubangos.lt\/lv\/wp-json\/wp\/v2\/media?parent=35557"}],"wp:term":[{"taxonomy":"product_brand","embeddable":true,"href":"https:\/\/siulubangos.lt\/lv\/wp-json\/wp\/v2\/product_brand?post=35557"},{"taxonomy":"product_cat","embeddable":true,"href":"https:\/\/siulubangos.lt\/lv\/wp-json\/wp\/v2\/product_cat?post=35557"},{"taxonomy":"product_tag","embeddable":true,"href":"https:\/\/siulubangos.lt\/lv\/wp-json\/wp\/v2\/product_tag?post=35557"}],"curies":[{"name":"wp","href":"https:\/\/api.w.org\/{rel}","templated":true}]}}