{"id":35597,"date":"2025-11-21T16:02:15","date_gmt":"2025-11-21T16:02:15","guid":{"rendered":"https:\/\/siulubangos.lt\/?post_type=product&#038;p=35597"},"modified":"2026-03-09T22:39:20","modified_gmt":"2026-03-09T20:39:20","slug":"knitpro-zing-special-starter-prisukamu-10-cm-virbalu-rinkinys-3-00-5-00-mm","status":"publish","type":"product","link":"https:\/\/siulubangos.lt\/lv\/parduotuve\/knitpro-zing-special-starter-prisukamu-10-cm-virbalu-rinkinys-3-00-5-00-mm\/","title":{"rendered":"KnitPro ZING Special Starter skr\u016bv\u0113jamo auklu komplekts (10 cm, 3-5 mm)"},"content":{"rendered":"<div class=\"product-description\">\n<h3><strong>KnitPro ZING Special Starter prisukam\u0173 10 cm virbal\u0173 rinkinys (3-5 mm)<\/strong><\/h3>\n<p><strong>Rinkin\u012f sudaro\u00a0:<\/strong><\/p>\n<ul>\n<li>5 poros prisukam\u0173 virbal\u0173 10 cm ilgio: 3.0, 3.50, 4.0, 4.50, 5.0 mm<\/li>\n<li>2 nailoniniai valai (bendras ilgis su virbalais): 40 cm ir 50 cm<\/li>\n<li>4 val\u0173 antgaliai<\/li>\n<li>2 rakteliai skirti virbalo ir valo u\u017etvirtinimui<\/li>\n<li>Audinio d\u0117klas su u\u017etrauktuku<\/li>\n<\/ul>\n<p>Ideali dovana kiekvienai mezg\u0117jai! Patog\u016bs, eleganti\u0161ki virbalai gra\u017eiame d\u0117kle taps ne tik prakti\u0161ka priemone, bet ir stilinga dovana.<\/p>\n<\/div>","protected":false},"excerpt":{"rendered":"<p>KnitPro Zing Special Starter &#8211; tai kokybi\u0161kas, spalvingas ir itin lengvas prisukam\u0173 mezgimo virbal\u0173 rinkinys, puikiai tinkantis tiek pradedan\u010dioms, tiek patyrusioms mezg\u0117joms. Kiekvienas virbal\u0173 dydis pa\u017eym\u0117tas savita spalva, tod\u0117l pasirinkti reikiam\u0105 dyd\u012f paprasta ir greita. Tvirti, ta\u010diau lengvi aliumininiai virbalai turi glotn\u0173 pavir\u0161i\u0173 ir tiksliai suformuotus, smail\u0117jan\u010dius galus, leid\u017eian\u010dius akims slysti be pasiprie\u0161inimo.<\/p>","protected":false},"featured_media":35598,"comment_status":"open","ping_status":"closed","template":"","meta":{"_acf_changed":false},"product_brand":[557],"product_cat":[61,455,468,527,505,499,507],"product_tag":[306],"class_list":{"0":"post-35597","1":"product","2":"type-product","3":"status-publish","4":"has-post-thumbnail","6":"product_brand-knitpro","7":"product_cat-virbalai-vaseliai","8":"product_cat-gamintojas-virbalai-vaseliai","9":"product_cat-knitpro-virbalai-vaseliai","10":"product_cat-metaliniai","11":"product_cat-rinkiniai","12":"product_cat-rusis","13":"product_cat-virbalu-rinkiniai","14":"product_tag-knitpro","15":"pa_dydis-4-mm","16":"pa_dydis-4-50-mm","17":"pa_dydis-5-mm","18":"pa_dydis-5-50-mm","19":"pa_dydis-6-mm","20":"pa_dydis-7-mm","21":"pa_dydis-8-mm","23":"first","24":"instock","25":"taxable","26":"shipping-taxable","27":"purchasable","28":"product-type-simple"},"acf":[],"_links":{"self":[{"href":"https:\/\/siulubangos.lt\/lv\/wp-json\/wp\/v2\/product\/35597","targetHints":{"allow":["GET"]}}],"collection":[{"href":"https:\/\/siulubangos.lt\/lv\/wp-json\/wp\/v2\/product"}],"about":[{"href":"https:\/\/siulubangos.lt\/lv\/wp-json\/wp\/v2\/types\/product"}],"replies":[{"embeddable":true,"href":"https:\/\/siulubangos.lt\/lv\/wp-json\/wp\/v2\/comments?post=35597"}],"version-history":[{"count":0,"href":"https:\/\/siulubangos.lt\/lv\/wp-json\/wp\/v2\/product\/35597\/revisions"}],"wp:featuredmedia":[{"embeddable":true,"href":"https:\/\/siulubangos.lt\/lv\/wp-json\/wp\/v2\/media\/35598"}],"wp:attachment":[{"href":"https:\/\/siulubangos.lt\/lv\/wp-json\/wp\/v2\/media?parent=35597"}],"wp:term":[{"taxonomy":"product_brand","embeddable":true,"href":"https:\/\/siulubangos.lt\/lv\/wp-json\/wp\/v2\/product_brand?post=35597"},{"taxonomy":"product_cat","embeddable":true,"href":"https:\/\/siulubangos.lt\/lv\/wp-json\/wp\/v2\/product_cat?post=35597"},{"taxonomy":"product_tag","embeddable":true,"href":"https:\/\/siulubangos.lt\/lv\/wp-json\/wp\/v2\/product_tag?post=35597"}],"curies":[{"name":"wp","href":"https:\/\/api.w.org\/{rel}","templated":true}]}}