{"id":35606,"date":"2025-11-21T16:22:58","date_gmt":"2025-11-21T16:22:58","guid":{"rendered":"https:\/\/siulubangos.lt\/?post_type=product&#038;p=35606"},"modified":"2026-02-27T13:28:25","modified_gmt":"2026-02-27T11:28:25","slug":"opry-siulu-vyniotuvas","status":"publish","type":"product","link":"https:\/\/siulubangos.lt\/lv\/parduotuve\/opry-siulu-vyniotuvas\/","title":{"rendered":"OPRY si\u016bl\u0173 vyniotuvas"},"content":{"rendered":"","protected":false},"excerpt":{"rendered":"<p>Paprasta pasiruo\u0161ti mezgimui su OPRY si\u016bl\u0173 vyniotuvu! Vos per kelias akimirkas si\u016blus i\u0161suksite \u012f tvarkingus, dailius \u201ekeksiukus\u201c, kuriuos patogiau naudoti nei \u012fprastus kamuoliukus. Abu si\u016blo galai visada pasiekiami, o spalvos matomos i\u0161 karto- tvarka, estetika ir patogumas viename. Vyniotuv\u0105 lengva pritvirtinti prie stalo ar kito lygaus pavir\u0161iaus komplekte esan\u010diu spaustuku, tod\u0117l jis tvirtai laikosi net ir intensyviai vyniojant.<\/p>","protected":false},"featured_media":35607,"comment_status":"open","ping_status":"closed","template":"","meta":{"_acf_changed":false},"product_brand":[2029],"product_cat":[310,534,528,536],"product_tag":[1479],"class_list":{"0":"post-35606","1":"product","2":"type-product","3":"status-publish","4":"has-post-thumbnail","6":"product_brand-opry","7":"product_cat-mezgimo-priemones","8":"product_cat-opry","9":"product_cat-priemones-tipas","10":"product_cat-siulu-vyniojimas","11":"product_tag-opry","13":"first","14":"outofstock","15":"taxable","16":"shipping-taxable","17":"purchasable","18":"product-type-simple"},"acf":[],"_links":{"self":[{"href":"https:\/\/siulubangos.lt\/lv\/wp-json\/wp\/v2\/product\/35606","targetHints":{"allow":["GET"]}}],"collection":[{"href":"https:\/\/siulubangos.lt\/lv\/wp-json\/wp\/v2\/product"}],"about":[{"href":"https:\/\/siulubangos.lt\/lv\/wp-json\/wp\/v2\/types\/product"}],"replies":[{"embeddable":true,"href":"https:\/\/siulubangos.lt\/lv\/wp-json\/wp\/v2\/comments?post=35606"}],"version-history":[{"count":0,"href":"https:\/\/siulubangos.lt\/lv\/wp-json\/wp\/v2\/product\/35606\/revisions"}],"wp:featuredmedia":[{"embeddable":true,"href":"https:\/\/siulubangos.lt\/lv\/wp-json\/wp\/v2\/media\/35607"}],"wp:attachment":[{"href":"https:\/\/siulubangos.lt\/lv\/wp-json\/wp\/v2\/media?parent=35606"}],"wp:term":[{"taxonomy":"product_brand","embeddable":true,"href":"https:\/\/siulubangos.lt\/lv\/wp-json\/wp\/v2\/product_brand?post=35606"},{"taxonomy":"product_cat","embeddable":true,"href":"https:\/\/siulubangos.lt\/lv\/wp-json\/wp\/v2\/product_cat?post=35606"},{"taxonomy":"product_tag","embeddable":true,"href":"https:\/\/siulubangos.lt\/lv\/wp-json\/wp\/v2\/product_tag?post=35606"}],"curies":[{"name":"wp","href":"https:\/\/api.w.org\/{rel}","templated":true}]}}