{"id":36161,"date":"2025-12-05T18:54:53","date_gmt":"2025-12-05T16:54:53","guid":{"rendered":"https:\/\/siulubangos.lt\/?post_type=product&#038;p=36161"},"modified":"2026-04-14T15:05:50","modified_gmt":"2026-04-14T12:05:50","slug":"lana-gatto-harmony-merino-vilna","status":"publish","type":"product","link":"https:\/\/siulubangos.lt\/lv\/parduotuve\/lana-gatto-harmony-merino-vilna\/","title":{"rendered":"Lana Gatto HARMONY (100% smalka merino vilna)"},"content":{"rendered":"<h2><strong>Lana Gatto HARMONY - \u012bpa\u0161i smalka, augst\u0101k\u0101s kvalit\u0101tes merino vilna\u00a0<\/strong><\/h2>\n<p>Lana Gatto Harmony ir \u012bsta grezn\u012bba ad\u012bt\u0101j\u0101m, kuras nov\u0113rt\u0113 izsmalcin\u0101tu maigumu un meistar\u012bgu rezult\u0101tu. \u0160\u012b ad\u0101madatas dzija ir izgatavota no 100% \u012bpa\u0161i smalkas superpremium merino vilnas, ko raksturo neparasta maigums, gludums un smalks dabiskais sp\u012bdums.<\/p>\n<p>Pl\u0101n\u0101 Harmony dzija ir neticami elast\u012bga, l\u012bdz\u012bga z\u012bda pavedienam, t\u0101p\u0113c ad\u012bjumi ir l\u012bdzeni, lieliski saglab\u0101 formu un paliek viegli, m\u012bksti un \u0113rti.<br \/>\nT\u0101 ir lieliska izv\u0113le pat \u013coti jut\u012bgai \u0101dai vai b\u0113rnu trikot\u0101\u017eas izstr\u0101d\u0101jumiem, sniedzot komforta un siltuma saj\u016btu.<\/p>\n<p><strong>K\u0101p\u0113c izv\u0113l\u0113ties Lana Gatto Harmony?<\/strong><\/p>\n<ul>\n<li>\u00a0<strong>Univers\u0101ls diegs<\/strong>, \u013cauj uzad\u012bt tik daudz dzijas, cik nepiecie\u0161ams v\u0113lamajam ad\u012bjuma biezumam - no pl\u0101n\u0101kajiem vasaras ad\u012bjumiem l\u012bdz siltiem, biez\u0101kiem d\u017eemperiem un citiem ap\u0123\u0113rbiem.<\/li>\n<li>\u00a0<strong>Perfekti saska\u0146ots<\/strong>, Piem\u0113rots sajauk\u0161anai ar cit\u0101m dzij\u0101m, lai ieg\u016btu apjomu, strukt\u016bru un papildu iztur\u012bbu.<\/li>\n<li>\u00a0Ide\u0101li piem\u0113rots moh\u0113ras, angoras un citiem smalkiem, smalkiem pavedieniem, <strong>pal\u012bdz saglab\u0101t to notur\u012bbu.<\/strong>.<\/li>\n<li>\u00a0Gija <strong>piel\u0101go\u0161an\u0101s sp\u0113jas<\/strong> pie\u0161\u0137ir bag\u0101t\u012bbu un dzi\u013cumu da\u017e\u0101d\u0101m kr\u0101s\u0101m, padzi\u013cinot to toni un pie\u0161\u0137irot ad\u012bjumam \u012bpa\u0161u \u0161armu.<\/li>\n<li><strong data-start=\"1462\" data-end=\"1490\">\u00a0Daudzpus\u012bga izmanto\u0161ana<\/strong> - Piem\u0113rots ad\u012b\u0161anai ar rok\u0101m, ad\u0101mma\u0161\u012bn\u0101m un tambor\u0113\u0161anai, lai j\u016bs var\u0113tu veidot visu veidu rokdarbus.<\/li>\n<\/ul>\n<p><strong>Ieteicams izmantot pavedienu vi\u013c\u0146us<\/strong><\/p>\n<p>Lana Gatto Harmony var ad\u012bt vai tambor\u0113t no vair\u0101kiem pavedieniem atkar\u012bb\u0101 no v\u0113lam\u0101 biezuma un tekst\u016bras. Atkar\u012bb\u0101 no izv\u0113l\u0113t\u0101 merino vilnas dzijas daudzuma izv\u0113lieties atbilsto\u0161a izm\u0113ra spol\u012bti vai \u0161\u0137eteri:<\/p>\n<p>3 diegi - 2,00 - 2,50 mm ar auklu vai auklu.<br \/>\n4 diegi - 2,50 - 3,00 mm ar auklu vai auklu.<br \/>\n5-6 pavedieni - 3,50 - 4,00 mm ar auklu vai \u0137\u012bli.<\/p>\n<p><strong>Trikot\u0101\u017eas kop\u0161ana<\/strong><\/p>\n<p>Lai saglab\u0101tu Lana Gatto Harmony ilgm\u016b\u017e\u012bbu un kvalit\u0101ti:<\/p>\n<ul>\n<li>M\u0113s iesak\u0101m dziju mazg\u0101t ar rok\u0101m,<\/li>\n<li>Izmantojiet maigu mazg\u0101\u0161anas l\u012bdzekli vilnai,<\/li>\n<li>Nenaudojiet auduma m\u012bkstin\u0101t\u0101ju, lai nesaboj\u0101tu vilnas elast\u012bbu.,<\/li>\n<li>P\u0113c mazg\u0101\u0161anas \u017e\u0101v\u0113jiet uz l\u012bdzenas virsmas, lai ad\u012bjums saglab\u0101tu formu.<\/li>\n<\/ul>\n<p>&nbsp;<\/p>","protected":false},"excerpt":{"rendered":"<p><strong>Lana Gatto Harmonija<\/strong> - augst\u0101k\u0101s kvalit\u0101tes 100% merino vilna. \u012apa\u0161i smalka, m\u012bksta un elast\u012bga ad\u0101madatas dzija, piem\u0113rota ad\u012b\u0161anai ar rok\u0101m un ma\u0161\u012bnad\u012b\u0161anai, kombin\u0113\u0161anai ar moh\u0113ru vai citu dziju. Ide\u0101li piem\u0113rota vieglu, m\u012bkstu un greznu ad\u012bjumu izgatavo\u0161anai. Lieliska izv\u0113le jut\u012bgai \u0101dai, z\u012bdai\u0146iem un augst\u0101k\u0101s kvalit\u0101tes ap\u0123\u0113rbiem.<\/p>","protected":false},"featured_media":36554,"comment_status":"open","ping_status":"closed","template":"","meta":{"_acf_changed":false},"product_brand":[759],"product_cat":[58,428,1524,419,429],"product_tag":[1501],"class_list":{"0":"post-36161","1":"product","2":"type-product","3":"status-publish","4":"has-post-thumbnail","6":"product_brand-lana-gatto","7":"product_cat-siulai-mezgimui","8":"product_cat-gamintojas","9":"product_cat-lana-gatto-siulai","10":"product_cat-merino-vilnos-siulai","11":"product_cat-sudetis","12":"product_tag-lanagatto","13":"pa_pluostas-merino-vilna","14":"pa_spalva-10001-harmony","15":"pa_spalva-10008-harmony","16":"pa_spalva-10009-harmony","17":"pa_spalva-10215-harmony","18":"pa_spalva-13994-harmony","19":"pa_spalva-14202-harmony","20":"pa_spalva-14562-harmony","21":"pa_spalva-14567-harmony","22":"pa_spalva-14627-harmony","23":"pa_spalva-14672-harmony","24":"pa_spalva-14744-harmony","25":"pa_spalva-14757-harmony","26":"pa_spalva-14774-harmony","27":"pa_spalva-14777-harmony","28":"pa_spalva-14826-harmony","29":"pa_spalva-14828-harmony","30":"pa_spalva-14831-harmony","31":"pa_spalva-14833a-harmony","32":"pa_spalva-14835-harmony","33":"pa_spalva-19059-harmony","34":"pa_spalva-19091-harmony","35":"pa_spalva-19095-harmony","36":"pa_spalva-19098-harmony","37":"pa_spalva-19246-harmony","38":"pa_spalva-20658-harmony","39":"pa_spalva-20740-harmony","40":"pa_spalva-22008-harmony","41":"pa_spalva-22020-harmony","42":"pa_spalva-22026-harmony","43":"pa_spalva-22029-harmony","44":"pa_spalva-22030-harmony","45":"pa_svoris-ilgis-100-g-1500-m","47":"first","48":"instock","49":"taxable","50":"shipping-taxable","51":"purchasable","52":"product-type-variable"},"acf":[],"_links":{"self":[{"href":"https:\/\/siulubangos.lt\/lv\/wp-json\/wp\/v2\/product\/36161","targetHints":{"allow":["GET"]}}],"collection":[{"href":"https:\/\/siulubangos.lt\/lv\/wp-json\/wp\/v2\/product"}],"about":[{"href":"https:\/\/siulubangos.lt\/lv\/wp-json\/wp\/v2\/types\/product"}],"replies":[{"embeddable":true,"href":"https:\/\/siulubangos.lt\/lv\/wp-json\/wp\/v2\/comments?post=36161"}],"version-history":[{"count":0,"href":"https:\/\/siulubangos.lt\/lv\/wp-json\/wp\/v2\/product\/36161\/revisions"}],"wp:featuredmedia":[{"embeddable":true,"href":"https:\/\/siulubangos.lt\/lv\/wp-json\/wp\/v2\/media\/36554"}],"wp:attachment":[{"href":"https:\/\/siulubangos.lt\/lv\/wp-json\/wp\/v2\/media?parent=36161"}],"wp:term":[{"taxonomy":"product_brand","embeddable":true,"href":"https:\/\/siulubangos.lt\/lv\/wp-json\/wp\/v2\/product_brand?post=36161"},{"taxonomy":"product_cat","embeddable":true,"href":"https:\/\/siulubangos.lt\/lv\/wp-json\/wp\/v2\/product_cat?post=36161"},{"taxonomy":"product_tag","embeddable":true,"href":"https:\/\/siulubangos.lt\/lv\/wp-json\/wp\/v2\/product_tag?post=36161"}],"curies":[{"name":"wp","href":"https:\/\/api.w.org\/{rel}","templated":true}]}}