{"id":36342,"date":"2025-12-08T19:38:46","date_gmt":"2025-12-08T17:38:46","guid":{"rendered":"https:\/\/siulubangos.lt\/?post_type=product&#038;p=36342"},"modified":"2026-02-15T23:56:04","modified_gmt":"2026-02-15T21:56:04","slug":"knitpro-mindful-eiliu-skaiciuotuvas","status":"publish","type":"product","link":"https:\/\/siulubangos.lt\/lv\/parduotuve\/knitpro-mindful-eiliu-skaiciuotuvas\/","title":{"rendered":"KnitPro MINDFUL mezginio eili\u0173 skai\u010diuotuvas (\u017ealias)"},"content":{"rendered":"<h2><strong>KnitPro MINDFUL mezginio eili\u0173 skai\u010diuotuvas<\/strong><\/h2>\n<p>\u0160is eili\u0173 skai\u010diuotuvas &#8211; mezgimo \u012frankis, puikiai tinka mezgant mezgtinius, \u0161alikus, kepures, kojines, skaras ar sud\u0117tingus projektus su nerta ar megzta ra\u0161t\u0173 schema. J\u012f \u012fvertins tiek pradedan\u010dios, tiek patyrusios mezg\u0117jos, kurios nori, kad mezgimas b\u016bt\u0173 sklandus, sistemingasir malonus.<\/p>\n<h3><strong>Pagrindiniai privalumai<\/strong><\/h3>\n<ul>\n<li>Tiksliai seka mezgimo eiles<\/li>\n<li>Patog\u016bs pasukami ratukai skai\u010diui koreguoti<\/li>\n<li>Kompakti\u0161kas, lengvai telpa \u012f mezgimo krep\u0161\u012f<\/li>\n<li>Ry\u0161ki spalva geresniam matomumui<\/li>\n<li>Tinka visiems mezgimo projektams<\/li>\n<\/ul>","protected":false},"excerpt":{"rendered":"<p>Eili\u0173 skai\u010diuotuvas &#8211; ma\u017eas, bet be galo naudingas mezgimo pagalbininkas. Kompakti\u0161kas ir patogus mezgimo \u012frankis, padedantis tiksliai sekti numegztas eiles. \u0160onuose esantys lengvai besisukantys ratukai leid\u017eia greitsi ir tiksliai pakoreguoti skai\u010di\u0173, o ry\u0161ki \u017ealia spalva padeda j\u012f lengvai rasti mezgini\u0173 krep\u0161elyje.<\/p>","protected":false},"featured_media":36349,"comment_status":"open","ping_status":"closed","template":"","meta":{"_acf_changed":false},"product_brand":[557],"product_cat":[529,310,535,528,545],"product_tag":[306],"class_list":{"0":"post-36342","1":"product","2":"type-product","3":"status-publish","4":"has-post-thumbnail","6":"product_brand-knitpro","7":"product_cat-gamintojas-kitos-priemones","8":"product_cat-mezgimo-priemones","9":"product_cat-knitpro","10":"product_cat-priemones-tipas","11":"product_cat-skaiciuotuvai","12":"product_tag-knitpro","13":"pa_dydis-4-mm","14":"pa_dydis-4-50-mm","15":"pa_dydis-5-mm","16":"pa_dydis-5-50-mm","17":"pa_dydis-6-mm","18":"pa_dydis-7-mm","19":"pa_dydis-8-mm","21":"first","22":"instock","23":"taxable","24":"shipping-taxable","25":"purchasable","26":"product-type-simple"},"acf":[],"_links":{"self":[{"href":"https:\/\/siulubangos.lt\/lv\/wp-json\/wp\/v2\/product\/36342","targetHints":{"allow":["GET"]}}],"collection":[{"href":"https:\/\/siulubangos.lt\/lv\/wp-json\/wp\/v2\/product"}],"about":[{"href":"https:\/\/siulubangos.lt\/lv\/wp-json\/wp\/v2\/types\/product"}],"replies":[{"embeddable":true,"href":"https:\/\/siulubangos.lt\/lv\/wp-json\/wp\/v2\/comments?post=36342"}],"version-history":[{"count":0,"href":"https:\/\/siulubangos.lt\/lv\/wp-json\/wp\/v2\/product\/36342\/revisions"}],"wp:featuredmedia":[{"embeddable":true,"href":"https:\/\/siulubangos.lt\/lv\/wp-json\/wp\/v2\/media\/36349"}],"wp:attachment":[{"href":"https:\/\/siulubangos.lt\/lv\/wp-json\/wp\/v2\/media?parent=36342"}],"wp:term":[{"taxonomy":"product_brand","embeddable":true,"href":"https:\/\/siulubangos.lt\/lv\/wp-json\/wp\/v2\/product_brand?post=36342"},{"taxonomy":"product_cat","embeddable":true,"href":"https:\/\/siulubangos.lt\/lv\/wp-json\/wp\/v2\/product_cat?post=36342"},{"taxonomy":"product_tag","embeddable":true,"href":"https:\/\/siulubangos.lt\/lv\/wp-json\/wp\/v2\/product_tag?post=36342"}],"curies":[{"name":"wp","href":"https:\/\/api.w.org\/{rel}","templated":true}]}}