{"id":36386,"date":"2026-01-09T14:42:11","date_gmt":"2026-01-09T12:42:11","guid":{"rendered":"https:\/\/siulubangos.lt\/?post_type=product&#038;p=36386"},"modified":"2026-02-09T15:02:44","modified_gmt":"2026-02-09T13:02:44","slug":"laines-du-nord-arme-spidigas-suves","status":"publish","type":"product","link":"https:\/\/siulubangos.lt\/lv\/parduotuve\/laines-du-nord-arme-blizgus-siulai\/","title":{"rendered":"Laines Du Nord ARME sp\u012bd\u012bga dzija (metaliz\u0113ts poliesteris, poliam\u012bds)"},"content":{"rendered":"<h3><strong>Laines Du Nord ARME sp\u012bd\u012bga dzija (metaliz\u0113ts poliesteris, poliam\u012bds)<\/strong><\/h3>\n<p>ARME izce\u013cas:<\/p>\n<ul>\n<li>Ar spilgtu met\u0101lisku sp\u012bdumu, kas pie\u0161\u0137ir grezn\u012bbas saj\u016btu, bet nav smagn\u0113js vai skarbs.<\/li>\n<li>Daudzpus\u012bga - ide\u0101li piem\u0113rota k\u0101 atsevi\u0161\u0137s valk\u0101jamais izstr\u0101d\u0101jums minim\u0101lisma projektos, k\u0101 ar\u012b k\u0101 sekund\u0101r\u0101 dzija kombin\u0101cij\u0101 ar dab\u012bg\u0101m \u0161\u0137iedr\u0101m (piem\u0113ram, vilnu vai moh\u0113ru), lai izceltu tekst\u016bru un kr\u0101su spilgtumu.<\/li>\n<li>Lieliska izv\u0113le aksesu\u0101riem, piem\u0113ram, \u0161all\u0113m, lakati\u0146iem, sv\u0113tku rot\u0101jumiem, rokassomi\u0146\u0101m un ap\u0123\u0113rbu apdares elementiem.<\/li>\n<\/ul>","protected":false},"excerpt":{"rendered":"<p>Laines Du Nord ARME ir izcila dizaina, \u012bpa\u0161i smalka un spilgti sp\u012bd\u012bga dzija, kas ir rad\u012bta, lai pie\u0161\u0137irtu grezn\u012bbu, mirdzumu un ori\u0123in\u0101lu stilu j\u016bsu darbiem. T\u0101 ir ide\u0101li piem\u0113rota gan ad\u012b\u0161anai, gan tambor\u0113\u0161anai, un t\u0101s unik\u0101lais met\u0101liskais efekts \u013cauj viegli izcelt deta\u013cas, interesantus akcentus un vizu\u0101lo dzi\u013cumu jebkur\u0101 projekt\u0101.<\/p>","protected":false},"featured_media":36719,"comment_status":"open","ping_status":"closed","template":"","meta":{"_acf_changed":false},"product_brand":[1638],"product_cat":[58,487,428,1647,491,1110,1111,486,429],"product_tag":[1634],"class_list":{"0":"post-36386","1":"product","2":"type-product","3":"status-publish","4":"has-post-thumbnail","6":"product_brand-laines-du-nord","7":"product_cat-siulai-mezgimui","8":"product_cat-blizgus-siulai","9":"product_cat-gamintojas","10":"product_cat-laines-du-nord-siulai","11":"product_cat-margi-spalvoti-siulai","12":"product_cat-poliamidas","13":"product_cat-poliesteris","14":"product_cat-savybe","15":"product_cat-sudetis","16":"product_tag-lainesdunord","17":"pa_pluostas-poliesteris","18":"pa_pluostas-siulai-su-poliamidu","19":"pa_spalva-arme-1011-auksine","20":"pa_spalva-arme-1020-sidabrine","21":"pa_spalva-arme-1040-raudona","22":"pa_spalva-arme-1170-juoda","23":"pa_spalva-arme-1260-juoda-auksine","24":"pa_spalva-arme-1500-unicorn","25":"pa_spalva-1500n-kosminis-spindesys","26":"pa_spalva-arme-1800-spindinti-balta","27":"pa_svoris-ilgis-25-g-250-m","29":"first","30":"instock","31":"taxable","32":"shipping-taxable","33":"purchasable","34":"product-type-variable"},"acf":[],"_links":{"self":[{"href":"https:\/\/siulubangos.lt\/lv\/wp-json\/wp\/v2\/product\/36386","targetHints":{"allow":["GET"]}}],"collection":[{"href":"https:\/\/siulubangos.lt\/lv\/wp-json\/wp\/v2\/product"}],"about":[{"href":"https:\/\/siulubangos.lt\/lv\/wp-json\/wp\/v2\/types\/product"}],"replies":[{"embeddable":true,"href":"https:\/\/siulubangos.lt\/lv\/wp-json\/wp\/v2\/comments?post=36386"}],"version-history":[{"count":0,"href":"https:\/\/siulubangos.lt\/lv\/wp-json\/wp\/v2\/product\/36386\/revisions"}],"wp:featuredmedia":[{"embeddable":true,"href":"https:\/\/siulubangos.lt\/lv\/wp-json\/wp\/v2\/media\/36719"}],"wp:attachment":[{"href":"https:\/\/siulubangos.lt\/lv\/wp-json\/wp\/v2\/media?parent=36386"}],"wp:term":[{"taxonomy":"product_brand","embeddable":true,"href":"https:\/\/siulubangos.lt\/lv\/wp-json\/wp\/v2\/product_brand?post=36386"},{"taxonomy":"product_cat","embeddable":true,"href":"https:\/\/siulubangos.lt\/lv\/wp-json\/wp\/v2\/product_cat?post=36386"},{"taxonomy":"product_tag","embeddable":true,"href":"https:\/\/siulubangos.lt\/lv\/wp-json\/wp\/v2\/product_tag?post=36386"}],"curies":[{"name":"wp","href":"https:\/\/api.w.org\/{rel}","templated":true}]}}