{"id":36390,"date":"2026-01-26T18:52:40","date_gmt":"2026-01-26T16:52:40","guid":{"rendered":"https:\/\/siulubangos.lt\/?post_type=product&#038;p=36390"},"modified":"2026-04-11T00:44:49","modified_gmt":"2026-04-10T21:44:49","slug":"laines-du-nord-baby-soft-cotton-soya","status":"publish","type":"product","link":"https:\/\/siulubangos.lt\/lv\/parduotuve\/laines-du-nord-baby-soft-medvilne-soja\/","title":{"rendered":"Laines Du Nord BABY SOFT (kokvilna, soja)"},"content":{"rendered":"<h3><strong>Laines Du Nord BABY SOFT (50% organisk\u0101 kokvilna, 50% sojas \u0161\u0137iedra)<\/strong><\/h3>\n<p><strong>Sast\u0101vs un sertifik\u0101ti<\/strong><\/p>\n<ul>\n<li>50% organisk\u0101 kokvilna ir dabiska, elpojo\u0161a un iztur\u012bga \u0161\u0137iedra, kas audz\u0113ta bez sint\u0113tiskiem pestic\u012bdiem vai \u0137\u012bmisk\u0101 m\u0113slojuma.<\/li>\n<li>50% sojas \u0161\u0137iedra ir re\u0123ener\u0113ta \u0161\u0137iedra, kas ieg\u016bta no augu olbaltumviel\u0101m un ir \u012bpa\u0161i m\u012bksta un viegla. T\u0101 pie\u0161\u0137ir dzijai pat\u012bkamu, gludu piesk\u0101rienu un smalku, dabisku sp\u012bdumu, kas ad\u012bjumiem pie\u0161\u0137ir eleganci.<\/li>\n<li>Dzija ir sertific\u0113ta atbilsto\u0161i GOTS (Global Organic Textile Standard) un OEKO-TEX Standard 100 standartiem, kas nodro\u0161ina, ka ra\u017eo\u0161anas proces\u0101 netiek izmantotas kait\u012bgas \u0137\u012bmisk\u0101s vielas un ka izstr\u0101d\u0101jums ir dro\u0161s pat jut\u012bgai \u0101dai.<\/li>\n<\/ul>\n<p>&nbsp;<\/p>\n<p><strong>K\u0101p\u0113c izv\u0113l\u0113ties BABY SOFT?<\/strong><\/p>\n<ul>\n<li>Videi draudz\u012bga un dro\u0161a: organisk\u0101 kokvilna un soja - dabiskas, videi draudz\u012bgas \u0161\u0137iedras ar glob\u0101liem sertifik\u0101tiem.<\/li>\n<li>Maigs komforts: \u012bpa\u0161i pat\u012bkams piesk\u0101rienam, piem\u0113rots jut\u012bgai \u0101dai un z\u012bdai\u0146iem.<\/li>\n<li>Viegli ad\u012bt\/valk\u0101t: lieliska ad\u012b\u0161ana un valk\u0101\u0161ana, viegla dzija ar perfektu vienm\u0113r\u012bgumu.<\/li>\n<li>Stil\u012bgs izskats: maigas tekst\u016bras un kr\u0101sas nodro\u0161ina elegantu, bet dabisku rezult\u0101tu.<\/li>\n<\/ul>\n<p>&nbsp;<\/p>","protected":false},"excerpt":{"rendered":"<p>Laines Du Nord BABY SOFT ir augstas kvalit\u0101tes dabisk\u0101s \u0161\u0137iedras dzija, kas izstr\u0101d\u0101ta, lai nodro\u0161in\u0101tu maksim\u0101lu komfortu, maigumu un vesel\u012bgu piesk\u0101rienu \u0101dai. \u0160\u012b dzija ir ide\u0101li piem\u0113rota z\u012bdai\u0146u un b\u0113rnu ap\u0123\u0113rbiem, sezon\u0101liem ad\u012bjumiem un viegliem vasaras aksesu\u0101riem. Ad\u012b\u0161anas\/apr\u016bpes dzija ar skaistu sp\u012bdumu, ko nodro\u0161ina sojas \u0161\u0137iedra (viskoze). Pla\u0161a kr\u0101su izv\u0113le no paste\u013cto\u0146iem l\u012bdz ko\u0161\u0101m kr\u0101s\u0101m.<\/p>","protected":false},"featured_media":37559,"comment_status":"open","ping_status":"closed","template":"","meta":{"_acf_changed":false},"product_brand":[1638],"product_cat":[58,428,1647,420,486,429,444],"product_tag":[1634],"class_list":{"0":"post-36390","1":"product","2":"type-product","3":"status-publish","4":"has-post-thumbnail","6":"product_brand-laines-du-nord","7":"product_cat-siulai-mezgimui","8":"product_cat-gamintojas","9":"product_cat-laines-du-nord-siulai","10":"product_cat-medvilnes-siulai","11":"product_cat-savybe","12":"product_cat-sudetis","13":"product_cat-viskozes-siulai","14":"product_tag-lainesdunord","15":"pa_spalva-laines-du-nord-baby-soft-111-balta","16":"pa_spalva-medvilnes-siulai-viskoze-veganiski-siulai-megimui-siulai-nerimui-laines-du-nord-baby-soft-142-skaistalu-rozine","17":"pa_spalva-laines-du-nord-baby-soft-146-ametisto","18":"pa_spalva-laines-du-nord-baby-soft-148-dzinso-melyna","19":"pa_spalva-medvilnes-siulai-viskoze-veganiski-siulai-megimui-siulai-nerimui-laines-du-nord-baby-soft-16-ryski-zydra","20":"pa_spalva-laines-du-nord-baby-soft-202-rozine","21":"pa_spalva-laines-du-nord-baby-soft-204-melsva","22":"pa_spalva-laines-du-nord-baby-soft-206-sviesi-geltona","23":"pa_spalva-medvilnes-siulai-viskoze-veganiski-siulai-megimui-siulai-nerimui-laines-du-nord-baby-soft-21-silta-alyvuoge","24":"pa_spalva-laines-du-nord-baby-soft-210-tamsi-melyna","25":"pa_spalva-laines-du-nord-baby-soft-25-laimo","26":"pa_spalva-laines-du-nord-baby-soft-29-ryski-rozine","27":"pa_spalva-laines-du-nord-baby-soft-312-sviesi-violetine","28":"pa_spalva-laines-du-nord-baby-soft-32-safrano","29":"pa_spalva-laines-du-nord-baby-soft-320-raudonai-oranzine","30":"pa_spalva-laines-du-nord-baby-soft-324-juoda","31":"pa_spalva-laines-du-nord-baby-soft-34-oranzine","32":"pa_spalva-laines-du-nord-baby-soft-390-naturali-balta","33":"pa_spalva-laines-du-nord-baby-soft-400-svelni-alyvine","34":"pa_spalva-laines-du-nord-baby-soft-401-pasteline-melyna","35":"pa_spalva-laines-du-nord-baby-soft-402-raudona","36":"pa_spalva-laines-du-nord-baby-soft-403-fukcija","37":"pa_spalva-laines-du-nord-baby-soft-404-rozine","38":"pa_spalva-laines-du-nord-baby-soft-405-safrano-oranzine","39":"pa_spalva-laines-du-nord-baby-soft-406-smelio","40":"pa_spalva-laines-du-nord-baby-soft-407-geltona","41":"pa_spalva-laines-du-nord-baby-soft-408-salotine","42":"pa_spalva-laines-du-nord-baby-soft-500-sviesi-salavijo","43":"pa_spalva-laines-du-nord-baby-soft-501-svelni-oranzine","44":"pa_spalva-laines-du-nord-baby-soft-502-lino","45":"pa_spalva-laines-du-nord-baby-soft-505-sviesi-pilka","46":"pa_spalva-laines-du-nord-baby-soft-600-sviesi-turkio","47":"pa_spalva-laines-du-nord-baby-soft-601-melynai-violetine","48":"pa_spalva-laines-du-nord-baby-soft-602-salavijo","49":"pa_spalva-laines-du-nord-baby-soft-604-garstyciu","50":"pa_spalva-laines-du-nord-baby-soft-605-ciklameno","51":"pa_spalva-laines-du-nord-baby-soft-626-sendinta-roze","52":"pa_spalva-laines-du-nord-baby-soft-627-smaragdo","53":"pa_spalva-laines-du-nord-baby-soft-628-ryski-geltona","54":"pa_svoris-ilgis-50-g-135-m","56":"first","57":"instock","58":"taxable","59":"shipping-taxable","60":"purchasable","61":"product-type-variable"},"acf":[],"_links":{"self":[{"href":"https:\/\/siulubangos.lt\/lv\/wp-json\/wp\/v2\/product\/36390","targetHints":{"allow":["GET"]}}],"collection":[{"href":"https:\/\/siulubangos.lt\/lv\/wp-json\/wp\/v2\/product"}],"about":[{"href":"https:\/\/siulubangos.lt\/lv\/wp-json\/wp\/v2\/types\/product"}],"replies":[{"embeddable":true,"href":"https:\/\/siulubangos.lt\/lv\/wp-json\/wp\/v2\/comments?post=36390"}],"version-history":[{"count":0,"href":"https:\/\/siulubangos.lt\/lv\/wp-json\/wp\/v2\/product\/36390\/revisions"}],"wp:featuredmedia":[{"embeddable":true,"href":"https:\/\/siulubangos.lt\/lv\/wp-json\/wp\/v2\/media\/37559"}],"wp:attachment":[{"href":"https:\/\/siulubangos.lt\/lv\/wp-json\/wp\/v2\/media?parent=36390"}],"wp:term":[{"taxonomy":"product_brand","embeddable":true,"href":"https:\/\/siulubangos.lt\/lv\/wp-json\/wp\/v2\/product_brand?post=36390"},{"taxonomy":"product_cat","embeddable":true,"href":"https:\/\/siulubangos.lt\/lv\/wp-json\/wp\/v2\/product_cat?post=36390"},{"taxonomy":"product_tag","embeddable":true,"href":"https:\/\/siulubangos.lt\/lv\/wp-json\/wp\/v2\/product_tag?post=36390"}],"curies":[{"name":"wp","href":"https:\/\/api.w.org\/{rel}","templated":true}]}}