{"id":36855,"date":"2026-01-10T20:23:23","date_gmt":"2026-01-10T18:23:23","guid":{"rendered":"https:\/\/siulubangos.lt\/?post_type=product&#038;p=36855"},"modified":"2026-04-14T17:26:19","modified_gmt":"2026-04-14T14:26:19","slug":"laines-du-nord-harmonious-socks-vilna-nailonas","status":"publish","type":"product","link":"https:\/\/siulubangos.lt\/lv\/parduotuve\/laines-du-nord-harmonious-socks-vilna-nailonas\/","title":{"rendered":"Laines Du Nord HARMONIOUS SOCKS (vilna, neilons)"},"content":{"rendered":"<h3><strong>Laines Du Nord HARMONIOUS SOCKS (75% vilna, 25% nailonas)<\/strong><\/h3>\n<p>Tai auk\u0161tos kokyb\u0117s 4 gij\u0173 kojininis si\u016blas, sukurtas ital\u0173 gamintojo Laines Du Nord, pasi\u017eymintis ry\u0161ki\u0173, harmoningai susiliejan\u010di\u0173 atspalvi\u0173 palete ir nepriekai\u0161tingu mezgimo rezultatu. \u0160io si\u016blo sud\u0117tis yra 75% mulesing-free vilna (be chloro) ir 25% nailono (poliamidas), tod\u0117l jis yra ypa\u010d \u0161velnus, patvarus ir ilgaam\u017eis, idealiai tinkantis ne tik kojin\u0117ms, bet ir kitoms mezgimo id\u0117joms &#8211; pir\u0161tin\u0117ms, \u0161alikams, skaroms ar lengviems mezgtiniams.<\/p>\n<p>\u0160iuo si\u016blu malonu mezgti, mezgasi lygiai, dailiai, garantuojame vienod\u0105 ra\u0161t\u0105 ir puik\u0173 spalv\u0173 derin\u012f viename kamuoliuke. D\u0117l mulesing-free vilnos \u0161is si\u016blas yra ekologi\u0161kesnis ir draugi\u0161kesnis gyv\u016bnams, o nailono \u012ftvirtinimas suteikia papildom\u0105 atsparum\u0105 trin\u010diai ir tai itin svarbu mezgant kojines, kurios turi tarnauti kasdien.<\/p>\n<p>Si\u016blas puikiai tinka mezg\u0117jams, kurie ie\u0161ko spalving\u0173, tvari\u0173 ir lengvai pri\u017ei\u016brim\u0173 kojini\u0173 si\u016bl\u0173, kurie suteiks k\u016briniui ne tik komfort\u0105, bet vizualin\u012f gyvastingum\u0105. D\u0117l savo universalumo jis taip pat puikiai tinka \u012fvairiems projektams, nuo spalvot\u0173 kojini\u0173 iki lengv\u0173 drabu\u017ei\u0173 ir aksesuar\u0173.<\/p>\n<p>&nbsp;<\/p>\n<p>&nbsp;<\/p>\n<p>&nbsp;<\/p>\n<div id=\"gtx-trans\" style=\"position: absolute; left: 530px; top: 56.7969px;\">\n<div class=\"gtx-trans-icon\"><\/div>\n<\/div>","protected":false},"excerpt":{"rendered":"<p>Laines Du Nord HARMONIOUS SOCKS &#8211; itali\u0161ki si\u016blai kojin\u0117ms ir mezginiams, sudaryti i\u0161 75% mulesing-free vilnos ir 25% nailono. Ry\u0161k\u016bs, harmoningai susiliejan\u010di\u0173 spalv\u0173 atspalviai. \u0160veln\u016bs, patvar\u016bs ir lengvai pri\u017ei\u016brimi, puikus pasirinkimas stilingoms,\u00a0 ne tik komforti\u0161koms kojin\u0117ms, bet ir megztukams, liemen\u0117ms, sijonams ir aksesuarams.<\/p>","protected":false},"featured_media":36904,"comment_status":"open","ping_status":"closed","template":"","meta":{"_acf_changed":false},"product_brand":[1638],"product_cat":[58,428,489,1647,1110,486,429,445],"product_tag":[1634],"class_list":{"0":"post-36855","1":"product","2":"type-product","3":"status-publish","4":"has-post-thumbnail","6":"product_brand-laines-du-nord","7":"product_cat-siulai-mezgimui","8":"product_cat-gamintojas","9":"product_cat-kojiniu-siulai","10":"product_cat-laines-du-nord-siulai","11":"product_cat-poliamidas","12":"product_cat-savybe","13":"product_cat-sudetis","14":"product_cat-vilnos-siulai","15":"product_tag-lainesdunord","16":"pa_spalva-laines-du-nord-harmoniuos-socks-11","17":"pa_spalva-laines-du-nord-harmonious-socks-12-150x150","18":"pa_spalva-laines-du-nord-harmonious-socks-13-150x150","19":"pa_spalva-laines-du-nord-harmonious-socks-14-150x150","20":"pa_spalva-laines-du-nord-harmonious-socks-15-150x150","21":"pa_spalva-laines-du-nord-harmonious-socks-16","22":"pa_svoris-ilgis-100-g-420-m","24":"first","25":"instock","26":"taxable","27":"shipping-taxable","28":"purchasable","29":"product-type-variable"},"acf":[],"_links":{"self":[{"href":"https:\/\/siulubangos.lt\/lv\/wp-json\/wp\/v2\/product\/36855","targetHints":{"allow":["GET"]}}],"collection":[{"href":"https:\/\/siulubangos.lt\/lv\/wp-json\/wp\/v2\/product"}],"about":[{"href":"https:\/\/siulubangos.lt\/lv\/wp-json\/wp\/v2\/types\/product"}],"replies":[{"embeddable":true,"href":"https:\/\/siulubangos.lt\/lv\/wp-json\/wp\/v2\/comments?post=36855"}],"version-history":[{"count":0,"href":"https:\/\/siulubangos.lt\/lv\/wp-json\/wp\/v2\/product\/36855\/revisions"}],"wp:featuredmedia":[{"embeddable":true,"href":"https:\/\/siulubangos.lt\/lv\/wp-json\/wp\/v2\/media\/36904"}],"wp:attachment":[{"href":"https:\/\/siulubangos.lt\/lv\/wp-json\/wp\/v2\/media?parent=36855"}],"wp:term":[{"taxonomy":"product_brand","embeddable":true,"href":"https:\/\/siulubangos.lt\/lv\/wp-json\/wp\/v2\/product_brand?post=36855"},{"taxonomy":"product_cat","embeddable":true,"href":"https:\/\/siulubangos.lt\/lv\/wp-json\/wp\/v2\/product_cat?post=36855"},{"taxonomy":"product_tag","embeddable":true,"href":"https:\/\/siulubangos.lt\/lv\/wp-json\/wp\/v2\/product_tag?post=36855"}],"curies":[{"name":"wp","href":"https:\/\/api.w.org\/{rel}","templated":true}]}}