{"id":36865,"date":"2026-01-13T12:29:53","date_gmt":"2026-01-13T10:29:53","guid":{"rendered":"https:\/\/siulubangos.lt\/?post_type=product&#038;p=36865"},"modified":"2026-02-24T11:47:02","modified_gmt":"2026-02-24T09:47:02","slug":"laines-du-nord-dolly-baby-merino-vilna","status":"publish","type":"product","link":"https:\/\/siulubangos.lt\/lv\/parduotuve\/laines-du-nord-dolly-baby-merino-vilna\/","title":{"rendered":"Laines Du Nord DOLLY 125 (100% merino vilna)"},"content":{"rendered":"<h3><strong>Laines Du Nord DOLLY 125 (100% merino vilna)<\/strong><\/h3>\n<p>\u0160is augstas kvalit\u0101tes 100% smalk\u0101s merino vilnas dzija no It\u0101lijas, kas rad\u012bta univers\u0101liem, \u0113rtiem un ilgi kalpojo\u0161iem ad\u012bjumiem. \u0160\u012b dzija ir apstr\u0101d\u0101ta ar Superwash, t\u0101p\u0113c to var mazg\u0101t ve\u013cas ma\u0161\u012bn\u0101, nezaud\u0113jot formu, maigumu un est\u0113tiku.<\/p>\n<p>Merino vilnai rakstur\u012bgas lieliskas termoregul\u0101cijas \u012bpa\u0161\u012bbas \u2013 t\u0101 silda, kad ir auksts, un \u013cauj \u0101dai elpot, kad ir silt\u0101ks. T\u0101p\u0113c DOLLY 125 ir piem\u0113rots gan visu gadu valk\u0101jamiem ap\u0123\u0113rbiem, gan sl\u0101\u0146o\u0161anai. Dzija ir pat\u012bkama piesk\u0101rienam, nekairina \u0101du un ir lieliski piem\u0113rota ad\u012bjumiem, kas tie\u0161i saskaras ar \u0137ermeni.<\/p>\n<p>Dzija izce\u013cas ar labu acu strukt\u016bru, t\u0101p\u0113c ad\u012bjumi izskat\u0101s k\u0101rt\u012bgi un profesion\u0101li gan gludaj\u0101 ad\u012bjum\u0101, gan rakstos vai p\u012bn\u0113s. T\u0101 ir lieliska izv\u0113le gan pieredz\u0113ju\u0161iem, gan ies\u0101c\u0113jiem ad\u012bt\u0101jiem.<\/p>\n<p>DOLLY 125 ir sport\/DK tipa (vid\u0113ja biezuma) dzija, kas padara to \u0101rk\u0101rt\u012bgi univers\u0101lu. T\u0101 ir piem\u0113rota d\u017eempero, vestu, cepuru, \u0161a\u013c\u013cu, cimdu, z\u012bdai\u0146u un b\u0113rnu ap\u0123\u0113rbu ad\u012b\u0161anai, k\u0101 ar\u012b veiksm\u012bgi izmantojama tambor\u0113\u0161an\u0101. Pateicoties mulesing-free vilnas izcelsmei, t\u0101 ir \u0113tiska izv\u0113le apzin\u012bgiem ad\u012bt\u0101jiem.<\/p>\n<p>Pla\u0161a kr\u0101su palete \u013cauj viegli piel\u0101got dziju gan klasiskiem, gan moderniem projektiem. Laines du Nord DOLLY 125 ir uzticama izv\u0113le tiem, kas mekl\u0113 dab\u012bgu, m\u012bkstu un viegli kopjamu merino vilnu ikdienas un ilglaic\u012bgiem ad\u012bjumiem.<\/p>\n<p>&nbsp;<\/p>\n<p>&nbsp;<\/p>\n<p>&nbsp;<\/p>","protected":false},"excerpt":{"rendered":"<p>Laines Du Nord DOLLY 125 \u2013 ir augstas kvalit\u0101tes, 100% extra fine merino vilnas superwash dzija (mulesing-free). M\u012bksta, elast\u012bga un viegli kopjama, lieliski piem\u0113rota ap\u0123\u0113rbiem, aksesu\u0101riem un b\u0113rnu ad\u012bjumiem.<\/p>","protected":false},"featured_media":37269,"comment_status":"open","ping_status":"closed","template":"","meta":{"_acf_changed":false},"product_brand":[1638],"product_cat":[58,428,1647,419,486,490,429],"product_tag":[1634],"class_list":{"0":"post-36865","1":"product","2":"type-product","3":"status-publish","4":"has-post-thumbnail","6":"product_brand-laines-du-nord","7":"product_cat-siulai-mezgimui","8":"product_cat-gamintojas","9":"product_cat-laines-du-nord-siulai","10":"product_cat-merino-vilnos-siulai","11":"product_cat-savybe","12":"product_cat-siulai-kudikiams","13":"product_cat-sudetis","14":"product_tag-lainesdunord","15":"pa_spalva-laines-du-nord-dolly125-1-naturali-balta","16":"pa_spalva-laines-du-nord-dolly125-16-melsva","17":"pa_spalva-laines-du-nord-dolly-125-201-zalsvai-rusva","18":"pa_spalva-laines-du-nord-dolly125-203-tamsi-ruda","19":"pa_spalva-laines-du-nord-dolly125-204-melynai-alyvine","20":"pa_spalva-laines-du-nord-dolly125-207-tamsi-turkio","21":"pa_spalva-laines-du-nord-dolly125-208-tamsi-zalia","22":"pa_spalva-laines-du-nord-dolly125-209-salaviju","23":"pa_spalva-laines-du-nord-dolly125-210-zalsvai-pilka","24":"pa_spalva-dolly-baby-211-alyvine","25":"pa_spalva-laines-du-nord-dolly125-212-rozine","26":"pa_spalva-laines-du-nord-dolly125-213-tamsi-rausva","27":"pa_spalva-laines-du-nord-dolly125-214-sviesi-oranzine","28":"pa_spalva-laines-du-nord-dolly125-215-kario","29":"pa_spalva-laines-du-nord-dolly-125-220","30":"pa_spalva-laines-du-nord-dolly125-221-raudona","31":"pa_spalva-laines-du-nord-dolly-125-223-zalsva-metine","32":"pa_spalva-laines-du-nord-dolly125-224-smaragdo","33":"pa_spalva-laines-du-nord-dolly125-225-pistaciju","34":"pa_spalva-dolly-baby-226-fukcija","35":"pa_spalva-laines-du-nord-dolly125-228-skaisti-raudona","36":"pa_spalva-laines-du-nord-dolly125-25-raudona","37":"pa_spalva-laines-du-nord-dolly-125-320-tamsi-pilka","38":"pa_spalva-laines-du-nord-dolly-125-334-tamsi-alyvine","39":"pa_spalva-dolly-baby-37-tamsi-melyna","40":"pa_spalva-dolly-baby-4-sviesi-geltona","41":"pa_spalva-laines-du-nord-dolly125-400-sviesi-rausva","42":"pa_spalva-laines-du-nord-dolly125-401-sviesi-violetine","43":"pa_spalva-laines-du-nord-dolly125-402-kvieciu","44":"pa_spalva-laines-du-nord-dolly125-404-violetine","45":"pa_spalva-laines-du-nord-dolly125-405-sviesi-turkio","46":"pa_spalva-laines-du-nord-dolly-125-406-sendinta-turkio","47":"pa_spalva-laines-du-nord-dolly125-409-rozine","48":"pa_spalva-laines-du-nord-dolly125-5-persiko","49":"pa_spalva-laines-du-nord-dolly125-610-sviesi-pilka","50":"pa_spalva-dolly-baby-705-juoda","51":"pa_spalva-laines-du-nord-dolly125-82-sviesi-bordo","52":"pa_spalva-laines-du-nord-dolly125-902-ryski-geltona","53":"pa_spalva-laines-du-nord-dolly125-906-pudrine-rozine","54":"pa_spalva-laines-du-nord-dolly125-909-melyna","55":"pa_svoris-ilgis-50-g-125-m","57":"first","58":"instock","59":"taxable","60":"shipping-taxable","61":"purchasable","62":"product-type-variable"},"acf":[],"_links":{"self":[{"href":"https:\/\/siulubangos.lt\/lv\/wp-json\/wp\/v2\/product\/36865","targetHints":{"allow":["GET"]}}],"collection":[{"href":"https:\/\/siulubangos.lt\/lv\/wp-json\/wp\/v2\/product"}],"about":[{"href":"https:\/\/siulubangos.lt\/lv\/wp-json\/wp\/v2\/types\/product"}],"replies":[{"embeddable":true,"href":"https:\/\/siulubangos.lt\/lv\/wp-json\/wp\/v2\/comments?post=36865"}],"version-history":[{"count":0,"href":"https:\/\/siulubangos.lt\/lv\/wp-json\/wp\/v2\/product\/36865\/revisions"}],"wp:featuredmedia":[{"embeddable":true,"href":"https:\/\/siulubangos.lt\/lv\/wp-json\/wp\/v2\/media\/37269"}],"wp:attachment":[{"href":"https:\/\/siulubangos.lt\/lv\/wp-json\/wp\/v2\/media?parent=36865"}],"wp:term":[{"taxonomy":"product_brand","embeddable":true,"href":"https:\/\/siulubangos.lt\/lv\/wp-json\/wp\/v2\/product_brand?post=36865"},{"taxonomy":"product_cat","embeddable":true,"href":"https:\/\/siulubangos.lt\/lv\/wp-json\/wp\/v2\/product_cat?post=36865"},{"taxonomy":"product_tag","embeddable":true,"href":"https:\/\/siulubangos.lt\/lv\/wp-json\/wp\/v2\/product_tag?post=36865"}],"curies":[{"name":"wp","href":"https:\/\/api.w.org\/{rel}","templated":true}]}}