{"id":36869,"date":"2026-01-13T12:20:39","date_gmt":"2026-01-13T10:20:39","guid":{"rendered":"https:\/\/siulubangos.lt\/?post_type=product&#038;p=36869"},"modified":"2026-02-25T13:28:50","modified_gmt":"2026-02-25T11:28:50","slug":"laines-du-nord-spring-wool-merino-kokvilna","status":"publish","type":"product","link":"https:\/\/siulubangos.lt\/lv\/parduotuve\/laines-du-nord-spring-wool-merino-medvilne\/","title":{"rendered":"Laines du Nord SPRING WOOL (merino vilna, kokvilna)"},"content":{"rendered":"<h3><strong>Laines Du Nord SPRING WOOL (50% merino vilna, 50% organisk\u0101 kokvilna)<\/strong><\/h3>\n<p>Laines du Nord SPRING WOOL \u2013 tie augstas kvalit\u0101tes it\u0101\u013cu dzijas, kas rad\u012btas tiem, kuri nov\u0113rt\u0113 dabiskumu, komfortu un ilgtsp\u0113j\u012bbu. \u0160\u012b dzija apvieno divus r\u016bp\u012bgi izv\u0113l\u0113tus dabiskos materi\u0101lus: 50% mulesing-free merino vilnas un 50% biolo\u0123isk\u0101s kokvilnas, padarot to ide\u0101li piem\u0113rotu visa gada ad\u012bjumiem \u2013 no pavasara l\u012bdz rudenim.<\/p>\n<p>Merino vilna dzijai pie\u0161\u0137ir maigumu, elast\u012bbu un dabisku termoregul\u0101ciju, savuk\u0101rt organisk\u0101 kokvilna nodro\u0161ina vieglumu, elpojam\u012bbu un formu notur\u012bbu. Pateicoties \u0161im sabalans\u0113tajam savienojumam, ad\u012bjumi ir pat\u012bkami valk\u0101t, neskr\u0101p\u0113, nep\u0101rkarst un lieliski piem\u0113roti pat jut\u012bgai \u0101dai vai b\u0113rnu ap\u0123\u0113rbiem.<\/p>\n<p>Spring Wool ir DK \/ light worsted (ne p\u0101r\u0101k pl\u0101ni, ne p\u0101r\u0101k biezi) biezuma dzija, ko viegli ad\u012bt gan ies\u0101c\u0113jiem, gan pieredz\u0113ju\u0161iem ad\u012bt\u0101jiem. T\u0101 skaisti atkl\u0101j gludus, tekstur\u0113tus un me\u017e\u0123\u012b\u0146u rakstus, pie\u0161\u0137ir ad\u012bjumiem gl\u012btu, profesion\u0101lu izskatu un smalku dabisko \u0161\u0137iedru tekst\u016bru. Dzija nestiepjas, labi notur formu un ir iztur\u012bga.<\/p>\n<p>\u0160is dzija ir lieliski piem\u0113rota viegliem d\u017eemperiem, kardiganiem, lakatiem, \u0161all\u0113m, vasaras topiem, z\u012bdai\u0146u un b\u0113rnu ap\u0123\u0113rbiem, k\u0101 ar\u012b daudzpus\u012bgiem ikdienas ad\u012bjumiem. Tas ir apzin\u0101ts izv\u0113le tiem, kas mekl\u0113 est\u0113tiku, komfortu un atbild\u012bgu ra\u017eo\u0161anu vien\u0101 produkt\u0101.<\/p>","protected":false},"excerpt":{"rendered":"<p>Laines Du Nord SPRING WOOL \u2013 dab\u012bgs it\u0101\u013cu dzintars no 50% mulesing-free merino vilnas un 50% organisk\u0101s kokvilnas. M\u012bksts, elpojo\u0161s un viegls, lieliski piem\u0113rots pavasara-vasaras ad\u012bjumiem, aksesu\u0101riem un b\u0113rnu ap\u0123\u0113rbiem.<\/p>","protected":false},"featured_media":37373,"comment_status":"open","ping_status":"closed","template":"","meta":{"_acf_changed":false},"product_brand":[1638],"product_cat":[58,428,1647,420,419,486,490,429],"product_tag":[1634],"class_list":{"0":"post-36869","1":"product","2":"type-product","3":"status-publish","4":"has-post-thumbnail","6":"product_brand-laines-du-nord","7":"product_cat-siulai-mezgimui","8":"product_cat-gamintojas","9":"product_cat-laines-du-nord-siulai","10":"product_cat-medvilnes-siulai","11":"product_cat-merino-vilnos-siulai","12":"product_cat-savybe","13":"product_cat-siulai-kudikiams","14":"product_cat-sudetis","15":"product_tag-lainesdunord","16":"pa_spalva-laines-du-nord-dolly125-1-naturali-balta","17":"pa_spalva-laines-du-nord-springwool-12-tamsi-melyna","18":"pa_spalva-laines-du-nord-springwool-13-persiko","19":"pa_spalva-laines-du-nord-springwool-14-gesinta-oranzine","20":"pa_spalva-laines-du-nord-springwool-15-kario","21":"pa_spalva-laines-du-nord-springwool-16-geltona","22":"pa_spalva-laines-du-nord-springwool-17-raudona","23":"pa_spalva-laines-du-nord-springwool-18-ryski-rozine","24":"pa_spalva-laines-du-nord-springwool-2-sviesi-pilka","25":"pa_spalva-laines-du-nord-springwool-20-zalia","26":"pa_spalva-laines-du-nord-springwool-22-tamsi-zalia","27":"pa_spalva-laines-du-nord-springwool-24-baklazano","28":"pa_spalva-laines-du-nord-springwool-25-juoda","29":"pa_spalva-laines-du-nord-springwool-3-rausva","30":"pa_spalva-laines-du-nord-springwool-4-sviesi-rozine","31":"pa_spalva-laines-du-nord-springwool-5-alyvine","32":"pa_spalva-laines-du-nord-springwool-6-pistaciju","33":"pa_spalva-laines-du-nord-springwool-7-sviesi-turkio","34":"pa_spalva-laines-du-nord-springwool-8-dumine-melyna-alyva","35":"pa_svoris-ilgis-50-g-140-m","37":"first","38":"instock","39":"taxable","40":"shipping-taxable","41":"purchasable","42":"product-type-variable"},"acf":[],"_links":{"self":[{"href":"https:\/\/siulubangos.lt\/lv\/wp-json\/wp\/v2\/product\/36869","targetHints":{"allow":["GET"]}}],"collection":[{"href":"https:\/\/siulubangos.lt\/lv\/wp-json\/wp\/v2\/product"}],"about":[{"href":"https:\/\/siulubangos.lt\/lv\/wp-json\/wp\/v2\/types\/product"}],"replies":[{"embeddable":true,"href":"https:\/\/siulubangos.lt\/lv\/wp-json\/wp\/v2\/comments?post=36869"}],"version-history":[{"count":0,"href":"https:\/\/siulubangos.lt\/lv\/wp-json\/wp\/v2\/product\/36869\/revisions"}],"wp:featuredmedia":[{"embeddable":true,"href":"https:\/\/siulubangos.lt\/lv\/wp-json\/wp\/v2\/media\/37373"}],"wp:attachment":[{"href":"https:\/\/siulubangos.lt\/lv\/wp-json\/wp\/v2\/media?parent=36869"}],"wp:term":[{"taxonomy":"product_brand","embeddable":true,"href":"https:\/\/siulubangos.lt\/lv\/wp-json\/wp\/v2\/product_brand?post=36869"},{"taxonomy":"product_cat","embeddable":true,"href":"https:\/\/siulubangos.lt\/lv\/wp-json\/wp\/v2\/product_cat?post=36869"},{"taxonomy":"product_tag","embeddable":true,"href":"https:\/\/siulubangos.lt\/lv\/wp-json\/wp\/v2\/product_tag?post=36869"}],"curies":[{"name":"wp","href":"https:\/\/api.w.org\/{rel}","templated":true}]}}