{"id":37386,"date":"2026-01-20T19:27:54","date_gmt":"2026-01-20T17:27:54","guid":{"rendered":"https:\/\/siulubangos.lt\/?post_type=product&#038;p=37386"},"modified":"2026-02-09T15:06:15","modified_gmt":"2026-02-09T13:06:15","slug":"merino-vilnos-kudikiu-pledukai","status":"publish","type":"product","link":"https:\/\/siulubangos.lt\/lv\/parduotuve\/merino-vilnos-kudikiu-pledukai\/","title":{"rendered":"Merino vilnas mazu\u013cu pledi\u0146i (100% merino vilna)"},"content":{"rendered":"<h3><strong>Merino vilnos k\u016bdiki\u0173 pledukai<\/strong><\/h3>\n<p>K\u016bdikio laukimas &#8211; tai ypatingas laikotarpis, kupinas \u0161velnumo, r\u016bpes\u010dio ir meil\u0117s. B\u016btent tod\u0117l pirmieji ma\u017eylio daiktai turi b\u016bti ne tik gra\u017e\u016bs, bet ir saug\u016bs, nat\u016bral\u016bs bei apgalvoti iki smulkmen\u0173.<\/p>\n<p>Si\u016bl\u0173 bangose gimstantys k\u016bdiki\u0173 pledukai mezgami i\u0161 100% merino vilnos, kuri gars\u0117ja savo \u0161velnumu, \u0161ilumos reguliavimu ir tinkamumu net jautriausiai odai.<\/p>\n<p>Pledukai gaminami rankine mezgimo ma\u0161ina, naudojant auk\u0161tos kokyb\u0117s, itin mink\u0161tus si\u016blus &#8211; jie lengvi, jauk\u016bs, malon\u016bs liesti ir visi\u0161kai nekandantys. Puikiai tinka nuo pirm\u0173j\u0173 gyvenimo dien\u0173: ve\u017eim\u0117liui, lovytei ar jaukioms akimirkoms ant rank\u0173.<\/p>\n<p>Pleduko dydis 80 x 100 cm, svoris apie 500 g.<\/p>\n<p>Pleduk\u0105 rekomenduojame skalbti rankomis, o gr\u0119\u017eti galima ir sklabimo ma\u0161ina, d\u017eiovinti patiest\u0105.<\/p>\n<p>Atraskite savo bang\u0105 &#8211; i\u0161rinkite pleduk\u0105, kuris lyd\u0117s ma\u017eyl\u012f pirmaisiais gyvenimo etapais.<\/p>","protected":false},"excerpt":{"rendered":"<p style=\"text-align: left;\"><span dir=\"auto\" style=\"vertical-align: inherit;\"><span dir=\"auto\" style=\"vertical-align: inherit;\">\u00a0K\u016bdiki\u0173 pledukai mezgami i\u0161 100% merino vilnos, kuri gars\u0117ja savo \u0161velnumu, \u0161ilumos reguliavimu ir tinkamumu net jautriausiai odai.<\/span><\/span><\/p>\n<p style=\"text-align: left;\">Pleduko dydis 80 x 100 cm, svoris apie 500 g.<\/p>\n<p style=\"text-align: left;\">Pleduk\u0105 rekomenduojame skalbti rankomis, o gr\u0119\u017eti galima ir sklabimo ma\u0161ina, d\u017eiovinti patiest\u0105.<\/p>\n<p style=\"text-align: left;\"><span dir=\"auto\" style=\"vertical-align: inherit;\"><span dir=\"auto\" style=\"vertical-align: inherit;\">Atraskite savo bang\u0105 &#8211; i\u0161sirinkite pleduk\u0105, kuris lyd\u0117s ma\u017eyl\u012f pirmaisiais gyvenimo etapais.<\/span><\/span><\/p>\n<p style=\"text-align: left;\"><strong>Atkreipkite d\u0117mes\u012f, kad spalva nuotraukoje gali ne\u017eymiai skirtis nuo tikros gaminio spalvos d\u0117l skirting\u0173 ekran\u0173 nustatym\u0173, ap\u0161vietimo.<\/strong><\/p>","protected":false},"featured_media":37528,"comment_status":"open","ping_status":"closed","template":"","meta":{"_acf_changed":false},"product_brand":[],"product_cat":[555,483,419,429],"product_tag":[],"class_list":{"0":"post-37386","1":"product","2":"type-product","3":"status-publish","4":"has-post-thumbnail","6":"product_cat-be-kategorijos","7":"product_cat-dovanos","8":"product_cat-merino-vilnos-siulai","9":"product_cat-sudetis","10":"pa_pluostas-merino-vilna","11":"pa_spalva-merino-vilnos-pledukai-kremine-spalva-cut","12":"pa_spalva-merino-vilnos-pledukai-melsva-spalva-cut","13":"pa_spalva-merino-vilnos-pledukai-rusva-spalva-cut","14":"pa_spalva-merino-vilnos-pledukai-rusva-spalva-cut-2","16":"first","17":"instock","18":"taxable","19":"shipping-taxable","20":"purchasable","21":"product-type-variable"},"acf":[],"_links":{"self":[{"href":"https:\/\/siulubangos.lt\/lv\/wp-json\/wp\/v2\/product\/37386","targetHints":{"allow":["GET"]}}],"collection":[{"href":"https:\/\/siulubangos.lt\/lv\/wp-json\/wp\/v2\/product"}],"about":[{"href":"https:\/\/siulubangos.lt\/lv\/wp-json\/wp\/v2\/types\/product"}],"replies":[{"embeddable":true,"href":"https:\/\/siulubangos.lt\/lv\/wp-json\/wp\/v2\/comments?post=37386"}],"version-history":[{"count":0,"href":"https:\/\/siulubangos.lt\/lv\/wp-json\/wp\/v2\/product\/37386\/revisions"}],"wp:featuredmedia":[{"embeddable":true,"href":"https:\/\/siulubangos.lt\/lv\/wp-json\/wp\/v2\/media\/37528"}],"wp:attachment":[{"href":"https:\/\/siulubangos.lt\/lv\/wp-json\/wp\/v2\/media?parent=37386"}],"wp:term":[{"taxonomy":"product_brand","embeddable":true,"href":"https:\/\/siulubangos.lt\/lv\/wp-json\/wp\/v2\/product_brand?post=37386"},{"taxonomy":"product_cat","embeddable":true,"href":"https:\/\/siulubangos.lt\/lv\/wp-json\/wp\/v2\/product_cat?post=37386"},{"taxonomy":"product_tag","embeddable":true,"href":"https:\/\/siulubangos.lt\/lv\/wp-json\/wp\/v2\/product_tag?post=37386"}],"curies":[{"name":"wp","href":"https:\/\/api.w.org\/{rel}","templated":true}]}}