{"id":37833,"date":"2026-02-02T15:26:33","date_gmt":"2026-02-02T13:26:33","guid":{"rendered":"https:\/\/siulubangos.lt\/?post_type=product&#038;p=37833"},"modified":"2026-03-11T21:16:32","modified_gmt":"2026-03-11T19:16:32","slug":"katia-virvele-mezginiu-akims-perkelti","status":"publish","type":"product","link":"https:\/\/siulubangos.lt\/lv\/parduotuve\/katia-virvele-mezginiu-akims-perkelti\/","title":{"rendered":"KATIA lanksti virvel\u0117 mezginio akims perkelti su fiksatoriais (3 mm-5 m)"},"content":{"rendered":"<h3>KATIA lanksti virvel\u0117 mezginio akims perkelti su fiksatoriais (3 mm-5 m)<\/h3>\n<h3><strong>Kod\u0117l verta rinktis \u0161i\u0105 virvel\u0119?<\/strong><\/h3>\n<ul>\n<li>Universalus ilgis: 5 metr\u0173 virvel\u0119 galite lengvai susikarpyti \u012f jums reikiamo ilgio dalis, tod\u0117l ji puikiai tiks tiek ma\u017eiems, tiek dideliems projektams.<\/li>\n<li>Saugumas ir tvarka: Rinkinyje rasite keturis \u0161irdel\u0117s formos fiksatorius, kurie neleis akims nuslysti ir u\u017etikrins, kad mezginys i\u0161liks saugus.<\/li>\n<li>Paprastas naudojimas: Virvel\u0117 idealiai tinka 5 mm ir storesniems virbalams. Tiesiog u\u017emaukite virvel\u0117s gal\u0105 ant virbalo ir skland\u017eiai perkelkite akis.<\/li>\n<li>Komfortas matuojantis: D\u0117l virvel\u0117s lankstumo galite saugiai pasimatuoti mezgin\u012f jo nenuimdami nuo virbal\u0173 ir nebijodami pamesti aki\u0173<\/li>\n<\/ul>\n<p>M\u0117gaukit\u0117s sklandesniu, saugesniu ir malonesniu mezgimo procesu kiekviename savo projekte!<\/p>","protected":false},"excerpt":{"rendered":"<p>Lanksti 3 mm violetin\u0117 virvel\u0117 saugiam aki\u0173 perk\u0117limui. 5 metr\u0173 ilgis, 4 \u0161irdel\u0117s formos fiksatoriai. Idealiai tinka matuotis mezgin\u012f. Tinka 5 mm ir storesniems virbalams.<\/p>\n<p>M\u0117gaukit\u0117s sklandesniu, saugesniu ir malonesniu mezgimo procesu kiekviename savo projekte!<\/p>","protected":false},"featured_media":37843,"comment_status":"open","ping_status":"closed","template":"","meta":{"_acf_changed":false},"product_brand":[556],"product_cat":[310,529,1266,547,528],"product_tag":[307],"class_list":{"0":"post-37833","1":"product","2":"type-product","3":"status-publish","4":"has-post-thumbnail","6":"product_brand-katia","7":"product_cat-mezgimo-priemones","8":"product_cat-gamintojas-kitos-priemones","9":"product_cat-katia","10":"product_cat-akiu-laikikliai","11":"product_cat-priemones-tipas","12":"product_tag-katia","14":"first","15":"instock","16":"taxable","17":"shipping-taxable","18":"purchasable","19":"product-type-simple"},"acf":[],"_links":{"self":[{"href":"https:\/\/siulubangos.lt\/lv\/wp-json\/wp\/v2\/product\/37833","targetHints":{"allow":["GET"]}}],"collection":[{"href":"https:\/\/siulubangos.lt\/lv\/wp-json\/wp\/v2\/product"}],"about":[{"href":"https:\/\/siulubangos.lt\/lv\/wp-json\/wp\/v2\/types\/product"}],"replies":[{"embeddable":true,"href":"https:\/\/siulubangos.lt\/lv\/wp-json\/wp\/v2\/comments?post=37833"}],"version-history":[{"count":0,"href":"https:\/\/siulubangos.lt\/lv\/wp-json\/wp\/v2\/product\/37833\/revisions"}],"wp:featuredmedia":[{"embeddable":true,"href":"https:\/\/siulubangos.lt\/lv\/wp-json\/wp\/v2\/media\/37843"}],"wp:attachment":[{"href":"https:\/\/siulubangos.lt\/lv\/wp-json\/wp\/v2\/media?parent=37833"}],"wp:term":[{"taxonomy":"product_brand","embeddable":true,"href":"https:\/\/siulubangos.lt\/lv\/wp-json\/wp\/v2\/product_brand?post=37833"},{"taxonomy":"product_cat","embeddable":true,"href":"https:\/\/siulubangos.lt\/lv\/wp-json\/wp\/v2\/product_cat?post=37833"},{"taxonomy":"product_tag","embeddable":true,"href":"https:\/\/siulubangos.lt\/lv\/wp-json\/wp\/v2\/product_tag?post=37833"}],"curies":[{"name":"wp","href":"https:\/\/api.w.org\/{rel}","templated":true}]}}