{"id":37846,"date":"2026-02-02T15:27:55","date_gmt":"2026-02-02T13:27:55","guid":{"rendered":"https:\/\/siulubangos.lt\/?post_type=product&#038;p=37846"},"modified":"2026-04-12T12:45:14","modified_gmt":"2026-04-12T09:45:14","slug":"katia-aku-parliksanas-cilpins-ar-fiksatoriem","status":"publish","type":"product","link":"https:\/\/siulubangos.lt\/lv\/parduotuve\/katia-lanksti-virvele-mezginio-akims-perkelti-su-fiksatoriais\/","title":{"rendered":"KATIA elast\u012bga aukla ad\u012bto valdzi\u0146u p\u0101rne\u0161anai ar fiksatoriem (2 mm-5 m)"},"content":{"rendered":"<h3>KATIA elast\u012bga aukla ad\u012bto valdzi\u0146u p\u0101rne\u0161anai ar fiksatoriem (2 mm-5 m)<\/h3>\n<h3><strong>K\u0101p\u0113c izv\u0113l\u0113ties \u0161o auklu?<\/strong><\/h3>\n<ul>\n<li>Univers\u0101ls garums: 5 metru auklu var viegli sagriezt vajadz\u012bgaj\u0101 garum\u0101, t\u0101p\u0113c t\u0101 ir ide\u0101li piem\u0113rota gan maziem, gan lieliem projektiem.<\/li>\n<li>Dro\u0161\u012bba un k\u0101rt\u012bba: komplekt\u0101 ir \u010detri sirds formas klip\u0161i, kas nov\u0113r\u0161 acu izsl\u012bd\u0113\u0161anu un nodro\u0161ina ad\u012bjumu dro\u0161\u012bbu.<\/li>\n<li>Viegli lietojams: vads ir ide\u0101li piem\u0113rots vadiem l\u012bdz 4,5 mm. Vienk\u0101r\u0161i uzvelciet auklas galu uz auklas un vienm\u0113r\u012bgi p\u0101rvietojiet acis.<\/li>\n<li>\u0112rta m\u0113r\u012b\u0161ana: pateicoties auklas elast\u012bgumam, varat dro\u0161i izm\u0113\u0123in\u0101t trikot\u0101\u017eas audumu, neno\u0146emot to no auklas un nebaidoties, ka palaid\u012bsiet acis.<\/li>\n<\/ul>\n<p>Izbaudiet vienm\u0113r\u012bg\u0101ku, dro\u0161\u0101ku un pat\u012bkam\u0101ku ad\u012b\u0161anas procesu katr\u0101 projekt\u0101!<\/p>","protected":false},"excerpt":{"rendered":"<p>Elast\u012bga 2 mm aukla dro\u0161ai acu novieto\u0161anai. 5 metru garums, 4 sirds formas skavas. Ide\u0101li piem\u0113rots trikot\u0101\u017eas m\u0113r\u012b\u0161anai. Piem\u0113rots aukl\u0101m l\u012bdz 4,5 mm.<\/p>\n<p>Izbaudiet vienm\u0113r\u012bg\u0101ku, dro\u0161\u0101ku un pat\u012bkam\u0101ku ad\u012b\u0161anas procesu katr\u0101 projekt\u0101!<\/p>","protected":false},"featured_media":37840,"comment_status":"open","ping_status":"closed","template":"","meta":{"_acf_changed":false},"product_brand":[556],"product_cat":[310,529,1266,547,528],"product_tag":[307],"class_list":{"0":"post-37846","1":"product","2":"type-product","3":"status-publish","4":"has-post-thumbnail","6":"product_brand-katia","7":"product_cat-mezgimo-priemones","8":"product_cat-gamintojas-kitos-priemones","9":"product_cat-katia","10":"product_cat-akiu-laikikliai","11":"product_cat-priemones-tipas","12":"product_tag-katia","14":"first","15":"instock","16":"taxable","17":"shipping-taxable","18":"purchasable","19":"product-type-simple"},"acf":[],"_links":{"self":[{"href":"https:\/\/siulubangos.lt\/lv\/wp-json\/wp\/v2\/product\/37846","targetHints":{"allow":["GET"]}}],"collection":[{"href":"https:\/\/siulubangos.lt\/lv\/wp-json\/wp\/v2\/product"}],"about":[{"href":"https:\/\/siulubangos.lt\/lv\/wp-json\/wp\/v2\/types\/product"}],"replies":[{"embeddable":true,"href":"https:\/\/siulubangos.lt\/lv\/wp-json\/wp\/v2\/comments?post=37846"}],"version-history":[{"count":0,"href":"https:\/\/siulubangos.lt\/lv\/wp-json\/wp\/v2\/product\/37846\/revisions"}],"wp:featuredmedia":[{"embeddable":true,"href":"https:\/\/siulubangos.lt\/lv\/wp-json\/wp\/v2\/media\/37840"}],"wp:attachment":[{"href":"https:\/\/siulubangos.lt\/lv\/wp-json\/wp\/v2\/media?parent=37846"}],"wp:term":[{"taxonomy":"product_brand","embeddable":true,"href":"https:\/\/siulubangos.lt\/lv\/wp-json\/wp\/v2\/product_brand?post=37846"},{"taxonomy":"product_cat","embeddable":true,"href":"https:\/\/siulubangos.lt\/lv\/wp-json\/wp\/v2\/product_cat?post=37846"},{"taxonomy":"product_tag","embeddable":true,"href":"https:\/\/siulubangos.lt\/lv\/wp-json\/wp\/v2\/product_tag?post=37846"}],"curies":[{"name":"wp","href":"https:\/\/api.w.org\/{rel}","templated":true}]}}