{"id":37966,"date":"2026-02-05T17:21:14","date_gmt":"2026-02-05T15:21:14","guid":{"rendered":"https:\/\/siulubangos.lt\/?post_type=product&#038;p=37966"},"modified":"2026-03-31T19:56:32","modified_gmt":"2026-03-31T16:56:32","slug":"phil-chic-suves-mohera-vilna","status":"publish","type":"product","link":"https:\/\/siulubangos.lt\/lv\/parduotuve\/phil-chic-siulai-mohera-vilna\/","title":{"rendered":"Phildar PHIL CHIC (mohairs, vilna)"},"content":{"rendered":"<h2>Phildar PHIL CHIC (50% kazl\u0113nu moh\u0113ra, 32% vilnas, 16% poliam\u012bda, 2% elast\u0101na) - viegluma un it\u0101\u013cu kvalit\u0101tes kombin\u0101cija.<\/h2>\n<p><a href=\"https:\/\/siulubangos.lt\/wp-content\/uploads\/2026\/02\/phildar-chic-6.jpg\"><img loading=\"lazy\" decoding=\"async\" class=\"alignnone wp-image-38133\" src=\"https:\/\/siulubangos.lt\/wp-content\/uploads\/2026\/02\/phildar-chic-6.jpg\" alt=\"\" width=\"371\" height=\"460\" title=\"\" srcset=\"https:\/\/siulubangos.lt\/wp-content\/uploads\/2026\/02\/phildar-chic-6.jpg 1200w, https:\/\/siulubangos.lt\/wp-content\/uploads\/2026\/02\/phildar-chic-6-242x300.jpg 242w, https:\/\/siulubangos.lt\/wp-content\/uploads\/2026\/02\/phildar-chic-6-645x800.jpg 645w, https:\/\/siulubangos.lt\/wp-content\/uploads\/2026\/02\/phildar-chic-6-768x952.jpg 768w, https:\/\/siulubangos.lt\/wp-content\/uploads\/2026\/02\/phildar-chic-6-600x744.jpg 600w, https:\/\/siulubangos.lt\/wp-content\/uploads\/2026\/02\/phildar-chic-6-150x186.jpg 150w\" sizes=\"auto, (max-width: 371px) 100vw, 371px\" \/><\/a> <a href=\"https:\/\/siulubangos.lt\/wp-content\/uploads\/2026\/02\/phildar-chic-5.jpg\"><img loading=\"lazy\" decoding=\"async\" class=\"alignnone wp-image-38132\" src=\"https:\/\/siulubangos.lt\/wp-content\/uploads\/2026\/02\/phildar-chic-5.jpg\" alt=\"\" width=\"371\" height=\"460\" title=\"\" srcset=\"https:\/\/siulubangos.lt\/wp-content\/uploads\/2026\/02\/phildar-chic-5.jpg 1200w, https:\/\/siulubangos.lt\/wp-content\/uploads\/2026\/02\/phildar-chic-5-242x300.jpg 242w, https:\/\/siulubangos.lt\/wp-content\/uploads\/2026\/02\/phildar-chic-5-645x800.jpg 645w, https:\/\/siulubangos.lt\/wp-content\/uploads\/2026\/02\/phildar-chic-5-768x952.jpg 768w, https:\/\/siulubangos.lt\/wp-content\/uploads\/2026\/02\/phildar-chic-5-600x744.jpg 600w, https:\/\/siulubangos.lt\/wp-content\/uploads\/2026\/02\/phildar-chic-5-150x186.jpg 150w\" sizes=\"auto, (max-width: 371px) 100vw, 371px\" \/><\/a> <a href=\"https:\/\/siulubangos.lt\/wp-content\/uploads\/2026\/02\/phildar-chic-3.jpg\"><img loading=\"lazy\" decoding=\"async\" class=\"alignnone wp-image-38130\" src=\"https:\/\/siulubangos.lt\/wp-content\/uploads\/2026\/02\/phildar-chic-3.jpg\" alt=\"\" width=\"371\" height=\"460\" title=\"\" srcset=\"https:\/\/siulubangos.lt\/wp-content\/uploads\/2026\/02\/phildar-chic-3.jpg 1200w, https:\/\/siulubangos.lt\/wp-content\/uploads\/2026\/02\/phildar-chic-3-242x300.jpg 242w, https:\/\/siulubangos.lt\/wp-content\/uploads\/2026\/02\/phildar-chic-3-645x800.jpg 645w, https:\/\/siulubangos.lt\/wp-content\/uploads\/2026\/02\/phildar-chic-3-768x952.jpg 768w, https:\/\/siulubangos.lt\/wp-content\/uploads\/2026\/02\/phildar-chic-3-600x744.jpg 600w, https:\/\/siulubangos.lt\/wp-content\/uploads\/2026\/02\/phildar-chic-3-150x186.jpg 150w\" sizes=\"auto, (max-width: 371px) 100vw, 371px\" \/><\/a> <a href=\"https:\/\/siulubangos.lt\/wp-content\/uploads\/2026\/02\/phildar-chic-2.jpg\"><img loading=\"lazy\" decoding=\"async\" class=\"alignnone wp-image-38129\" src=\"https:\/\/siulubangos.lt\/wp-content\/uploads\/2026\/02\/phildar-chic-2.jpg\" alt=\"\" width=\"371\" height=\"460\" title=\"\" srcset=\"https:\/\/siulubangos.lt\/wp-content\/uploads\/2026\/02\/phildar-chic-2.jpg 1200w, https:\/\/siulubangos.lt\/wp-content\/uploads\/2026\/02\/phildar-chic-2-242x300.jpg 242w, https:\/\/siulubangos.lt\/wp-content\/uploads\/2026\/02\/phildar-chic-2-646x800.jpg 646w, https:\/\/siulubangos.lt\/wp-content\/uploads\/2026\/02\/phildar-chic-2-768x952.jpg 768w, https:\/\/siulubangos.lt\/wp-content\/uploads\/2026\/02\/phildar-chic-2-600x744.jpg 600w, https:\/\/siulubangos.lt\/wp-content\/uploads\/2026\/02\/phildar-chic-2-150x186.jpg 150w\" sizes=\"auto, (max-width: 371px) 100vw, 371px\" \/><\/a> <a href=\"https:\/\/siulubangos.lt\/wp-content\/uploads\/2026\/02\/phildar-chic-4.jpg\"><img loading=\"lazy\" decoding=\"async\" class=\"alignnone wp-image-38131\" src=\"https:\/\/siulubangos.lt\/wp-content\/uploads\/2026\/02\/phildar-chic-4.jpg\" alt=\"\" width=\"371\" height=\"460\" title=\"\" srcset=\"https:\/\/siulubangos.lt\/wp-content\/uploads\/2026\/02\/phildar-chic-4.jpg 1200w, https:\/\/siulubangos.lt\/wp-content\/uploads\/2026\/02\/phildar-chic-4-242x300.jpg 242w, https:\/\/siulubangos.lt\/wp-content\/uploads\/2026\/02\/phildar-chic-4-645x800.jpg 645w, https:\/\/siulubangos.lt\/wp-content\/uploads\/2026\/02\/phildar-chic-4-768x952.jpg 768w, https:\/\/siulubangos.lt\/wp-content\/uploads\/2026\/02\/phildar-chic-4-600x744.jpg 600w, https:\/\/siulubangos.lt\/wp-content\/uploads\/2026\/02\/phildar-chic-4-150x186.jpg 150w\" sizes=\"auto, (max-width: 371px) 100vw, 371px\" \/><\/a><\/p>\n<p>Phildar PHIL CHIC ir augst\u0101k\u0101s kvalit\u0101tes it\u0101\u013cu dzija, kas paredz\u0113ta tiem, kuri nov\u0113rt\u0113 \u201dp\u016bkainu\u201d, apjom\u012bgu izskatu, bet v\u0113las izvair\u012bties no smagiem ad\u012bjumiem. \u0160\u012bs dzijas nosl\u0113pums ir \u012bpa\u0161a ra\u017eo\u0161anas tehnolo\u0123ija, kur\u0101 greznas moh\u0113ras un vilnas \u0161\u0137iedras tiek ieaustas viegl\u0101 sieti\u0146\u0101, radot \u012bpa\u0161u p\u016bkain\u012bbu.<\/p>\n<h3>K\u0101p\u0113c izv\u0113l\u0113ties \u0161o dziju?<\/h3>\n<ul>\n<li>Augsts sast\u0101vs: augsts moh\u0113ras (kazl\u0113nu moh\u0113ras) un vilnas \u012bpatsvars, kas nodro\u0161ina dabisku siltumu un greznu izskatu.<\/li>\n<li>Formas saglab\u0101\u0161ana: auduma sast\u0101v\u0101 eso\u0161ais elast\u0101ns ne\u013cauj ad\u012bjumam izstiepties - ap\u0123\u0113rbs saglab\u0101 savu s\u0101kotn\u0113jo siluetu pat p\u0113c ilgas valk\u0101\u0161anas.<\/li>\n<li>Efektivit\u0101te: lai gan dzija ir smalka, ieteikt\u0101s 6 mm spol\u012btes \u013cauj \u0101tri ad\u012bt ar stil\u012bgu un modernu rezult\u0101tu.<\/li>\n<li>Zemas izmaksas: \u0161\u012b ir viena no ekonomisk\u0101kaj\u0101m dzij\u0101m - vid\u0113jam sievie\u0161u d\u017eemperim (38\/M izm\u0113rs) nepiecie\u0161ami tikai 8 bumbi\u0146as.<\/li>\n<\/ul>","protected":false},"excerpt":{"rendered":"<p>Phildar PHIL CHIC ir grezna it\u0101\u013cu \u201dp\u016bkain\u0101\u201d dzija ar moh\u0113ru un vilnu. \u0100rk\u0101rt\u012bgi viegla, silta un saglab\u0101 formu. Pateicoties lielajam garumam, t\u0101 ir \u013coti ekonomiska izv\u0113le: ir nepiecie\u0161amas tikai 8 bumbi\u0146as, lai uzad\u012btu stil\u012bgu d\u017eemperi M izm\u0113r\u0101.<\/p>","protected":false},"featured_media":38142,"comment_status":"open","ping_status":"closed","template":"","meta":{"_acf_changed":false},"product_brand":[1887],"product_cat":[58,428,496,418,453,1893,1110,492,429,445],"product_tag":[1859],"class_list":{"0":"post-37966","1":"product","2":"type-product","3":"status-publish","4":"has-post-thumbnail","6":"product_brand-phildar","7":"product_cat-siulai-mezgimui","8":"product_cat-gamintojas","9":"product_cat-isskirtiniai-teksturiniai-siulai","10":"product_cat-moheros-siulai","11":"product_cat-nuolaidos","12":"product_cat-phildar-siulai","13":"product_cat-poliamidas","14":"product_cat-prabangus-siulai","15":"product_cat-sudetis","16":"product_cat-vilnos-siulai","17":"product_tag-phildar","18":"pa_spalva-phildar-chic-anemone","19":"pa_spalva-phildar-chic-bleuet","20":"pa_spalva-phildar-chic-blueberry","21":"pa_spalva-phildar-chic-craie","22":"pa_spalva-phildar-chic-gris-chine","23":"pa_spalva-phildar-chic-iceberg","24":"pa_spalva-phildar-chic-lilas","25":"pa_spalva-phildar-chic-noir","26":"pa_svoris-ilgis-25-g-132-m","28":"first","29":"instock","30":"sale","31":"taxable","32":"shipping-taxable","33":"purchasable","34":"product-type-variable"},"acf":[],"_links":{"self":[{"href":"https:\/\/siulubangos.lt\/lv\/wp-json\/wp\/v2\/product\/37966","targetHints":{"allow":["GET"]}}],"collection":[{"href":"https:\/\/siulubangos.lt\/lv\/wp-json\/wp\/v2\/product"}],"about":[{"href":"https:\/\/siulubangos.lt\/lv\/wp-json\/wp\/v2\/types\/product"}],"replies":[{"embeddable":true,"href":"https:\/\/siulubangos.lt\/lv\/wp-json\/wp\/v2\/comments?post=37966"}],"version-history":[{"count":0,"href":"https:\/\/siulubangos.lt\/lv\/wp-json\/wp\/v2\/product\/37966\/revisions"}],"wp:featuredmedia":[{"embeddable":true,"href":"https:\/\/siulubangos.lt\/lv\/wp-json\/wp\/v2\/media\/38142"}],"wp:attachment":[{"href":"https:\/\/siulubangos.lt\/lv\/wp-json\/wp\/v2\/media?parent=37966"}],"wp:term":[{"taxonomy":"product_brand","embeddable":true,"href":"https:\/\/siulubangos.lt\/lv\/wp-json\/wp\/v2\/product_brand?post=37966"},{"taxonomy":"product_cat","embeddable":true,"href":"https:\/\/siulubangos.lt\/lv\/wp-json\/wp\/v2\/product_cat?post=37966"},{"taxonomy":"product_tag","embeddable":true,"href":"https:\/\/siulubangos.lt\/lv\/wp-json\/wp\/v2\/product_tag?post=37966"}],"curies":[{"name":"wp","href":"https:\/\/api.w.org\/{rel}","templated":true}]}}